{"id":11618,"date":"2019-09-16T19:40:16","date_gmt":"2019-09-16T17:40:16","guid":{"rendered":"http:\/\/www.foolography.com\/home\/"},"modified":"2022-01-13T17:37:18","modified_gmt":"2022-01-13T16:37:18","slug":"home","status":"publish","type":"page","link":"https:\/\/www.foolography.com\/de\/","title":{"rendered":"Home"},"content":{"rendered":"<section class=\"section-splash section-fullscreen-height\">\r\n <article class=\"grid-full section-fullscreen-height raster vc\">\r\n <h1 class=\"headline\">\r\n<img decoding=\"async\" src=\"\/wp-content\/uploads\/foolography.svg\" alt=\"foolography\" class=\"aligncenter size-full wp-image-3105\" \/>\r\n <\/h1>\r\n<h2 class=\"subtitle\">Smartes Kamerazubeh\u00f6r<\/h2>\r\n<\/article>\r\n<video class=\"bg-video-cover bg-attach-bottom\" preload=\"auto\" autoplay loop muted playsinline webkit-playsinline poster=\"\/wp-content\/uploads\/agger720x480-poster.jpg\">\r\n  <source src=\"\/wp-content\/uploads\/agger720x480.mp4\" type=\"video\/mp4\">\r\n  <source src=\"\/wp-content\/uploads\/agger720x480.webm\" type=\"video\/webm\">\r\n  <source src=\"\/wp-content\/uploads\/agger720x480.ogv\" type=\"video\/ogg\">\r\n<img decoding=\"async\" class=\"video-background-fallback\" src=\"\/wp-content\/uploads\/agger720x480-poster.jpg\" alt=\"Zeitraffer einer Kamera die ein Zeitraffer an der Agger aufnimmt\" \/>\r\n<\/video>\r\n <div id=\"splash-arrow\" class=\"splash-arrow\">\r\n  <svg class=\"splash-down-arrow\" version=\"1.1\" xmlns=\"http:\/\/www.w3.org\/2000\/svg\" xmlns:xlink=\"http:\/\/www.w3.org\/1999\/xlink\" x=\"0px\" y=\"0px\" width=\"64px\" height=\"28px\" viewBox=\"0 0 64 28\" enable-background=\"new 0 0 64 28\" xml:space=\"preserve\">\r\n   <polyline fill=\"none\" stroke=\"#ffb600\" stroke-width=\"2\" stroke-miterlimit=\"10\" points=\"63,2 32,24 1,2 \"><\/polyline>\r\n  <\/svg>\r\n <\/div>\r\n<\/section>\r\n\r\n<section class=\"landing-section section-quarter-height image-tiles\">\r\n<div class=\"tile reveal\">\r\n<img decoding=\"async\" src=\"\/wp-content\/uploads\/dpreview.png\" alt=\"dpreview\"\/>\r\n<\/div>\r\n<div class=\"tile reveal\">\r\n<img decoding=\"async\" src=\"\/wp-content\/uploads\/fotogamazin.png\" alt=\"fotomagazin\"\/>\r\n<\/div>\r\n<div class=\"tile reveal\">\r\n<img decoding=\"async\" src=\"\/wp-content\/uploads\/techcrunch.png\" alt=\"techcrunch\"\/>\r\n<\/div>\r\n<div class=\"tile reveal\">\r\n<img decoding=\"async\" src=\"\/wp-content\/uploads\/engadget.png\" alt=\"engadget\"\/>\r\n<\/div>\r\n<div class=\"tile reveal\">\r\n<img decoding=\"async\" src=\"\/wp-content\/uploads\/imaging-resource.png\" alt=\"imaging resource\"\/>\r\n<\/div>\r\n<div class=\"tile reveal\">\r\n<img decoding=\"async\" src=\"\/wp-content\/uploads\/wired.png\" alt=\"wired\"\/>\r\n<\/div>\r\n<\/section>\r\n\r\n<section class=\"landing-section section-full-height landing-section--alt landing-section__tiles\">\r\n  <h2 class=\"landing-section__title\">Unsere Produkte<\/h2>\r\n  <div class=\"section-full-height landing-section__tiles__wrapper\" style=\"background-image: url('\/wp-content\/uploads\/Unleashed-Smart-Camera-Control-by-Foolography.jpg'); background-repeat: no-repeat; background-size: cover; background-position: center center\">\r\n    <div class=\"hspacer grid grid-half\"><\/div>\r\n    <article class=\"grid grid-half section-full-height vc text-center reveal-50\">\r\n      <h3 class=\"product-heading__unleashed\">UNLEASHED<\/h3>\r\n      <h4>Smarte Kamera Fernsteuerung f\u00fcr Canon und Nikon<\/h4>\r\n      <p>Ein winziges Bluetooth Modul mit App, vollgepackt mit Funktionen: Fernsteuerung der DSLR vom Smartphone, stundenlange Langzeitbelichtungen, atemberaubende Zeitraffer , direktes Geotagging direkt in der Kamera und vieles mehr.<\/p>\r\n\t  <p><a href=\"produkte\/unleashed\" class=\"learn-more\">Mehr erfahren<\/a>\u00a0\u00a0\u00a0\u00a0\u00a0\u00a0\u00a0\u00a0<a href=\"https:\/\/www.foolography.com\/de\/produkte\/unleashed\/\" class=\"learn-more\">Kaufen<\/a><\/p> \r\n    <\/article>\r\n  <\/div>\r\n  <div class=\"section-full-height bg-light\">\r\n\t<article class=\"grid grid-half section-full-height bg-light vc text-center reveal-50\">\r\n\t<h3 class=\"product-heading__barcode-edition\">ENTAGGED<\/h3>\r\n\t<h4>Revolution f\u00fcr Massenfotografie<\/h4>\r\n\t<p>Zeit und Geld sparen: Komplette Automatisierung des Fotografie-Workflows mit Barcode oder RFID Tagging. Ein Barcode oder RFID wird in den Metadaten der Fotos gespeichert und kann somit die Verbindung von Foto mit Personen oder Produktinfos automatisch herstellen.<\/p>\r\n\t<p><a href=\"https:\/\/www.foolography.com\/de\/produkte\/entagged\/\" class=\"learn-more\">Mehr erfahren<\/a>\u00a0\u00a0\u00a0\u00a0\u00a0\u00a0\u00a0\u00a0<a href=\"https:\/\/www.foolography.com\/de\/produkte\/entagged\/\" class=\"learn-more\">Kaufen<\/a><\/p> \r\n\t<\/article>\r\n\t<div class=\"grid grid-half bg-image section-full-height bg-light\" style=\"background-image: url('\/wp-content\/uploads\/barcode_edition.jpg'); background-position: center bottom;\"><\/div>\r\n  <\/div>\r\n<\/section>\r\n\r\n<section class=\"landing-section section-full-height landing-section--bordered\">\r\n  <article class=\"grid grid-full section-quarter-height vc text-center\">\r\n  <h2 class=\"landing-section__title reveal\">Made in Germany<\/h2>\r\n\t<p class=\"landing-section--condensed reveal-60\">Wir bauen Kamerazubeh\u00f6r um das Leben von Fotografen einfacher zu machen. Qualit\u00e4t ist uns unglaublich wichtig, und wir sind stolz darauf, dass all unserer Produkte in Deutschland entwickelt, hergestellt und getestet werden.<\/p>\r\n\t<img decoding=\"async\" src=\"\/wp-content\/uploads\/map-madeingermany.svg\">\r\n  <\/article>\r\n<\/section>\r\n\r\n<section class=\"landing-section section-quarter-height landing-section--bordered landing-section--alt\">\r\n  <article class=\"section-quarter-height grid grid-full\">\r\n  <h2 class=\"landing-section__title\">Von unserem Blog<\/h2>\r\n    \r\n\t<div class=\"post-featured__wrapper reveal\">\n<article class=\"post-featured\">\n    <a class=\"post-featured__link\" href=\"https:\/\/www.foolography.com\/de\/2024\/08\/14\/fotograf-de-uebernimmt-entagged\/\">\n        <div class=\"post-featured__content\">\n            <div class=\"post-featured__tagline\">\n                <h4 class=\"post-featured__tagline__heading\">Fotograf.de \u00fcbernimmt Entagged!<\/h4>\n                <div class=\"post-featured__tagline__excerpt\">\n\t\t\t\t\tWir freuen uns sehr, bekanntzugeben, dass das Entagged von Fotograf.de, der f\u00fchrenden End-to-End-Workflow- und E-Commerce-L\u00f6sung f\u00fcr Fotografen, \u00fcbernommen wurde. Mit&hellip;                <\/div>\n            <\/div>\n            <div class=\"post-featured__image\"\n                 style=\" background-image: url();\"><\/div>\n        <\/div>\n        <div class=\"post-featured__footer\">\n            <span class=\"post-featured__date\">August 14, 2024<\/span>\n            <span class=\"post-featured__read-more\">Lesen<\/span>\n        <\/div>\n    <\/a>\n<\/article>\n\n<article class=\"post-featured\">\n    <a class=\"post-featured__link\" href=\"https:\/\/www.foolography.com\/de\/2021\/11\/30\/motion-controllers-black-forest-motion-and-syrp\/\">\n        <div class=\"post-featured__content\">\n            <div class=\"post-featured__tagline\">\n                <h4 class=\"post-featured__tagline__heading\">Motion Controller &#8211; Black Forest Motion und Syrp<\/h4>\n                <div class=\"post-featured__tagline__excerpt\">\n\t\t\t\t\tViele von euch haben uns \u00fcber Motion Controller gefragt, also haben wir da noch ein wenig M\u00fche reingesteckt um heute&hellip;                <\/div>\n            <\/div>\n            <div class=\"post-featured__image\"\n                 style=\" background-image: url(https:\/\/www.foolography.com\/wp-content\/uploads\/Motioncontrol-sync-600x338.jpg);\"><\/div>\n        <\/div>\n        <div class=\"post-featured__footer\">\n            <span class=\"post-featured__date\">November 30, 2021<\/span>\n            <span class=\"post-featured__read-more\">Lesen<\/span>\n        <\/div>\n    <\/a>\n<\/article>\n\n<article class=\"post-featured\">\n    <a class=\"post-featured__link\" href=\"https:\/\/www.foolography.com\/de\/2021\/11\/15\/technischer-tiefgang\/\">\n        <div class=\"post-featured__content\">\n            <div class=\"post-featured__tagline\">\n                <h4 class=\"post-featured__tagline__heading\">Technischer Tiefgang<\/h4>\n                <div class=\"post-featured__tagline__excerpt\">\n\t\t\t\t\tViele Leute haben uns gefragt, was das Besondere an unserem Unleashed ist. Man sagt, dass der Teufel im Detail steckt,&hellip;                <\/div>\n            <\/div>\n            <div class=\"post-featured__image\"\n                 style=\" background-image: url();\"><\/div>\n        <\/div>\n        <div class=\"post-featured__footer\">\n            <span class=\"post-featured__date\">November 15, 2021<\/span>\n            <span class=\"post-featured__read-more\">Lesen<\/span>\n        <\/div>\n    <\/a>\n<\/article>\n<\/div>\r\n\t\r\n  <\/article>\r\n  <p class=\"text-center\"><a href=\"https:\/\/www.foolography.com\/de\/blog\/\" class=\"learn-more\">Alle ansehen<\/a><\/p>\r\n<\/section>","protected":false},"excerpt":{"rendered":"Smartes Kamerazubeh\u00f6r Unsere Produkte UNLEASHED Smarte Kamera Fernsteuerung f\u00fcr Canon und Nikon Ein winziges Bluetooth Modul mit App, vollgepackt mit Funktionen: Fernsteuerung der DSLR vom Smartphone, stundenlange Langzeitbelichtungen, atemberaubende Zeitraffer , direktes Geotagging direkt in der Kamera und vieles mehr. Mehr erfahren\u00a0\u00a0\u00a0\u00a0\u00a0\u00a0\u00a0\u00a0Kaufen ENTAGGED Revolution f\u00fcr Massenfotografie Zeit und Geld sparen: Komplette Automatisierung des Fotografie-Workflows mit [&hellip;]","protected":false},"author":1,"featured_media":0,"parent":0,"menu_order":0,"comment_status":"closed","ping_status":"closed","template":"template-fullwidth.php","meta":{"footnotes":""},"yoast_head":"<!-- This site is optimized with the Yoast SEO plugin v22.8 - https:\/\/yoast.com\/wordpress\/plugins\/seo\/ -->\n<title>Smartes Kamerazubeh\u00f6r von Foolography.<\/title>\n<meta name=\"description\" content=\"Wir entwickeln hochwertiges, fortschrittliches Kamerazubeh\u00f6r. Workflow-Automatisierung, Zeitraffer, Langzeitbelichtung, Geotagging und mehr. Erfahre, wie unsere Produkte Dir helfen k\u00f6nnen.\" \/>\n<meta name=\"robots\" content=\"index, follow, max-snippet:-1, max-image-preview:large, max-video-preview:-1\" \/>\n<link rel=\"canonical\" href=\"https:\/\/www.foolography.com\/de\/\" \/>\n<meta property=\"og:locale\" content=\"de_DE\" \/>\n<meta property=\"og:type\" content=\"article\" \/>\n<meta property=\"og:title\" content=\"Smartes Kamerazubeh\u00f6r von Foolography.\" \/>\n<meta property=\"og:description\" content=\"Wir entwickeln hochwertiges, fortschrittliches Kamerazubeh\u00f6r. Workflow-Automatisierung, Zeitraffer, Langzeitbelichtung, Geotagging und mehr. Erfahre, wie unsere Produkte Dir helfen k\u00f6nnen.\" \/>\n<meta property=\"og:url\" content=\"https:\/\/www.foolography.com\/de\/\" \/>\n<meta property=\"og:site_name\" content=\"foolography\" \/>\n<meta property=\"article:publisher\" content=\"https:\/\/facebook.com\/foolography\" \/>\n<meta property=\"article:modified_time\" content=\"2022-01-13T16:37:18+00:00\" \/>\n<meta property=\"og:image\" content=\"https:\/\/www.foolography.com\/wp-content\/uploads\/foolography.svg\" \/>\n<meta name=\"twitter:card\" content=\"summary_large_image\" \/>\n<meta name=\"twitter:site\" content=\"@foolography\" \/>\n<meta name=\"twitter:label1\" content=\"Est. reading time\" \/>\n\t<meta name=\"twitter:data1\" content=\"1 Minute\" \/>\n<!-- \/ Yoast SEO plugin. -->","yoast_head_json":{"title":"Smartes Kamerazubeh\u00f6r von Foolography.","description":"Wir entwickeln hochwertiges, fortschrittliches Kamerazubeh\u00f6r. Workflow-Automatisierung, Zeitraffer, Langzeitbelichtung, Geotagging und mehr. Erfahre, wie unsere Produkte Dir helfen k\u00f6nnen.","robots":{"index":"index","follow":"follow","max-snippet":"max-snippet:-1","max-image-preview":"max-image-preview:large","max-video-preview":"max-video-preview:-1"},"canonical":"https:\/\/www.foolography.com\/de\/","og_locale":"de_DE","og_type":"article","og_title":"Smartes Kamerazubeh\u00f6r von Foolography.","og_description":"Wir entwickeln hochwertiges, fortschrittliches Kamerazubeh\u00f6r. Workflow-Automatisierung, Zeitraffer, Langzeitbelichtung, Geotagging und mehr. Erfahre, wie unsere Produkte Dir helfen k\u00f6nnen.","og_url":"https:\/\/www.foolography.com\/de\/","og_site_name":"foolography","article_publisher":"https:\/\/facebook.com\/foolography","article_modified_time":"2022-01-13T16:37:18+00:00","og_image":[{"url":"https:\/\/www.foolography.com\/wp-content\/uploads\/foolography.svg"}],"twitter_card":"summary_large_image","twitter_site":"@foolography","twitter_misc":{"Est. reading time":"1 Minute"},"schema":{"@context":"https:\/\/schema.org","@graph":[{"@type":"WebPage","@id":"https:\/\/www.foolography.com\/de\/","url":"https:\/\/www.foolography.com\/de\/","name":"Smartes Kamerazubeh\u00f6r von Foolography.","isPartOf":{"@id":"https:\/\/www.foolography.com\/#website"},"datePublished":"2019-09-16T17:40:16+00:00","dateModified":"2022-01-13T16:37:18+00:00","description":"Wir entwickeln hochwertiges, fortschrittliches Kamerazubeh\u00f6r. Workflow-Automatisierung, Zeitraffer, Langzeitbelichtung, Geotagging und mehr. Erfahre, wie unsere Produkte Dir helfen k\u00f6nnen.","breadcrumb":{"@id":"https:\/\/www.foolography.com\/de\/#breadcrumb"},"inLanguage":"de-DE","potentialAction":[{"@type":"ReadAction","target":["https:\/\/www.foolography.com\/de\/"]}]},{"@type":"BreadcrumbList","@id":"https:\/\/www.foolography.com\/de\/#breadcrumb","itemListElement":[{"@type":"ListItem","position":1,"name":"Home","item":"https:\/\/www.foolography.com\/de\/"},{"@type":"ListItem","position":2,"name":"Home"}]},{"@type":"WebSite","@id":"https:\/\/www.foolography.com\/#website","url":"https:\/\/www.foolography.com\/","name":"foolography","description":"Smartes Kamerazubeh\u00f6r","publisher":{"@id":"https:\/\/www.foolography.com\/#organization"},"potentialAction":[{"@type":"SearchAction","target":{"@type":"EntryPoint","urlTemplate":"https:\/\/www.foolography.com\/?s={search_term_string}"},"query-input":"required name=search_term_string"}],"inLanguage":"de-DE"},{"@type":"Organization","@id":"https:\/\/www.foolography.com\/#organization","name":"Foolography","url":"https:\/\/www.foolography.com\/","logo":{"@type":"ImageObject","inLanguage":"de-DE","@id":"https:\/\/www.foolography.com\/#\/schema\/logo\/image\/","url":"https:\/\/www.foolography.com\/wp-content\/uploads\/favicon.png","contentUrl":"https:\/\/www.foolography.com\/wp-content\/uploads\/favicon.png","width":513,"height":512,"caption":"Foolography"},"image":{"@id":"https:\/\/www.foolography.com\/#\/schema\/logo\/image\/"},"sameAs":["https:\/\/facebook.com\/foolography","https:\/\/x.com\/foolography","https:\/\/www.instagram.com\/foolography\/","https:\/\/www.youtube.com\/user\/foolography"]}]}},"_links":{"self":[{"href":"https:\/\/www.foolography.com\/de\/wp-json\/wp\/v2\/pages\/11618"}],"collection":[{"href":"https:\/\/www.foolography.com\/de\/wp-json\/wp\/v2\/pages"}],"about":[{"href":"https:\/\/www.foolography.com\/de\/wp-json\/wp\/v2\/types\/page"}],"author":[{"embeddable":true,"href":"https:\/\/www.foolography.com\/de\/wp-json\/wp\/v2\/users\/1"}],"replies":[{"embeddable":true,"href":"https:\/\/www.foolography.com\/de\/wp-json\/wp\/v2\/comments?post=11618"}],"version-history":[{"count":6,"href":"https:\/\/www.foolography.com\/de\/wp-json\/wp\/v2\/pages\/11618\/revisions"}],"predecessor-version":[{"id":30425,"href":"https:\/\/www.foolography.com\/de\/wp-json\/wp\/v2\/pages\/11618\/revisions\/30425"}],"wp:attachment":[{"href":"https:\/\/www.foolography.com\/de\/wp-json\/wp\/v2\/media?parent=11618"}],"curies":[{"name":"wp","href":"https:\/\/api.w.org\/{rel}","templated":true}]}}