{"id":11639,"date":"2019-09-17T00:55:37","date_gmt":"2019-09-16T22:55:37","guid":{"rendered":"http:\/\/www.foolography.com\/unleashed\/kompatibilitaet\/"},"modified":"2024-03-01T14:16:46","modified_gmt":"2024-03-01T13:16:46","slug":"kompatibilitaet","status":"publish","type":"page","link":"https:\/\/www.foolography.com\/de\/produkte\/unleashed\/kompatibilitaet\/","title":{"rendered":"Kompatibilit\u00e4t"},"content":{"rendered":"<h2 class=\"landing-section__title landing-section__title--gradient\">Kompatibilit\u00e4tsliste<\/h2>\r\n<div id=\"wcfct_compatibility_table\" data-compat-product=\"unleashed-22\"><\/div>\r\n\r\n<\/section>\r\n\r\n<!-- Get Unleashed -->\r\n<section class=\"landing-section section-quarter-height\">\r\n  <article class=\"grid grid-full section-quarter-height vc overlay-transparent overlay-mobile-opaque reveal\">\r\n\t  <p class=\"buy-button\"><a href=\"https:\/\/www.foolography.com\/de\/shop\/produkt\/unleashed-22\/\">Hol dir dein Unleashed<\/a><\/p>\r\n  <\/article>\r\n\r\n<\/section>\r\n\r\n<!--url=\"https:\/\/www.indiegogo.com\/projects\/unleashed-22-timelapse-longexposure-geotagging\/?utm_source=foolography&utm_medium=weblink&utm_campaign=en_cta-->\r\n\r\n<section class=\"landing-section section-half-height\">\r\n  <article class=\"grid grid-full section-half-height vc reveal\">\r\n\t  <p>Weitere Information zu den verschiedenen Modellen, Einschr\u00e4nkungen und wie man verschiedene Unleashed, Kabel und Stecker miteinander verwenden kann um mit mehr Kameras kompatibel zu sein, gibt es in <a href=\"https:\/\/www.foolography.com\/de\/faqs\/unleasheds-kabel-stecker-auswaehlen\/\">diesem FAQ<\/a>. Mehr Informationen dazu warum manche Kameras inkompatibel sind, gibt es in <a href=\"https:\/\/www.foolography.com\/de\/faqs\/warum-sind-manche-kameras-nicht-kompatibel-mit-dem-unleashed\/\" rel=\"noopener\" target=\"_blank\">diesem FAQ<\/a>. <\/p>\r\n\r\n  <\/article>\r\n\r\n\r\n","protected":false},"excerpt":{"rendered":"Kompatibilit\u00e4tsliste Hol dir dein Unleashed Weitere Information zu den verschiedenen Modellen, Einschr\u00e4nkungen und wie man verschiedene Unleashed, Kabel und Stecker miteinander verwenden kann um mit mehr Kameras kompatibel zu sein, gibt es in diesem FAQ. Mehr Informationen dazu warum manche Kameras inkompatibel sind, gibt es in diesem FAQ.","protected":false},"author":7,"featured_media":0,"parent":11634,"menu_order":5,"comment_status":"closed","ping_status":"closed","template":"template-nosidebar.php","meta":{"footnotes":""},"yoast_head":"<!-- This site is optimized with the Yoast SEO plugin v22.8 - https:\/\/yoast.com\/wordpress\/plugins\/seo\/ -->\n<title>Kompatibilit\u00e4t &#187; foolography<\/title>\n<meta name=\"robots\" content=\"index, follow, max-snippet:-1, max-image-preview:large, max-video-preview:-1\" \/>\n<link rel=\"canonical\" href=\"https:\/\/www.foolography.com\/de\/produkte\/unleashed\/kompatibilitaet\/\" \/>\n<meta property=\"og:locale\" content=\"de_DE\" \/>\n<meta property=\"og:type\" content=\"article\" \/>\n<meta property=\"og:title\" content=\"Kompatibilit\u00e4t &#187; foolography\" \/>\n<meta property=\"og:description\" content=\"Kompatibilit\u00e4tsliste Hol dir dein Unleashed Weitere Information zu den verschiedenen Modellen, Einschr\u00e4nkungen und wie man verschiedene Unleashed, Kabel und Stecker miteinander verwenden kann um mit mehr Kameras kompatibel zu sein, gibt es in diesem FAQ. Mehr Informationen dazu warum manche Kameras inkompatibel sind, gibt es in diesem FAQ.\" \/>\n<meta property=\"og:url\" content=\"https:\/\/www.foolography.com\/de\/produkte\/unleashed\/kompatibilitaet\/\" \/>\n<meta property=\"og:site_name\" content=\"foolography\" \/>\n<meta property=\"article:publisher\" content=\"https:\/\/facebook.com\/foolography\" \/>\n<meta property=\"article:modified_time\" content=\"2024-03-01T13:16:46+00:00\" \/>\n<meta name=\"twitter:card\" content=\"summary_large_image\" \/>\n<meta name=\"twitter:site\" content=\"@foolography\" \/>\n<meta name=\"twitter:label1\" content=\"Est. reading time\" \/>\n\t<meta name=\"twitter:data1\" content=\"1 Minute\" \/>\n<!-- \/ Yoast SEO plugin. -->","yoast_head_json":{"title":"Kompatibilit\u00e4t &#187; foolography","robots":{"index":"index","follow":"follow","max-snippet":"max-snippet:-1","max-image-preview":"max-image-preview:large","max-video-preview":"max-video-preview:-1"},"canonical":"https:\/\/www.foolography.com\/de\/produkte\/unleashed\/kompatibilitaet\/","og_locale":"de_DE","og_type":"article","og_title":"Kompatibilit\u00e4t &#187; foolography","og_description":"Kompatibilit\u00e4tsliste Hol dir dein Unleashed Weitere Information zu den verschiedenen Modellen, Einschr\u00e4nkungen und wie man verschiedene Unleashed, Kabel und Stecker miteinander verwenden kann um mit mehr Kameras kompatibel zu sein, gibt es in diesem FAQ. Mehr Informationen dazu warum manche Kameras inkompatibel sind, gibt es in diesem FAQ.","og_url":"https:\/\/www.foolography.com\/de\/produkte\/unleashed\/kompatibilitaet\/","og_site_name":"foolography","article_publisher":"https:\/\/facebook.com\/foolography","article_modified_time":"2024-03-01T13:16:46+00:00","twitter_card":"summary_large_image","twitter_site":"@foolography","twitter_misc":{"Est. reading time":"1 Minute"},"schema":{"@context":"https:\/\/schema.org","@graph":[{"@type":"WebPage","@id":"https:\/\/www.foolography.com\/de\/produkte\/unleashed\/kompatibilitaet\/","url":"https:\/\/www.foolography.com\/de\/produkte\/unleashed\/kompatibilitaet\/","name":"Kompatibilit\u00e4t &#187; foolography","isPartOf":{"@id":"https:\/\/www.foolography.com\/#website"},"datePublished":"2019-09-16T22:55:37+00:00","dateModified":"2024-03-01T13:16:46+00:00","breadcrumb":{"@id":"https:\/\/www.foolography.com\/de\/produkte\/unleashed\/kompatibilitaet\/#breadcrumb"},"inLanguage":"de-DE","potentialAction":[{"@type":"ReadAction","target":["https:\/\/www.foolography.com\/de\/produkte\/unleashed\/kompatibilitaet\/"]}]},{"@type":"BreadcrumbList","@id":"https:\/\/www.foolography.com\/de\/produkte\/unleashed\/kompatibilitaet\/#breadcrumb","itemListElement":[{"@type":"ListItem","position":1,"name":"Home","item":"https:\/\/www.foolography.com\/de\/"},{"@type":"ListItem","position":2,"name":"Produkte","item":"https:\/\/www.foolography.com\/de\/produkte\/"},{"@type":"ListItem","position":3,"name":"Unleashed","item":"https:\/\/www.foolography.com\/products\/unleashed\/"},{"@type":"ListItem","position":4,"name":"Kompatibilit\u00e4t"}]},{"@type":"WebSite","@id":"https:\/\/www.foolography.com\/#website","url":"https:\/\/www.foolography.com\/","name":"foolography","description":"Smartes Kamerazubeh\u00f6r","publisher":{"@id":"https:\/\/www.foolography.com\/#organization"},"potentialAction":[{"@type":"SearchAction","target":{"@type":"EntryPoint","urlTemplate":"https:\/\/www.foolography.com\/?s={search_term_string}"},"query-input":"required name=search_term_string"}],"inLanguage":"de-DE"},{"@type":"Organization","@id":"https:\/\/www.foolography.com\/#organization","name":"Foolography","url":"https:\/\/www.foolography.com\/","logo":{"@type":"ImageObject","inLanguage":"de-DE","@id":"https:\/\/www.foolography.com\/#\/schema\/logo\/image\/","url":"https:\/\/www.foolography.com\/wp-content\/uploads\/favicon.png","contentUrl":"https:\/\/www.foolography.com\/wp-content\/uploads\/favicon.png","width":513,"height":512,"caption":"Foolography"},"image":{"@id":"https:\/\/www.foolography.com\/#\/schema\/logo\/image\/"},"sameAs":["https:\/\/facebook.com\/foolography","https:\/\/x.com\/foolography","https:\/\/www.instagram.com\/foolography\/","https:\/\/www.youtube.com\/user\/foolography"]}]}},"_links":{"self":[{"href":"https:\/\/www.foolography.com\/de\/wp-json\/wp\/v2\/pages\/11639"}],"collection":[{"href":"https:\/\/www.foolography.com\/de\/wp-json\/wp\/v2\/pages"}],"about":[{"href":"https:\/\/www.foolography.com\/de\/wp-json\/wp\/v2\/types\/page"}],"author":[{"embeddable":true,"href":"https:\/\/www.foolography.com\/de\/wp-json\/wp\/v2\/users\/7"}],"replies":[{"embeddable":true,"href":"https:\/\/www.foolography.com\/de\/wp-json\/wp\/v2\/comments?post=11639"}],"version-history":[{"count":31,"href":"https:\/\/www.foolography.com\/de\/wp-json\/wp\/v2\/pages\/11639\/revisions"}],"predecessor-version":[{"id":58420,"href":"https:\/\/www.foolography.com\/de\/wp-json\/wp\/v2\/pages\/11639\/revisions\/58420"}],"up":[{"embeddable":true,"href":"https:\/\/www.foolography.com\/de\/wp-json\/wp\/v2\/pages\/11634"}],"wp:attachment":[{"href":"https:\/\/www.foolography.com\/de\/wp-json\/wp\/v2\/media?parent=11639"}],"curies":[{"name":"wp","href":"https:\/\/api.w.org\/{rel}","templated":true}]}}