{"id":11661,"date":"2019-09-18T23:14:46","date_gmt":"2019-09-18T21:14:46","guid":{"rendered":"http:\/\/www.foolography.com\/produkte\/unleashed\/changelog\/firmware\/"},"modified":"2021-10-24T00:57:22","modified_gmt":"2021-10-23T22:57:22","slug":"firmware","status":"publish","type":"page","link":"https:\/\/www.foolography.com\/de\/produkte\/unleashed\/changelog\/firmware\/","title":{"rendered":"Firmware"},"content":{"rendered":"<section class=\"section-splash section-quarter-height\">\r\n <article class=\"grid-full section-quarter-height header vc\">\r\n  <h1>FIRMWARE CHANGELOG<\/h1>\r\n <\/article>\r\n<\/section>\r\n<p>Hier sind alle \u00c4nderungen die wir in den letzten Firmware Versionen gemacht haben:<\/p>\r\n<ul>\r\n\r\n<li>2021-10-18 A2.0.1 B2.0.0 C2.0.0<ul>\r\n<li>[Hinzugef\u00fcgt] Neue Bluetooth API &#8211; erweiterbar und besser f\u00fcr Android Bluetooth Stack<\/li>\r\n<li>[Hinzugef\u00fcgt] App Zustand API<\/li>\r\n<li>[Hinzugef\u00fcgt] ND Filter Einstellung<\/li>\r\n<li>[Hinzugef\u00fcgt] Autoramping mit emulierter Langzeitbelichtung im Bulb modus<\/li>\r\n<li>[Hinzugef\u00fcgt] Erweiterte Unleashed Einstellungen &#8211; Schlaf modi, timeouts, LED Helligkeit, usw &#8211; von App einstellbar<\/li>\r\n<li>[Hinzugef\u00fcgt] Tiefschlaf Modi inkl. komplettes Ausschalten.<\/li>\r\n<li>[Hinzugef\u00fcgt] Motion control Unterst\u00fctzung for Drittanbieter Zubeh\u00f6r<\/li>\r\n<li>[Hinzugef\u00fcgt] Tag\/Nacht Grenzwerte f\u00fcr Belichtungszeit, Blende und ISO von app in Firmware verlagert<\/li>\r\n<li>[Hinzugef\u00fcgt] Neue Einstellung f\u00fcr Reihenfolge der Werte zu Rampen<\/li>\r\n<li>[Hinzugef\u00fcgt] Langzeitbelichtung AN\/AUS schalten wo m\u00f6glich<\/li>\r\n<li>[Hinzugef\u00fcgt] Automatisches setzen der Langzeitbelichtung auf letzte Belichtungszeit beim AN schalten<\/li>\r\n<li>[Hinzugef\u00fcgt] Unterst\u00fctzung f\u00fcr native Langzeitbelichtungen der Nikon Z Serie<\/li>\r\n<li>[Hinzugef\u00fcgt] GPS modus wechselt automatisch auf Extern nach Pairing eines GPS Empf\u00e4ngers<\/li>\r\n<li>[Hinzugef\u00fcgt] Automatisches ausschalten von Geotagging bei Zeitraffer mit sehr kurzen Intervallen f\u00fcr h\u00f6here Zuverla\u00e4ssigkeit<\/li>\r\n<li>[Hinzugef\u00fcgt] Warnung bei kurzen Intervallen falls die Kamera sie nicht zuverl\u00e4ssig unterst\u00fctzt<\/li>\r\n<li>[Hinzugef\u00fcgt] Speichern der Belichtungswerteverl\u00e4ufe zur Anzeige in App.<\/li>\r\n<li>[Hinzugef\u00fcgt] Namen neuer Kameramodelle<\/li>\r\n<li>[Hinzugef\u00fcgt] Fehlerbehebungsmechanismen<\/li>\r\n<li>[Hinzugef\u00fcgt] Neue APIs f\u00fcr zuk\u00fcnftige App Funktionen<\/li>\r\n<li>[Verbessert] Bluetooth Reaktionsgeschwindigkeit<\/li>\r\n<li>[Verbessert] Interne Kommunikationsgeschwindigkeit deutlich verbessert<\/li>\r\n<li>[Verbessert] Zuverl\u00e4ssigkeit der USB Kommunikation<\/li>\r\n<li>[Verbessert] Kommunikation mit Nikon Kameras ohne USB Kabel<\/li>\r\n<li>[Verbessert] Timelapse und Autoramping komplett \u00fcberbarbeitet<\/li>\r\n<li>[Verbessert] Tap-to-trigger Mechanismus<\/li>\r\n<li>[Verbessert] Bildformat bei Canon Kameras mit mehreren Kartenslots<\/li>\r\n<li>[Verbessert] Drittanbieter-zubeh\u00f6r unerst\u00fctzung<\/li>\r\n<li>[Verbessert] Zubeh\u00f6r Verbindungsgeschwindikeit<\/li>\r\n<li>[Verbessert] \u00dcbertragungsmechanismus f\u00fcr gr\u00f6ssere Datenmengen<\/li>\r\n<li>[Verbessert] Kamera An\/Aus und Belichtungsmesser An\/Aus Erkennung bei Nikon Kameras<\/li>\r\n<li>[Verbessert] LED Sequenzen and Reaktionsgeschwindigkeit<\/li>\r\n<li>[Verbessert] Fehleranzeige unter einigen Randbedingungen<\/li>\r\n<li>[Repariert] USB Initialisierungsschwierigkeiten issues<\/li>\r\n<li>[Repariert] Langsames wieder-verbinden<\/li>\r\n<li>[Repariert] Hoher Stromverbrauch<\/li>\r\n<li>[Repariert] Aufnahme w\u00e4hrend der Bildwiedergabe an Canon Kameras<\/li>\r\n<li>[Repariert] Einige Aufnahmeprobeleme bei Canon Kameras<\/li>\r\n<li>[Repariert] Aufnahmeerkennung hat bei vielen Nikon Kamera nicht funktioniert<\/li>\r\n<li>[Repariert] Intervalometer Aufnahme-probelme<\/li>\r\n<li>[Repariert] Einige Autoramping Probleme<\/li>\r\n<li>[Repariert] Randbedingungen in \u00c4nderung der Einstellungen beim Autoramping<\/li>\r\n<li>[Repariert] Eingeschr\u00e4nktes Autoramping (z.B. mit manuellen Objektiven)<\/li>\r\n<li>[Repariert] Zeitraffer die nach 1 oder 2 Aufnahmen stoppten<\/li>\r\n<li>[Repariert] Zeitrafferanzeige die nicht aktualisiert wurde als Zeitraffer fertig war<\/li>\r\n<li>[Repariert] LRT Algorithmus Autoramping mit Nikon D3100\/D3200<\/li>\r\n<li>[Repariert] Bildvorschau for Nikon D3100\/D3200<\/li>\r\n<li>[Repariert] Miniaturansichten wurden zweimal \u00fcbertragen bei Canon Kameras mit RAW + JPEG<\/li>\r\n<li>[Repariert] Video Trigger wurde nicht aktualisiert beim stoppen einer Aufnahme mit einigen Nikon Kameras<\/li>\r\n<li>[Repariert] Video Probleme mit Nikon Z Serie<\/li>\r\n<li>[Repariert] Video Probleme mit Nikon DSLRs<\/li>\r\n<li>[Repariert] Video Probleme mit Canon Kameras<\/li>\r\n<li>[Repariert] Geotagging videos mit Canon Kameras<\/li>\r\n<li>[Repariert] Flickern zu ISO Auto bei Canon Kameras in manchen Konditionen<\/li>\r\n<li>[Repariert] Belichtungszeit flickerte bei Langzeitbelichtungen wenn Geotagging eingeschaltet war bei Canon cameras<\/li>\r\n<li>[Repariert] Belichtungszeit Schrittgr\u00f6sse bei Canon Kameras<\/li>\r\n<li>[Repariert] Fokus Modus Probleme bei Nikon Kameras mit USB Kabel<\/li>\r\n<li>[Repariert] Belichtungsmesser Probleme bei Canon Kameras<\/li>\r\n<li>[Repariert] Initialisierungswerte bei manchen Einstellungen<\/li>\r\n<li>[Repariert] Fehlerbehbungsmechanismus Probleme<\/li>\r\n<li>[Repariert] Problem dass das Unleashed manchmal dachte Nikon Kamera sei aus wenn sie an ist<\/li>\r\n<li>[Repariert] Schlafmodus klappt manchmal nicht<\/li>\r\n<li>[Repariert] Problem, dass Unleashed im Schlafmodus stecken blieb wenn es 49 Tage ununterbrochen mit Strom versorgt war<\/li>\r\n<li>[Repariert] Fehler dass Zubeh\u00f6r nicht automatisch wieder verbunden wurde nach dem Aufwachen aus dem Schlafmodus<\/li>\r\n<li>[Repariert] Problem bei langen Listen von einstellbaren Werten<\/li>\r\n<li>[Repariert] Protokollprobleme bei neueren Nikon Kameras ohne USB Kabel<\/li>\r\n<li>[Repariert] Bildwiedergabe und Men\u00fcs nicht nutzbar an Z 6 II\/ Z 7 II<\/li>\r\n<li>[Repariert] Falsche Fehlermeldung bei Langzeitbelichtung<\/li>\r\n<li>[Repariert] Belichtungszeite blieb in BULB wenn auf einen anderen Modus gewechselt wurde bei Canon<\/li>\r\n<li>[Repariert] SD Kartenfehler blieb bestehen obwohl SD Karte eingesetzt wurde<\/li>\r\n<li>[Repariert] Falsche verbleibende Anzahl von Fotos bei gestopptem Zeitraffer<\/li>\r\n<li>[Repariert] Problem das Einstellungen nicht aktualisiert wurden wenn sie unbekannt werte enthielten<\/li>\r\n<li>[Repariert] Info dass eine Aufnahme stattfindet fehlte bei einigen Canon Kameras<\/li>\r\n<li>[Repariert] Fehlerbehebungsprobleme<\/li>\r\n<\/ul><\/li>\r\n\r\n\r\n<li>2020-12-18 A1.4.7 B1.4.10 C1.4.2<ul>\r\n<li>[Repariert] Bug wo unter Umst\u00e4nden die falschen Versionnummern angezeigt wurden<\/li>\r\n<\/ul><\/li>\r\n\r\n<li>2020-12-07 A1.4.7 B1.4.10 C1.4.1<ul>\r\n<li>[Repariert] Bug bei der Erkennung der Kameraf\u00e4higkeiten \u00fcber USB wenn die F\u00e4higkeitenliste sehr lang war<\/li>\r\n<li>[Improved] Interne Optimierungen f\u00fcr die Produktion<\/li>\r\n<\/ul><\/li>\r\n\r\n<li>2020-04-17 A1.4.5 B1.4.9 C1.4.0<ul>\r\n<li>[Repariert] \u00c4nderungen an der 760D wurden in der App gar nicht oder als N\/A angezeigt<\/li>\r\n<li>[Repariert] D780 als D6 angezeigt<\/li>\r\n<\/ul><\/li>\r\n\r\n<li>2020-04-09 A1.4.4 B1.4.9 C1.4.0<ul>\r\n<li>[Repariert] Image Review f\u00fcr Nikon D3100\/D3200<\/li>\r\n<li>[Repariert] LRT Autoramping Algorithmen auf Nikon D3100\/D3200<\/li>\r\n<\/ul><\/li>\r\n\r\n<li>2020-03-26 A1.4.3 B1.4.9 C1.4.0<ul>\r\n<li>[Repariert] Intervalometer\/Autoramp h\u00f6rte manchmal auf wenn die App nicht Aktiv blieb<\/li>\r\n<li>[Repariert] LRT Algorithmus h\u00f6rte manchmal auf die Einstellungen zu \u00e4ndern<\/li>\r\n<li>[Repariert] Unleashed ging in Stromsparmodus w\u00e4hrend einer Langzeitbelichtung<\/li>\r\n<li>[Repariert] Einstellungen nicht verf\u00fcgbar w\u00e4hrend einer Langzeitbelightung<\/li>\r\n<li>[Repariert] Ausl\u00f6seprobleme mit manchen Canon Kameras<\/li>\r\n<li>[Repariert] Langzeitbelichtung mit Spiegelvorausl\u00f6sung (Mirror Up)<\/li>\r\n<li>[Hinzugef\u00fcgt] Bei Langzeitbelichtung mit Spiegelvorausl\u00f6sung l\u00f6st das Unleashed nach 25s aus wenn der Nutzer es nicht selbst tut<\/li>\r\n<li>[Hinzugef\u00fcgt] Neue Kameranamen<\/li>\r\n<\/ul><\/li>\r\n\r\n<li>2020-02-24 A1.4.2 B1.4.8 C1.4.0<ul>\r\n<\/li>\r\n<li>[Verbessert] Zeit bis zum Schlafmodus deutlich verl\u00e4ngert f\u00fcr h\u00f6here Benuzerfreundlichkeit<\/li>\r\n<li>[Verbessert] Videoaufnahmemethode bei der Z6\/Z7<\/li>\r\n<li>[Verbessert] Geotagging mit der Z6\/Z7<\/li>\r\n<li>[Hinzugef\u00fcgt] Geotagging f\u00fcr Nikon P7700 und P7800<\/li>\r\n<li>[Hinzugef\u00fcgt] Neue Einstellungswerte f\u00fcr die Z6\/Z7<\/li>\r\n<\/ul><\/li>\r\n\r\n<li>2020-01-18 A1.4.1 B1.4.7 C1.4.0<ul>\r\n<li>[Repariert] L\u00e4ngengrad vom GL-770 hatte O\/W vertauscht<\/li>\r\n<\/ul><\/li>\r\n\r\n<li>2019-12-23 A1.4.1 B1.4.6 C1.4.0<ul>\r\n<li>[Hinzugef\u00fcgt] Unterst\u00fctzung f\u00fcr Transystem GL-770 FW 1.04.12J (mit support f\u00fcr Anzahl der Satellites support und mehr)<\/li>\r\n<\/ul><\/li>\r\n\r\n<li>2019-10-23 A1.4.1 B1.4.5 C1.4.0<ul>\r\n<li>[Hinzugef\u00fcgt] Unterst\u00fctzung f\u00fcr Transystem GL-770<\/li>\r\n<li>[Verbessert] Zubeh\u00f6r (Accessory) koppeln\/entkoppeln<\/li>\r\n<li>[Verbessert] Zubeh\u00f6r (Accessory) Verbindungen<\/li>\r\n<\/ul><\/li>\r\n\r\n<li>2019-10-04 A1.4.1 B1.4.4 C1.4.0<ul>\r\n<li>[Hinzugef\u00fcgt] Unterst\u00fctzung f\u00fcr QStarz BL-1000ST und BL-1000GT<\/li>\r\n<li>[Verbessert] Zubeh\u00f6r (Accessory) Verbindungen<\/li>\r\n<\/ul><\/li>\r\n\r\n<li>2019-09-18 A 1.4.1 B 1.4.3 C 1.4.0<ul>\r\n<li>[Verbessert] Langzeitbelichtungsfunktion<\/li>\r\n<li>[Repariert] Langzeitbelichtungen endeten vorzeitig wenn Unleashed in einen Stromsparmodus ging (zB w\u00e4hrend eines Zeitraffers)<\/li>\r\n<li>[Repariert] Holux M-241+ Datum nun korrekt dekodiert<\/li>\r\n<li>[Repariert] Firmware Update Problem &#8211; finale L\u00f6sung<\/li>\r\n<\/ul><\/li>\r\n\r\n<li>2019-06-25 A 1.4.0 B 1.4.2 C 1.3.0<ul>\r\n<li>[Hinzugef\u00fcgt] Langzeitbelichtungen (bis zu 4.6 Stunden)<\/li>\r\n<li>[Verbessert] Aufwachgeschwindigkeit nach Stromspar-schlaf-modus<\/li>\r\n<li>[Verbessert] Spiegelvorausl\u00f6sung nun korrekt behandelt und in App angezeigt<\/li>\r\n<li>[Verbessert] Antippen zum Ausl\u00f6sen nimmt nun auch bei sehr schnellen kameras nur ein Foto auf<\/li>\r\n<li>[Repariert] Holux M-241+ Datum Dekodierung<\/li>\r\n<li>[Repariert] D3100 &#038; D3200 Kompatibilit\u00e4t<\/li>\r\n\r\n<\/ul><\/li>\r\n<li>2019-05-20 A 1.3.2 B 1.3.1 C 1.3.0<ul>\r\n<li>[Hinzugef\u00fcgt] Externes Zubeh\u00f6r wird nun unterst\u00fctzt<\/li>\r\n<li>[Hinzugef\u00fcgt] GPS Fehleranzeige (rote Blinken)<\/li>\r\n<li>[Verbessert] Firmware Update Prozedur deutlich verbessert<\/li>\r\n<li>[Verbessert] Unleashed Stromverbrauch<\/li>\r\n<li>[Verbessert] GPS verhalten<\/li>\r\n<li>[Repariert] Antippen zum Ausl\u00f6sen mit Spiegelvorausl\u00f6sung<\/li>\r\n<li>[Repariert] Lange BLE \u00dcbertragungen<\/li>\r\n<li>[Repariert] GPS bug wo alte Daten noch stunden sp\u00e4ter an die Kamera geschickt wurden<\/li>\r\n\r\n<\/ul><\/li>\r\n<li>2019-02-12 A 1.2.1 B 1.2.0 C 1.2.4<ul>\r\n<li>[Verbessert] Firmware Update Prozedur<\/li>\r\n\r\n<\/ul><\/li>\r\n<li>2019-02-11 A 1.2.1 B 1.2.0 C 1.2.1<ul>\r\n<li>[Repariert] Bug in der Bildvorschaufunktion<\/li>\r\n<\/ul><\/li>\r\n<li>2019-02-08 A 1.2.0 B 1.2.0 C 1.2.1<ul>\r\n<li>[Repariert] Canon USB Initialisierungsfehler: Unleashed funktionierte gar nicht mit 550D, 60D 7D (mit alter Firmware) und zeigte Error 70 an der Kamera an<\/li>\r\n<li>[Repariert] Canon USB Initialisierungsfehler: Unleashed funktionierte gar nicht mit 600D, 750D, 5Dmk2 6Dmk2 und weiteren Kameras<\/li>\r\n<li>[Repariert] Canon USB Implementierungsfehler verursachte dauerhaft Blinkende Einstellungen (verf\u00fcgbar\/nicht verf\u00fcgbar) bei der 6Dmk2<\/li>\r\n<li>[Repariert] Canon USB Verbindung funktionierte nie, wenn es bei der Initialisierung nicht sofort funktionierte. Zb wenn WLAN anfangs an war, kann USB nicht initialisiert werden. Das Problem war jedoch, dass auch wenn WLAN ausgeschaltet wurde, hat das Unleashed nicht nochmal versucht die Verbindung wiederherzustellen<\/li>\r\n<li>[Hinzugef\u00fcgt] Video Aufnahme f\u00fcr Kameras aus der D3000 und D5000 Serie. War bisher nicht vorhanden, da kein Live-bild auf der Kamera angezeigt werden kann. Das geht immer noch nicht, aber wir starten trotzdem die Aufnahme<\/li>\r\n<li>[Repariert] Video Aufnahme bei neueren und h\u00f6herwertigen Nikons wurde sofort nach dem start beendet, wenn GPS angeschaltet war<\/li>\r\n<li>[Repariert] Video Fehlermeldungen wurden bei Einsteigerkameras von Nikon falsch angezeigt<\/li>\r\n<li>[Repariert] Video konnte nicht von der App aus gestoppt werden wenn es von der Kamera aus gestartet wurde<\/li>\r\n\r\n<li>[Repariert] Datum und Uhrzeit der GPS Daten lag in der Zukunft, nachdem das Unleashed unter bestimmten Bedingungen aus dem Stromspar-schlaf aufwachte. Wenn Setup->GPS->Kamerauhr durch GPS stellen&#8220; aktiv war, k\u00f6nnte dadurch auch die Kamerauhr verstellt worden sein<\/li>\r\n<li>[Hinzugef\u00fcgt] GPS Fehleranzeige (rote Blinken) Details zum Fehler in der App sichtbar<\/li>\r\n<li>[Repariert] Videos wurden oft nicht geotagged.<\/li>\r\n<li>[Repariert] Manche Einstellungen zeigten falsche Fehlermeldungen wenn der Akku leer wurde<\/li>\r\n<li>[Repariert] Manche Einstellungen zeigten falsche Fehlermeldungen wenn die SD Karte voll war<\/li>\r\n<li>[Repariert] Falsche Fehlermeldungen beider Nikon D200 wenn die Kamera ausgeschaltet war<\/li>\r\n<li>[Repariert] Video, Timelapse und Autoramp waren in App nicht verf\u00fcgbar wenn Kamera im BULB oder T Modus war<\/li>\r\n<li>[Repariert] Ausl\u00f6ser bei Canon hing fest wenn mit BULB geschossen wurde, und nur noch genau ein Foto auf die Speicherkarte passte<\/li>\r\n<li>[Repariert] Ausl\u00f6ser war Blockiert bei Nikon Kameras ohne das USB Kabel wegen einem SD-Karten-Fehler, obbwohl SD Karte keine Probleme hatte<\/li>\r\n<li>[Repariert] Ausl\u00f6ser antippen in der App hat nicht immer den TIME-Modus (&#8222;&#8211;&#8222;) der Nikon D7100 gestoppt<\/li>\r\n<li>[Repariert] Auto ISO war nicht einstellbar bei Nikon Kameras<\/li>\r\n<li>[Repariert] Nikon D4 wurde als D5100 angezeigt<\/li>\r\n<li>[Repariert] Nikon Z6\/Z7 wurde als Unbekannt angezeigt (N2: 001234 statt N2: Z6)<\/li>\r\n<li>[Repariert] JPG G\u00f6sse konnte eingestellt werden obwohl Qualit\u00e4t auf RAW gestellt war bei Nikon Kameras \u00fcber USB<\/li>\r\n<li>[Repariert] Bildvorschau wurde zweimal runtergeladen, wenn der zweite Kartenslot als Backup genutzt wurde<\/li>\r\n<li>[Repariert] Bildvorschau Verf\u00fcgbarkeit wenn USB Kabel im Unleashed, aber nicht der Kamera eingesteckt war<\/li>\r\n<\/ul><\/li>\r\n\r\n<li>A1.0 B1.0 C1.0<ul>\r\n<li>[Hinzugef\u00fcgt] Alles ;-)<\/li>\r\n<\/ul><\/li>\r\n<\/ul>","protected":false},"excerpt":{"rendered":"FIRMWARE CHANGELOG Hier sind alle \u00c4nderungen die wir in den letzten Firmware Versionen gemacht haben: 2021-10-18 A2.0.1 B2.0.0 C2.0.0 [Hinzugef\u00fcgt] Neue Bluetooth API &#8211; erweiterbar und besser f\u00fcr Android Bluetooth Stack [Hinzugef\u00fcgt] App Zustand API [Hinzugef\u00fcgt] ND Filter Einstellung [Hinzugef\u00fcgt] Autoramping mit emulierter Langzeitbelichtung im Bulb modus [Hinzugef\u00fcgt] Erweiterte Unleashed Einstellungen &#8211; Schlaf modi, timeouts, [&hellip;]","protected":false},"author":1,"featured_media":0,"parent":11656,"menu_order":0,"comment_status":"closed","ping_status":"closed","template":"template-nosidebar.php","meta":{"footnotes":""},"yoast_head":"<!-- This site is optimized with the Yoast SEO plugin v22.8 - https:\/\/yoast.com\/wordpress\/plugins\/seo\/ -->\n<title>Foolography Unleashed Firmware Changelog<\/title>\n<meta name=\"description\" content=\"Hier sind alle \u00c4nderungen die wir in den letzten Firmware Versionen gemacht haben: 2019-09-18 A 1.4.1 B 1.4.3 C 1.4.0 [Verbessert] Langzeitbelichung, ...\" \/>\n<meta name=\"robots\" content=\"index, follow, max-snippet:-1, max-image-preview:large, max-video-preview:-1\" \/>\n<link rel=\"canonical\" href=\"https:\/\/www.foolography.com\/products\/unleashed\/changelog\/firmware\/\" \/>\n<meta property=\"og:locale\" content=\"de_DE\" \/>\n<meta property=\"og:type\" content=\"article\" \/>\n<meta property=\"og:title\" content=\"Foolography Unleashed Firmware Changelog\" \/>\n<meta property=\"og:description\" content=\"Hier sind alle \u00c4nderungen die wir in den letzten Firmware Versionen gemacht haben: 2019-09-18 A 1.4.1 B 1.4.3 C 1.4.0 [Verbessert] Langzeitbelichung, ...\" \/>\n<meta property=\"og:url\" content=\"https:\/\/www.foolography.com\/products\/unleashed\/changelog\/firmware\/\" \/>\n<meta property=\"og:site_name\" content=\"foolography\" \/>\n<meta property=\"article:publisher\" content=\"https:\/\/facebook.com\/foolography\" \/>\n<meta property=\"article:modified_time\" content=\"2021-10-23T22:57:22+00:00\" \/>\n<meta name=\"twitter:card\" content=\"summary_large_image\" \/>\n<meta name=\"twitter:site\" content=\"@foolography\" \/>\n<meta name=\"twitter:label1\" content=\"Est. reading time\" \/>\n\t<meta name=\"twitter:data1\" content=\"8 Minuten\" \/>\n<!-- \/ Yoast SEO plugin. -->","yoast_head_json":{"title":"Foolography Unleashed Firmware Changelog","description":"Hier sind alle \u00c4nderungen die wir in den letzten Firmware Versionen gemacht haben: 2019-09-18 A 1.4.1 B 1.4.3 C 1.4.0 [Verbessert] Langzeitbelichung, ...","robots":{"index":"index","follow":"follow","max-snippet":"max-snippet:-1","max-image-preview":"max-image-preview:large","max-video-preview":"max-video-preview:-1"},"canonical":"https:\/\/www.foolography.com\/products\/unleashed\/changelog\/firmware\/","og_locale":"de_DE","og_type":"article","og_title":"Foolography Unleashed Firmware Changelog","og_description":"Hier sind alle \u00c4nderungen die wir in den letzten Firmware Versionen gemacht haben: 2019-09-18 A 1.4.1 B 1.4.3 C 1.4.0 [Verbessert] Langzeitbelichung, ...","og_url":"https:\/\/www.foolography.com\/products\/unleashed\/changelog\/firmware\/","og_site_name":"foolography","article_publisher":"https:\/\/facebook.com\/foolography","article_modified_time":"2021-10-23T22:57:22+00:00","twitter_card":"summary_large_image","twitter_site":"@foolography","twitter_misc":{"Est. reading time":"8 Minuten"},"schema":{"@context":"https:\/\/schema.org","@graph":[{"@type":"WebPage","@id":"https:\/\/www.foolography.com\/products\/unleashed\/changelog\/firmware\/","url":"https:\/\/www.foolography.com\/products\/unleashed\/changelog\/firmware\/","name":"Foolography Unleashed Firmware Changelog","isPartOf":{"@id":"https:\/\/www.foolography.com\/#website"},"datePublished":"2019-09-18T21:14:46+00:00","dateModified":"2021-10-23T22:57:22+00:00","description":"Hier sind alle \u00c4nderungen die wir in den letzten Firmware Versionen gemacht haben: 2019-09-18 A 1.4.1 B 1.4.3 C 1.4.0 [Verbessert] Langzeitbelichung, ...","breadcrumb":{"@id":"https:\/\/www.foolography.com\/products\/unleashed\/changelog\/firmware\/#breadcrumb"},"inLanguage":"de-DE","potentialAction":[{"@type":"ReadAction","target":["https:\/\/www.foolography.com\/products\/unleashed\/changelog\/firmware\/"]}]},{"@type":"BreadcrumbList","@id":"https:\/\/www.foolography.com\/products\/unleashed\/changelog\/firmware\/#breadcrumb","itemListElement":[{"@type":"ListItem","position":1,"name":"Home","item":"https:\/\/www.foolography.com\/de\/"},{"@type":"ListItem","position":2,"name":"Produkte","item":"https:\/\/www.foolography.com\/de\/produkte\/"},{"@type":"ListItem","position":3,"name":"Unleashed","item":"https:\/\/www.foolography.com\/products\/unleashed\/"},{"@type":"ListItem","position":4,"name":"Changelog","item":"https:\/\/www.foolography.com\/products\/unleashed\/changelog\/"},{"@type":"ListItem","position":5,"name":"Firmware"}]},{"@type":"WebSite","@id":"https:\/\/www.foolography.com\/#website","url":"https:\/\/www.foolography.com\/","name":"foolography","description":"Smartes Kamerazubeh\u00f6r","publisher":{"@id":"https:\/\/www.foolography.com\/#organization"},"potentialAction":[{"@type":"SearchAction","target":{"@type":"EntryPoint","urlTemplate":"https:\/\/www.foolography.com\/?s={search_term_string}"},"query-input":"required name=search_term_string"}],"inLanguage":"de-DE"},{"@type":"Organization","@id":"https:\/\/www.foolography.com\/#organization","name":"Foolography","url":"https:\/\/www.foolography.com\/","logo":{"@type":"ImageObject","inLanguage":"de-DE","@id":"https:\/\/www.foolography.com\/#\/schema\/logo\/image\/","url":"https:\/\/www.foolography.com\/wp-content\/uploads\/favicon.png","contentUrl":"https:\/\/www.foolography.com\/wp-content\/uploads\/favicon.png","width":513,"height":512,"caption":"Foolography"},"image":{"@id":"https:\/\/www.foolography.com\/#\/schema\/logo\/image\/"},"sameAs":["https:\/\/facebook.com\/foolography","https:\/\/x.com\/foolography","https:\/\/www.instagram.com\/foolography\/","https:\/\/www.youtube.com\/user\/foolography"]}]}},"_links":{"self":[{"href":"https:\/\/www.foolography.com\/de\/wp-json\/wp\/v2\/pages\/11661"}],"collection":[{"href":"https:\/\/www.foolography.com\/de\/wp-json\/wp\/v2\/pages"}],"about":[{"href":"https:\/\/www.foolography.com\/de\/wp-json\/wp\/v2\/types\/page"}],"author":[{"embeddable":true,"href":"https:\/\/www.foolography.com\/de\/wp-json\/wp\/v2\/users\/1"}],"replies":[{"embeddable":true,"href":"https:\/\/www.foolography.com\/de\/wp-json\/wp\/v2\/comments?post=11661"}],"version-history":[{"count":11,"href":"https:\/\/www.foolography.com\/de\/wp-json\/wp\/v2\/pages\/11661\/revisions"}],"predecessor-version":[{"id":29387,"href":"https:\/\/www.foolography.com\/de\/wp-json\/wp\/v2\/pages\/11661\/revisions\/29387"}],"up":[{"embeddable":true,"href":"https:\/\/www.foolography.com\/de\/wp-json\/wp\/v2\/pages\/11656"}],"wp:attachment":[{"href":"https:\/\/www.foolography.com\/de\/wp-json\/wp\/v2\/media?parent=11661"}],"curies":[{"name":"wp","href":"https:\/\/api.w.org\/{rel}","templated":true}]}}