{"id":11689,"date":"2019-09-19T00:32:35","date_gmt":"2019-09-18T22:32:35","guid":{"rendered":"http:\/\/www.foolography.com\/ueber-uns\/"},"modified":"2022-03-28T12:07:48","modified_gmt":"2022-03-28T10:07:48","slug":"ueber-uns","status":"publish","type":"page","link":"https:\/\/www.foolography.com\/de\/ueber-uns\/","title":{"rendered":"\u00dcber uns"},"content":{"rendered":"<!-- Splash Video -->\r\n<section class=\"section-splash section-full-height\">\r\n  <article class=\"grid-full section-full-height header vc\">\r\n      <h1 class=\"headline\">\u00dcBER UNS<\/h1>\r\n     <h2 class=\"subtitle\">Foolography<\/h2>\r\n  <\/article>\r\n  <div class=\"bg-image-cover grid grid-full section-full-height\" \r\n       style=\"background-image: url('\/wp-content\/uploads\/56_office-wall.jpg'); background-position: center top;\">\r\n  <\/div>\r\n<\/section>\r\n\r\n<!-- Featured Text -->\r\n<section class=\"landing-section section-half-height\">\r\n  <article class=\"grid grid-full section-half-height vc reveal-50\">\r\n    <p class=\"large\">Die Foolography GmbH ist ein internationales Team von leidenschaftlichen Spezialisten mit Sitz in Berlin. Wir nutzen das aktive Netzwerk von Innovation dieser Stadt um unsere Produkte voranzubringen. Produktideen stammen immer von eigenem Interesse oder Bedarf, der von den Kameraherstellern und anderen Drittanbietern einfach nicht gut genug gedeckt wird. Das ist heute noch genauso wahr, wie 2009, als Oliver Foolography als Ein-Mann-Firma gestartet hat.<\/p>\r\n  <\/article>\r\n<\/section>\r\n\r\n<!-- About Section -->\r\n<section class=\"landing-section section-full-height\">\r\n  <div class=\"hspacer grid grid-half\"><\/div>\r\n  <article class=\"grid grid-half section-full-height vc overlay-medium-opaque reveal-60\">\r\n    <h3>&#8222;Wir sind spezialisiert auf hochqualitatives Kamerazubeh\u00f6r &#8211; Made In Germany.&#8220;<\/h3>\r\n    <p>Unser Produkte durchlaufen w\u00e4hrend der Forschung und Entwicklung mehrere Prototypenphasen und sehr viel Testen. Die Beratung durch Profis in den jeweiligen Bereichen und die delegation von delikaten Aufgaben an zuverl\u00e4ssige Partnerfirmen, sowie hohe Level an Qualit\u00e4tskontrolle gew\u00e4hrleisten eine top Qualit\u00e4t der Endprodukte.<\/p>\r\n  <\/article>\r\n  <div class=\"grid grid-full bg-image-cover section-full-height\" \r\n       style=\"position: absolute; background-image: url('\/wp-content\/uploads\/Team-Foto-BW.jpg');\"><\/div>\r\n<\/section>\r\n\r\n<!-- Values -->\r\n<section class=\"landing-section section-half-height landing-section--bordered\">\r\n\r\n  <article class=\"grid grid-full section-quarter-height vc reveal\">\r\n    <h2 class=\"landing-section__title\">Unsere Werte<\/h2>\r\n  <\/article>\r\n\r\n  <article class=\"grid grid-half section-quarter-height vc reveal\">\r\n    <h4>Integrit\u00e4t<\/h4>\r\n    <p>Wir vertrauen nicht nur unseren Kunden und Gesch\u00e4ftspartnern, sondern vor allem auch jedem in unserem Team.<\/p>\r\n  <\/article>\r\n\r\n  <article class=\"grid grid-half section-quarter-height vc reveal-50\">\r\n    <h4>Teamwork<\/h4>\r\n    <p>Wir sind \u00fcberzeugt davon dass wir zusammen wesentlich mehr erreichen als jeder alleine. Jeder spielt seine Rolle. Jede Rolle ist wichtig.<\/p>\r\n  <\/article>\r\n\r\n  <article class=\"grid grid-half section-quarter-height vc reveal-60\">\r\n    <h4>Leidenschaft &#038; Vision<\/h4>\r\n    <p>Wir glauben dass man ohne Vision nirgends hinkommt. Wir lieben was wir tun und bringen deshalb unser Vorhaben vorran.<\/p>\r\n  <\/article>\r\n\r\n  <article class=\"grid grid-half section-quarter-height vc reveal-40\">\r\n    <h4>Excellenz<\/h4>\r\n    <p>Wir wollen das beste Nischen-Kamerazubeh\u00f6r auf dem Markt anbieten. Wir h\u00f6ren nie auf uns zu fragen: Gibt es einen noch besseren Weg?<\/p\r\n  <\/article>\r\n\r\n<\/section>\r\n\r\n\r\n<!-- Team -->\r\n<section class=\"landing-section landing-section__tiles landing-section--alt section-full-height\">\r\n\r\n  <article class=\"grid grid-full section-quarter-height vc reveal-60\">\r\n    <h2 class=\"landing-section__title\">Das Team<\/h2>\r\n  <\/article>\r\n\r\n  <!-- 1st Row -->\r\n\r\n  <!-- Oliver -->\r\n  <section class=\"landing-section section-half-height landing-section__tiles__wrapper\">\r\n    <article class=\"grid grid-half section-half-height vc reveal-50\">\r\n      <h3>Oliver<\/h3>\r\n      <p>Erweckt alles zum Leben.<br>\r\nEr ertr\u00e4umt und erfindet. Leitet die Produktentwicklung. Konstruiert die Hardware mit Leidenschaft f\u00fcr&#8217;s Detail, und ohne Angst den Status Quo in Frage zu stellen. Plant die Produktion und managed Partnerfirmen, so dass unsere Innovation auch Produzierbar wird.<br>\r\nDer Narr (Fool) selbst, der all dies jongliert.<\/p>\r\n    <\/article>\r\n    <article class=\"grid grid-half section-half-height\">\r\n      <div class=\"grid grid-full bg-image-cover section-half-height\" \r\n           style=\"background-image: url('\/wp-content\/uploads\/Oliver-Perialis-Foolography.jpg'); background-position: center center;\"><\/div>\r\n    <\/article>\r\n  <\/section>\r\n\r\n  <!-- Sophia -->\r\n  <section class=\"landing-section section-half-height landing-section__tiles__wrapper\">\r\n    <article class=\"grid grid-half section-half-height\">\r\n      <div class=\"grid grid-full bg-image-cover section-half-height\" \r\n           style=\"background-image: url('\/wp-content\/uploads\/Sophia-Foolography.jpg'); background-position: center center;\"><\/div>\r\n    <\/article>\r\n    <article class=\"grid grid-half section-half-height vc reveal-50\">\r\n      <h3> Sophia <\/h3>\r\n      <p>H\u00e4lt alles in Ordnung.<br>\r\nSophia ist ein Fels im Team und k\u00fcmmert sich um die Administration und alles Finanzielle.\r\nIhre St\u00e4rke: Dinge erledigen. Ihre geheime Mission: Die Jungs dazu bringen, ges\u00fcnder zu essen!<\/p>\r\n    <\/article>\r\n  <\/section>\r\n\r\n  <!-- Natasha -->\r\n  <section class=\"landing-section section-half-height landing-section__tiles__wrapper\">\r\n    <article class=\"grid grid-half section-half-height vc reveal-50\">\r\n      <h3>Natasha<\/h3>\r\n     <p>Sorgt daf\u00fcr, dass Ihr eure Produkte bekommt.<br>\r\nSie k\u00fcmmert sich um das operative Gesch\u00e4ft, die Logistik, unsere Social Media Kan\u00e4le und Kundenzufriedenheit und sorgt daf\u00fcr, dass alles einfach reibungslos l\u00e4uft.  Natasha ist immer einen Schritt voraus und verwandelt Herausforderungen in Erfolge!<\/p>\r\n    <article class=\"grid grid-half section-half-height\">\r\n      <div class=\"grid grid-full bg-image-cover section-half-height\" \r\n           style=\"background-image: url('\/wp-content\/uploads\/Natasha-Foolography.jpg'); background-position: center center;\"><\/div>\r\n    <\/article>\r\n  <\/section>\r\n\r\n  <!-- Alex -->\r\n  <section class=\"landing-section section-half-height landing-section__tiles__wrapper\">\r\n    <article class=\"grid grid-half section-half-height\">\r\n      <div class=\"grid grid-full bg-image-cover section-half-height\" \r\n           style=\"background-image: url('\/wp-content\/uploads\/Alex-Foolography.jpg'); background-position: center center;\"><\/div>\r\n    <\/article>\r\n    <article class=\"grid grid-half section-half-height vc reveal-50\">\r\n      <h3>Alex<\/h3>\r\n      <p>K\u00fcmmert sich um die Web-Entwicklung und Euer Web-Erlebnis. Er schreibt Plugin nach Plugin f\u00fcr unser Shop-system und bringt unsere Webseite auf neue Automations-level von denen wir seit Jahren tr\u00e4umen. Er kennt sich sehr gut aus, aber bleibt immer am Ball um neues zu lernen!<\/p>\r\n    <\/article>\r\n  <\/section>\r\n\r\n\r\n  <!-- Adrian -->\r\n  <section class=\"landing-section section-half-height landing-section__tiles__wrapper\">\r\n    <article class=\"grid grid-half section-half-height vc reveal-50\">\r\n      <h3>Adrian<\/h3>\r\n      <p>Macht die iOS App zur Wirklichkeit.<br>\r\nEr verwandelt Sketch Dateien in eine wundervolle Architektur von Swift Code und stellt sicher, dass die App auf jedem iPhone zuverl\u00e4ssig l\u00e4uft, egal wie oft er daf\u00fcr refactorn muss um die neusten Bibliotheken verwenden zu k\u00f6nnen.<br>\r\nEr denkt immer noch wir h\u00e4tten diese Portraits auf einem iPhone machen k\u00f6nnen!<\/p>\r\n    <\/article>\r\n    <article class=\"grid grid-half section-half-height\">\r\n      <div class=\"grid grid-full bg-image-cover section-half-height\" \r\n           style=\"background-image: url('\/wp-content\/uploads\/Adrian-Foolography.jpg'); background-position: center center;\"><\/div>\r\n    <\/article>\r\n  <\/section>\r\n\r\n\r\n  <!-- Numan-->\r\n  <section class=\"landing-section section-half-height landing-section__tiles__wrapper\">\r\n    <article class=\"grid grid-half section-half-height\">\r\n      <div class=\"grid grid-full bg-image-cover section-half-height\" \r\n           style=\"background-image: url('\/wp-content\/uploads\/Numan-Foolography.jpg'); background-position: center center;\"><\/div>\r\n    <\/article>\r\n    <article class=\"grid grid-half section-half-height vc reveal-50\">\r\n      <h3>Numan<\/h3>\r\n      <p>Macht all euch Android Nutzer gl\u00fccklich.<br>\r\nEr ist wahnsinnig schnell und rockt unsere Android Entwicklung, egal was f\u00fcr H\u00fcrden kommen oder Absurde  API Einschr\u00e4nkungen ihm \u00fcber den Weg laufen. Er schreckt nicht davor zur\u00fcck neue Technologien anzupacken, und bringt sie einfach zum laufen!<\/p>\r\n    <\/article>\r\n  <\/section>\r\n\r\n  <!-- Quan -->\r\n  <section class=\"landing-section section-half-height landing-section__tiles__wrapper\">\r\n    <article class=\"grid grid-half section-half-height vc reveal-50\">\r\n      <h3>Quan<\/h3>\r\n      <p>Hilft dabei die iOS App auf ein n\u00e4chstes Level zu bringen.<br>\r\nEr ist Teil unseres iOS Teams und verbessert die Performance der iOS App und implementiert neue Funktionen. Mit seinen Erfahrungen im Bereich UX stellt er sicher, dass unsere Kunden immer das beste App-Erlebnis haben!<\/p>\r\n    <\/article>\r\n    <article class=\"grid grid-half section-half-height\">\r\n      <div class=\"grid grid-full bg-image-cover section-half-height\" \r\n           style=\"background-image: url('\/wp-content\/uploads\/Quan-Foolography.jpg'); background-position: center center;\"><\/div>\r\n    <\/article>\r\n  <\/section>\r\n\r\n  <!--Tim-->\r\n  <section class=\"landing-section section-half-height landing-section__tiles__wrapper\">\r\n    <article class=\"grid grid-half section-half-height\">\r\n      <div class=\"grid grid-full bg-image-cover section-half-height\" \r\n           style=\"background-image: url('\/wp-content\/uploads\/Tim-Foolography.jpg'); background-position: center center;\"><\/div>\r\n    <\/article>\r\n    <article class=\"grid grid-half section-half-height vc reveal-50\">\r\n      <h3>Tim<\/h3>\r\n      <p>Er lebt Firmware.<br>\r\nAls neuster im Team ist Tim gleich tief in die Firmware eingetaucht. Als erstes Projekt hat er kompletten support f\u00fcr eine neue Kameramarke implementiert, und ihn h\u00e4lt nichts auf, bis nicht alles erarbeitet ist.<\/p>\r\n    <\/article>\r\n  <\/section>\r\n\r\n\r\n <!-- Gasper -->\r\n  <section class=\"landing-section section-half-height landing-section__tiles__wrapper\">\r\n    <article class=\"grid grid-half section-half-height vc reveal-50\">\r\n      <h3> Gasper <\/h3>\r\n      <p>Baute Fundamente in Firmware &#8211; nahm dann Android auf<br>\r\nEr ist unser Slowenisches Genie, programmierte Kommunikationsprotokoll-Stacks und Hardware Abstraction Layers. Er spricht fliessend diverse Kamerasprachen und kennt alle Nikon und Canon Dialekte, doch bevorzugt nun Kotlin.<\/p>\r\n    <\/article>\r\n    <article class=\"grid grid-half section-half-height\">\r\n      <div class=\"grid grid-full bg-image-cover section-half-height\" \r\n           style=\"background-image: url('\/wp-content\/uploads\/Gasper-Foolography.jpg'); background-position: center center;\"><\/div>\r\n    <\/article>\r\n  <\/section>\r\n\r\n<!-- Andres -->\r\n  <section class=\"landing-section section-half-height landing-section__tiles__wrapper\">\r\n    <article class=\"grid grid-half section-half-height\">\r\n      <div class=\"grid grid-full bg-image-cover section-half-height\" \r\n          style=\"background-image: url('\/wp-content\/uploads\/Andres-Foolography.jpg'); background-position: center center;\"><\/div>\r\n    <\/article>\r\n    <article class=\"grid grid-half section-half-height vc reveal-50\">\r\n      <h3>Andres<\/h3>\r\n      <p>Die Br\u00fccke zwischen App und Hardware.<br>\r\nEr ist zust\u00e4ndig f\u00fcr alles was mit Bluetooth zu tun hat. Er hat die h\u00f6heren Lagen der Firmware programmiert, und stellt sicher dass unsere beiden Mikroprozessoren synchronisiert bleiben. Er am\u00fcsiert uns lautstark \u00fcber alle Bugs die er findet, und bringt Mexikanischen Sonnenschein in unser Berliner B\u00fcro.<\/p>\r\n    <\/article>\r\n  <\/section>\r\n\r\n<!-- Philip -->\r\n<!--\r\n  <section class=\"landing-section section-half-height landing-section__tiles__wrapper\">\r\n    \r\n    <article class=\"grid grid-half section-half-height vc reveal-50\">\r\n      <h3>Philip<\/h3>\r\n      <p>Sorgt daf\u00fcr, dass die Welt von uns erf\u00e4hrt.<br>\r\nEr k\u00fcmmert sich um Online-Werbung und hilft dadurch Foolography bekannter zu machen. Philip ist ein erfahrener Online-Marketer, immer am Puls der Zeit.<\/p>\r\n    <\/article>\r\n   <\/section>\r\n-->\r\n<!-- Jobs -->\r\n<section class=\"landing-section landing-section__tiles section-half-height\">\r\n\r\n  <h2 class=\"landing-section__title\">Komm dazu<\/h2>\r\n\r\n  <article class=\"grid grid-full section-quarter-height vc reveal\">\r\n    <p>Wir stellen ein uns suchen vielleicht genau dich! Schau dir unsere aktuellen Stellenanzeigen an.<\/p>\r\n    <p><a class=\"learn-more\" href=\"jobs\/\">Stellenanzeigen<\/a><\/p>\r\n  <\/article>\r\n\r\n<\/section>","protected":false},"excerpt":{"rendered":"\u00dcBER UNS Foolography Die Foolography GmbH ist ein internationales Team von leidenschaftlichen Spezialisten mit Sitz in Berlin. Wir nutzen das aktive Netzwerk von Innovation dieser Stadt um unsere Produkte voranzubringen. Produktideen stammen immer von eigenem Interesse oder Bedarf, der von den Kameraherstellern und anderen Drittanbietern einfach nicht gut genug gedeckt wird. Das ist heute noch [&hellip;]","protected":false},"author":1,"featured_media":0,"parent":0,"menu_order":3,"comment_status":"closed","ping_status":"closed","template":"template-fullwidth.php","meta":{"footnotes":""},"yoast_head":"<!-- This site is optimized with the Yoast SEO plugin v22.8 - https:\/\/yoast.com\/wordpress\/plugins\/seo\/ -->\n<title>\u00dcber uns &#187; foolography<\/title>\n<meta name=\"robots\" content=\"index, follow, max-snippet:-1, max-image-preview:large, max-video-preview:-1\" \/>\n<link rel=\"canonical\" href=\"https:\/\/www.foolography.com\/de\/ueber-uns\/\" \/>\n<meta property=\"og:locale\" content=\"de_DE\" \/>\n<meta property=\"og:type\" content=\"article\" \/>\n<meta property=\"og:title\" content=\"\u00dcber uns &#187; foolography\" \/>\n<meta property=\"og:description\" content=\"\u00dcBER UNS Foolography Die Foolography GmbH ist ein internationales Team von leidenschaftlichen Spezialisten mit Sitz in Berlin. Wir nutzen das aktive Netzwerk von Innovation dieser Stadt um unsere Produkte voranzubringen. Produktideen stammen immer von eigenem Interesse oder Bedarf, der von den Kameraherstellern und anderen Drittanbietern einfach nicht gut genug gedeckt wird. Das ist heute noch [&hellip;]\" \/>\n<meta property=\"og:url\" content=\"https:\/\/www.foolography.com\/de\/ueber-uns\/\" \/>\n<meta property=\"og:site_name\" content=\"foolography\" \/>\n<meta property=\"article:publisher\" content=\"https:\/\/facebook.com\/foolography\" \/>\n<meta property=\"article:modified_time\" content=\"2022-03-28T10:07:48+00:00\" \/>\n<meta name=\"twitter:card\" content=\"summary_large_image\" \/>\n<meta name=\"twitter:site\" content=\"@foolography\" \/>\n<meta name=\"twitter:label1\" content=\"Est. reading time\" \/>\n\t<meta name=\"twitter:data1\" content=\"1 Minute\" \/>\n<!-- \/ Yoast SEO plugin. -->","yoast_head_json":{"title":"\u00dcber uns &#187; foolography","robots":{"index":"index","follow":"follow","max-snippet":"max-snippet:-1","max-image-preview":"max-image-preview:large","max-video-preview":"max-video-preview:-1"},"canonical":"https:\/\/www.foolography.com\/de\/ueber-uns\/","og_locale":"de_DE","og_type":"article","og_title":"\u00dcber uns &#187; foolography","og_description":"\u00dcBER UNS Foolography Die Foolography GmbH ist ein internationales Team von leidenschaftlichen Spezialisten mit Sitz in Berlin. Wir nutzen das aktive Netzwerk von Innovation dieser Stadt um unsere Produkte voranzubringen. Produktideen stammen immer von eigenem Interesse oder Bedarf, der von den Kameraherstellern und anderen Drittanbietern einfach nicht gut genug gedeckt wird. Das ist heute noch [&hellip;]","og_url":"https:\/\/www.foolography.com\/de\/ueber-uns\/","og_site_name":"foolography","article_publisher":"https:\/\/facebook.com\/foolography","article_modified_time":"2022-03-28T10:07:48+00:00","twitter_card":"summary_large_image","twitter_site":"@foolography","twitter_misc":{"Est. reading time":"1 Minute"},"schema":{"@context":"https:\/\/schema.org","@graph":[{"@type":"WebPage","@id":"https:\/\/www.foolography.com\/de\/ueber-uns\/","url":"https:\/\/www.foolography.com\/de\/ueber-uns\/","name":"\u00dcber uns &#187; foolography","isPartOf":{"@id":"https:\/\/www.foolography.com\/#website"},"datePublished":"2019-09-18T22:32:35+00:00","dateModified":"2022-03-28T10:07:48+00:00","breadcrumb":{"@id":"https:\/\/www.foolography.com\/de\/ueber-uns\/#breadcrumb"},"inLanguage":"de-DE","potentialAction":[{"@type":"ReadAction","target":["https:\/\/www.foolography.com\/de\/ueber-uns\/"]}]},{"@type":"BreadcrumbList","@id":"https:\/\/www.foolography.com\/de\/ueber-uns\/#breadcrumb","itemListElement":[{"@type":"ListItem","position":1,"name":"Home","item":"https:\/\/www.foolography.com\/de\/"},{"@type":"ListItem","position":2,"name":"\u00dcber uns"}]},{"@type":"WebSite","@id":"https:\/\/www.foolography.com\/#website","url":"https:\/\/www.foolography.com\/","name":"foolography","description":"Smartes Kamerazubeh\u00f6r","publisher":{"@id":"https:\/\/www.foolography.com\/#organization"},"potentialAction":[{"@type":"SearchAction","target":{"@type":"EntryPoint","urlTemplate":"https:\/\/www.foolography.com\/?s={search_term_string}"},"query-input":"required name=search_term_string"}],"inLanguage":"de-DE"},{"@type":"Organization","@id":"https:\/\/www.foolography.com\/#organization","name":"Foolography","url":"https:\/\/www.foolography.com\/","logo":{"@type":"ImageObject","inLanguage":"de-DE","@id":"https:\/\/www.foolography.com\/#\/schema\/logo\/image\/","url":"https:\/\/www.foolography.com\/wp-content\/uploads\/favicon.png","contentUrl":"https:\/\/www.foolography.com\/wp-content\/uploads\/favicon.png","width":513,"height":512,"caption":"Foolography"},"image":{"@id":"https:\/\/www.foolography.com\/#\/schema\/logo\/image\/"},"sameAs":["https:\/\/facebook.com\/foolography","https:\/\/x.com\/foolography","https:\/\/www.instagram.com\/foolography\/","https:\/\/www.youtube.com\/user\/foolography"]}]}},"_links":{"self":[{"href":"https:\/\/www.foolography.com\/de\/wp-json\/wp\/v2\/pages\/11689"}],"collection":[{"href":"https:\/\/www.foolography.com\/de\/wp-json\/wp\/v2\/pages"}],"about":[{"href":"https:\/\/www.foolography.com\/de\/wp-json\/wp\/v2\/types\/page"}],"author":[{"embeddable":true,"href":"https:\/\/www.foolography.com\/de\/wp-json\/wp\/v2\/users\/1"}],"replies":[{"embeddable":true,"href":"https:\/\/www.foolography.com\/de\/wp-json\/wp\/v2\/comments?post=11689"}],"version-history":[{"count":13,"href":"https:\/\/www.foolography.com\/de\/wp-json\/wp\/v2\/pages\/11689\/revisions"}],"predecessor-version":[{"id":31075,"href":"https:\/\/www.foolography.com\/de\/wp-json\/wp\/v2\/pages\/11689\/revisions\/31075"}],"wp:attachment":[{"href":"https:\/\/www.foolography.com\/de\/wp-json\/wp\/v2\/media?parent=11689"}],"curies":[{"name":"wp","href":"https:\/\/api.w.org\/{rel}","templated":true}]}}