{"id":11690,"date":"2019-09-19T00:34:43","date_gmt":"2019-09-18T22:34:43","guid":{"rendered":"http:\/\/www.foolography.com\/support\/"},"modified":"2024-01-02T15:57:11","modified_gmt":"2024-01-02T14:57:11","slug":"support","status":"publish","type":"page","link":"https:\/\/www.foolography.com\/de\/support\/","title":{"rendered":"Support"},"content":{"rendered":"<section class=\"support-faqs\">\r\n  <h3 class=\"support-faqs__title\">Produkt w\u00e4hlen<\/h3>\r\n  <div class=\"support-category__container\">\r\n    <a href=\"unleashed\/\" class=\"support-category__icon\">\r\n      <i class=\"fa fa-mobile\"><\/i> Unleashed<\/a> \r\n\r\n    <a href=\"entagged\/\" class=\"support-category__icon\">\r\n      <i class=\"fa fa-qrcode\"><\/i> Entagged<\/a> \r\n\r\n    <a href=\"unleashed-09\/\" class=\"support-category__icon\">\r\n      <i class=\"fa fa-map-marker\"><\/i> Unleashed &#8217;09<\/a>\r\n\r\n    <a href=\"barcode-edition\/\" class=\"support-category__icon\">\r\n      <i class=\"fa fa-barcode\"><\/i> Barcode Edition<\/a>\r\n\r\n  <\/div>\r\n<\/section>\r\n\r\n<section class=\"support-faqs support-faqs--alt\">\r\n  <h3 class=\"support-faqs__title\">Meistgelesenen FAQs<\/h3>\r\n  <div class=\"support-faqs__container support-page__wrapper\">\r\n                <article class=\"support-faqs__box\" data-post-id=\"j63-11799-0\">\n                <div class=\"support-faqs__box__container\">\n                    <div class=\"support-faqs__box__toggle\">\n                        <button>\n                            <span><\/span>\n                            <span><\/span>\n                        <\/button>\n                    <\/div>\n                    <div class=\"support-faqs__box__content\">\n                        <h4 class=\"support-faqs__box__title support-faqs__box__title--with-toggle\">\n                            <a href=\"https:\/\/www.foolography.com\/de\/faqs\/wofur-braucht-unleashed-das-kabel\/\">Wof\u00fcr braucht das Unleashed ein Kabel?<\/a>\n                        <\/h4>\n                        <div class=\"support-faqs__box__body\">\n                            <p>HDMI Kabel f\u00fcr Unleashed M Jedes Unleashed M wird mit einem HMDI Kabel geliefert, das f\u00fcr die Stromversorgung des Unleashed ben\u00f6tigt wird. USB Kabel f\u00fcr Unleashed N1 und N2 Das Uneashed N1\/N2 wird in den 10-poligen Zubeh\u00f6ranschluss von Nikon DSLRs gesteckt. Dar\u00fcber bekommen wir Strom, und den Zustand der Kamera. Fernausl\u00f6sen, einfache Intervallaufnahmen, Langzeitbelichtungen und [&hellip;]                                <a class=\"support-faqs__more support-page__link\" href=\"https:\/\/www.foolography.com\/de\/faqs\/wofur-braucht-unleashed-das-kabel\/\"\n                                   data-post-id=\"j63-11799-0\">\n\t\t\t\t\t\t\t\t\tMehr lesen&hellip;                                <\/a>\n                            <\/p>\n                        <\/div>\n                    <\/div>\n                <\/div>\n            <\/article>\n\t\t\t            <article class=\"support-faqs__box\" data-post-id=\"ziw-11775-1\">\n                <div class=\"support-faqs__box__container\">\n                    <div class=\"support-faqs__box__toggle\">\n                        <button>\n                            <span><\/span>\n                            <span><\/span>\n                        <\/button>\n                    <\/div>\n                    <div class=\"support-faqs__box__content\">\n                        <h4 class=\"support-faqs__box__title support-faqs__box__title--with-toggle\">\n                            <a href=\"https:\/\/www.foolography.com\/de\/faqs\/mit-welchen-kameras-ist-das-unleashed-kompatibel\/\">Mit welchen Kameras ist das Unleashed kompatibel?<\/a>\n                        <\/h4>\n                        <div class=\"support-faqs__box__body\">\n                            <p>Das Unleashed ist mit den meisten Canon und Nikon Spiegelreflexkameras kompatibel.                                 <a class=\"support-faqs__more support-page__link\" href=\"https:\/\/www.foolography.com\/de\/faqs\/mit-welchen-kameras-ist-das-unleashed-kompatibel\/\"\n                                   data-post-id=\"ziw-11775-1\">\n\t\t\t\t\t\t\t\t\tMehr lesen&hellip;                                <\/a>\n                            <\/p>\n                        <\/div>\n                    <\/div>\n                <\/div>\n            <\/article>\n\t\t\t            <article class=\"support-faqs__box\" data-post-id=\"p3H-11785-2\">\n                <div class=\"support-faqs__box__container\">\n                    <div class=\"support-faqs__box__toggle\">\n                        <button>\n                            <span><\/span>\n                            <span><\/span>\n                        <\/button>\n                    <\/div>\n                    <div class=\"support-faqs__box__content\">\n                        <h4 class=\"support-faqs__box__title support-faqs__box__title--with-toggle\">\n                            <a href=\"https:\/\/www.foolography.com\/de\/faqs\/unterstutzt-das-unleashed-focus-stacking\/\">Unterst\u00fctzt das Unleashed Focus Stacking?<\/a>\n                        <\/h4>\n                        <div class=\"support-faqs__box__body\">\n                            <p>Noch nicht. Aber es steht auf unserer To-do-Liste und sobald es implementiert ist, wird es als kostenloses App und Firmware update zur Verf\u00fcgung gestellt. Melde dich am Besten zu unserem Newsletter an, wenn du keine Neuigkeiten zu neuen Features verpassen m\u00f6chtest.                                <a class=\"support-faqs__more support-page__link\" href=\"https:\/\/www.foolography.com\/de\/faqs\/unterstutzt-das-unleashed-focus-stacking\/\"\n                                   data-post-id=\"p3H-11785-2\">\n\t\t\t\t\t\t\t\t\tMehr lesen&hellip;                                <\/a>\n                            <\/p>\n                        <\/div>\n                    <\/div>\n                <\/div>\n            <\/article>\n\t\t\t            <article class=\"support-faqs__box\" data-post-id=\"03G-11789-3\">\n                <div class=\"support-faqs__box__container\">\n                    <div class=\"support-faqs__box__toggle\">\n                        <button>\n                            <span><\/span>\n                            <span><\/span>\n                        <\/button>\n                    <\/div>\n                    <div class=\"support-faqs__box__content\">\n                        <h4 class=\"support-faqs__box__title support-faqs__box__title--with-toggle\">\n                            <a href=\"https:\/\/www.foolography.com\/de\/faqs\/was-sind-die-unterschiede-zu-alternativen-produkten-auf-dem-markt\/\">Was sind die Unterschiede zu alternativen Produkten auf dem Markt?<\/a>\n                        <\/h4>\n                        <div class=\"support-faqs__box__body\">\n                            <p>Das Unleashed ist ein Kamerazubeh\u00f6r was ganz anders ist als alle anderen L\u00f6sungen auf dem Markt der Fernausl\u00f6ser\/Fernsteuerungen. Hier sind ein paar Gr\u00fcnde warum: Design: Das Unleashed ist ein winziges, unauff\u00e4lliges Modul was an der Seite der Kamera angesteckt ist. Es blockiert NICHT den Blitzschuh. Es st\u00f6rt kein bisschen bei der Bedienung der Kamera, man [&hellip;]                                <a class=\"support-faqs__more support-page__link\" href=\"https:\/\/www.foolography.com\/de\/faqs\/was-sind-die-unterschiede-zu-alternativen-produkten-auf-dem-markt\/\"\n                                   data-post-id=\"03G-11789-3\">\n\t\t\t\t\t\t\t\t\tMehr lesen&hellip;                                <\/a>\n                            <\/p>\n                        <\/div>\n                    <\/div>\n                <\/div>\n            <\/article>\n\t\t\t            <article class=\"support-faqs__box\" data-post-id=\"ml5-11757-4\">\n                <div class=\"support-faqs__box__container\">\n                    <div class=\"support-faqs__box__toggle\">\n                        <button>\n                            <span><\/span>\n                            <span><\/span>\n                        <\/button>\n                    <\/div>\n                    <div class=\"support-faqs__box__content\">\n                        <h4 class=\"support-faqs__box__title support-faqs__box__title--with-toggle\">\n                            <a href=\"https:\/\/www.foolography.com\/de\/faqs\/wie-fuhre-ich-firmware-updates-durch\/\">Wie f\u00fchre ich \u00fcber die App ein Firmware update durch?<\/a>\n                        <\/h4>\n                        <div class=\"support-faqs__box__body\">\n                            <p>Wir ver\u00f6ffentlichen regelm\u00e4\u00dfig Firmware-Updates f\u00fcr das Unleashed, um neue Funktionen hinzuzuf\u00fcgen und die bestehenden Funktionen zu verbessern. Folge diesen einfachen Schritten, um die Firmware deines Unleashed zu aktualisieren: 1. Um die Firmware zu aktualisieren oder zu sehen, ob ein Update verf\u00fcgbar ist, musst du m\u00f6glicherweise zuerst die App aktualisieren. Schaue im App Store oder Google [&hellip;]                                <a class=\"support-faqs__more support-page__link\" href=\"https:\/\/www.foolography.com\/de\/faqs\/wie-fuhre-ich-firmware-updates-durch\/\"\n                                   data-post-id=\"ml5-11757-4\">\n\t\t\t\t\t\t\t\t\tMehr lesen&hellip;                                <\/a>\n                            <\/p>\n                        <\/div>\n                    <\/div>\n                <\/div>\n            <\/article>\n\t\t\t\r\n  <\/div>\r\n<\/section>","protected":false},"excerpt":{"rendered":"Produkt w\u00e4hlen Unleashed Entagged Unleashed &#8217;09 Barcode Edition Meistgelesenen FAQs","protected":false},"author":1,"featured_media":0,"parent":0,"menu_order":4,"comment_status":"closed","ping_status":"closed","template":"template-nosidebar.php","meta":{"footnotes":""},"yoast_head":"<!-- This site is optimized with the Yoast SEO plugin v22.8 - https:\/\/yoast.com\/wordpress\/plugins\/seo\/ -->\n<title>Support &#187; foolography<\/title>\n<meta name=\"robots\" content=\"index, follow, max-snippet:-1, max-image-preview:large, max-video-preview:-1\" \/>\n<link rel=\"canonical\" href=\"https:\/\/www.foolography.com\/de\/support\/\" \/>\n<meta property=\"og:locale\" content=\"de_DE\" \/>\n<meta property=\"og:type\" content=\"article\" \/>\n<meta property=\"og:title\" content=\"Support &#187; foolography\" \/>\n<meta property=\"og:description\" content=\"Produkt w\u00e4hlen Unleashed Entagged Unleashed &#8217;09 Barcode Edition Meistgelesenen FAQs\" \/>\n<meta property=\"og:url\" content=\"https:\/\/www.foolography.com\/de\/support\/\" \/>\n<meta property=\"og:site_name\" content=\"foolography\" \/>\n<meta property=\"article:publisher\" content=\"https:\/\/facebook.com\/foolography\" \/>\n<meta property=\"article:modified_time\" content=\"2024-01-02T14:57:11+00:00\" \/>\n<meta name=\"twitter:card\" content=\"summary_large_image\" \/>\n<meta name=\"twitter:site\" content=\"@foolography\" \/>\n<!-- \/ Yoast SEO plugin. -->","yoast_head_json":{"title":"Support &#187; foolography","robots":{"index":"index","follow":"follow","max-snippet":"max-snippet:-1","max-image-preview":"max-image-preview:large","max-video-preview":"max-video-preview:-1"},"canonical":"https:\/\/www.foolography.com\/de\/support\/","og_locale":"de_DE","og_type":"article","og_title":"Support &#187; foolography","og_description":"Produkt w\u00e4hlen Unleashed Entagged Unleashed &#8217;09 Barcode Edition Meistgelesenen FAQs","og_url":"https:\/\/www.foolography.com\/de\/support\/","og_site_name":"foolography","article_publisher":"https:\/\/facebook.com\/foolography","article_modified_time":"2024-01-02T14:57:11+00:00","twitter_card":"summary_large_image","twitter_site":"@foolography","schema":{"@context":"https:\/\/schema.org","@graph":[{"@type":"WebPage","@id":"https:\/\/www.foolography.com\/de\/support\/","url":"https:\/\/www.foolography.com\/de\/support\/","name":"Support &#187; foolography","isPartOf":{"@id":"https:\/\/www.foolography.com\/#website"},"datePublished":"2019-09-18T22:34:43+00:00","dateModified":"2024-01-02T14:57:11+00:00","breadcrumb":{"@id":"https:\/\/www.foolography.com\/de\/support\/#breadcrumb"},"inLanguage":"de-DE","potentialAction":[{"@type":"ReadAction","target":["https:\/\/www.foolography.com\/de\/support\/"]}]},{"@type":"BreadcrumbList","@id":"https:\/\/www.foolography.com\/de\/support\/#breadcrumb","itemListElement":[{"@type":"ListItem","position":1,"name":"Home","item":"https:\/\/www.foolography.com\/de\/"},{"@type":"ListItem","position":2,"name":"Support"}]},{"@type":"WebSite","@id":"https:\/\/www.foolography.com\/#website","url":"https:\/\/www.foolography.com\/","name":"foolography","description":"Smartes Kamerazubeh\u00f6r","publisher":{"@id":"https:\/\/www.foolography.com\/#organization"},"potentialAction":[{"@type":"SearchAction","target":{"@type":"EntryPoint","urlTemplate":"https:\/\/www.foolography.com\/?s={search_term_string}"},"query-input":"required name=search_term_string"}],"inLanguage":"de-DE"},{"@type":"Organization","@id":"https:\/\/www.foolography.com\/#organization","name":"Foolography","url":"https:\/\/www.foolography.com\/","logo":{"@type":"ImageObject","inLanguage":"de-DE","@id":"https:\/\/www.foolography.com\/#\/schema\/logo\/image\/","url":"https:\/\/www.foolography.com\/wp-content\/uploads\/favicon.png","contentUrl":"https:\/\/www.foolography.com\/wp-content\/uploads\/favicon.png","width":513,"height":512,"caption":"Foolography"},"image":{"@id":"https:\/\/www.foolography.com\/#\/schema\/logo\/image\/"},"sameAs":["https:\/\/facebook.com\/foolography","https:\/\/x.com\/foolography","https:\/\/www.instagram.com\/foolography\/","https:\/\/www.youtube.com\/user\/foolography"]}]}},"_links":{"self":[{"href":"https:\/\/www.foolography.com\/de\/wp-json\/wp\/v2\/pages\/11690"}],"collection":[{"href":"https:\/\/www.foolography.com\/de\/wp-json\/wp\/v2\/pages"}],"about":[{"href":"https:\/\/www.foolography.com\/de\/wp-json\/wp\/v2\/types\/page"}],"author":[{"embeddable":true,"href":"https:\/\/www.foolography.com\/de\/wp-json\/wp\/v2\/users\/1"}],"replies":[{"embeddable":true,"href":"https:\/\/www.foolography.com\/de\/wp-json\/wp\/v2\/comments?post=11690"}],"version-history":[{"count":3,"href":"https:\/\/www.foolography.com\/de\/wp-json\/wp\/v2\/pages\/11690\/revisions"}],"predecessor-version":[{"id":56245,"href":"https:\/\/www.foolography.com\/de\/wp-json\/wp\/v2\/pages\/11690\/revisions\/56245"}],"wp:attachment":[{"href":"https:\/\/www.foolography.com\/de\/wp-json\/wp\/v2\/media?parent=11690"}],"curies":[{"name":"wp","href":"https:\/\/api.w.org\/{rel}","templated":true}]}}