{"id":11703,"date":"2019-09-19T12:24:42","date_gmt":"2019-09-19T10:24:42","guid":{"rendered":"http:\/\/www.foolography.com\/produkte\/entagged\/kompatibilitaet\/"},"modified":"2024-10-09T14:20:27","modified_gmt":"2024-10-09T12:20:27","slug":"kompatibilitaet","status":"publish","type":"page","link":"https:\/\/www.foolography.com\/de\/produkte\/entagged\/kompatibilitaet\/","title":{"rendered":"Kompatibilit\u00e4t"},"content":{"rendered":"<section class=\"landing-section section-half-height\">\r\n <article class=\"grid grid-full section-half-height vc reveal\">\r\n   <h3>\u00a0<\/h3>\r\n   <p><img decoding=\"async\" src=\"\/wp-content\/uploads\/ENTAGGED-GOTPHOTO.svg\" alt=\"ENTAGGED - GOTPHOTO\" class=\"size-large\" \/><\/p>\r\n   <p>Wir freuen uns sehr, bekanntzugeben, dass das Entagged von Fotograf.de, der f\u00fchrenden End-to-End-Workflow- und E-Commerce-L\u00f6sung f\u00fcr Fotografen, \u00fcbernommen wurde. Mit dieser \u00dcbernahme beginnt ein spannendes neues Kapitel f\u00fcr uns, da wir unsere Kr\u00e4fte b\u00fcndeln, um unseren Kunden ein noch besseres Erlebnis mit neuen Funktionen und verbessertem Support zu bieten.<\/p>\r\n  <p><a href=\"\/de\/2024\/08\/14\/fotograf-de-uebernimmt-entagged\/\" class=\"learn-more\">Erfahre mehr \u00fcber die \u00dcbernahme<\/a><\/p>\r\n <\/article>\r\n<\/section>\r\n\r\n<!-- CAMERAS -->\r\n\r\n\r\n<section class=\"landing-section section-half-height bg-light\">\r\n <article class=\"grid grid-full section-half-height bg-light vc reveal\">\r\n<h1>ENTAGGED KOMPATIBILIT\u00c4T<\/h1>\r\n<h2 class=\"landing-section__title\">Kamera Kompatibilit\u00e4tsliste<\/h2>\r\n <\/article>\r\n<\/section>\r\n\r\n<section class=\"bg-light\" style=\"padding-left: 15%; padding-right: 15%;\">\r\n    <div id=\"wcfct_compatibility_table\" data-compat-product=\"entagged\"><\/div>\r\n<\/section>\r\n\r\n\r\n<!-- SCANNERS -->\r\n\r\n<a id=scanners> <\/a>\r\n<section class=\"landing-section section-quarter-height bg-light\">\r\n <article class=\"grid grid-full section-quarter-height bg-light vc reveal\">\r\n  <h2 class=\"landing-section__title\">Bluetooth Barcode\/RFID Scanner Kompatibilit\u00e4tsliste<\/h2>\r\n <\/article>\r\n<\/section>\r\n\r\n<section class=\"landing-section section-full-height bg-light\">\r\n <div class=\"grid grid-half bg-image section-full-height bg-light\" style=\"\tbackground-image: url('\/wp-content\/uploads\/45_Scanner-White-Background.jpg');\">\r\n <\/div>\r\n\r\n<article class=\"grid grid-half section-full-height bg-light vc\">\r\n\r\n  <h3 class=\"reveal\">Optionale drahtlose Scanner kompatibel mit dem Entagged:<\/h3>\r\n  <ul>\r\n   <li>OPTICON OPN2006: Laser Scanner f\u00fcr gedruckte 1D.Barcode.s<\/li>\r\n   <li>OPTICON PX-20: CCD Scanner f\u00fcr 1D und 2D (QR-) Codes. Kann Codes von Bildschirmen scannen.<\/li>\r\n   <li>TERTIUM NFC SCANNER: RFID Scanner f\u00fcr HF (13.56MHz) Tags\/Armb\u00e4nder, kompatibel mit ISO 15693 (iCODE, Tag-it, etc) und ISO 14443-A (Mifare, etc) Tags.<\/li>\r\n  <\/ul>\r\n <\/article>\r\n<\/section>\r\n\r\n\r\n\r\n\r\n\r\n<!-- SOFTWARE -->\r\n<!-- \r\n<a id=software> <\/a>\r\n<section class=\"landing-section section-quarter-height bg-light\">\r\n <article class=\"grid grid-full section-quarter-height bg-light vc reveal\">\r\n  <h2 class=\"landing-section__title landing-section__title--gradient\">Software\/Service Compatibility List<\/h2>\r\n <\/article>\r\n<\/section>\r\n\r\n<section class=\"landing-section section-quarter-height bg-light\">\r\n <article class=\"grid grid-half section-quarter-height bg-light vc reveal\">\r\n \r\n  <h3>Kommt bald...<\/h3>\r\n  \r\n  <ul>\r\n   <li>gotPhoto.com gotPhoto.co.uk fotograf.de<\/li>\r\n   <li>photolynx<\/li>\r\n   <li>H+H Lab Software<\/li>\r\n  <\/ul> \r\n <\/article>\r\n <article class=\"grid grid-half section-quarter-height bg-light vc reveal\">\r\n \r\n  <h3>Other<\/h3>\r\n  <ul>\r\n   <li><\/li>\r\n  <\/ul> \r\n <\/article>\r\n<\/section>\r\n-->\r\n\r\n<!-- Get Entagged -->\r\n\r\n<section class=\"landing-section section-full-height bg-light\">\r\n\r\n <div class=\"grid grid-half bg-image section-full-height bg-light\" style=\"background-image: url('\/wp-content\/uploads\/35_Camera-Entagged-iPhone-Buy-Now.jpg'); \r\n\tbackground-position: right center;\">\r\n <\/div>\r\n\r\n <article class=\"grid grid-half section-full-height bg-light vc reveal\">\r\n  <h3>Jetzt kaufen um Zeit und Geld zu sparen.<\/h3>\r\n  <p>Automatisieren Sie den Fotografie Prozess. Holen Sie sich das ENTAGGED und verkn\u00fcpfen Sie Kunden oder Produkte mit deren Fotos, so einfach wie es nur geht.<\/p>\r\n <p>Wir bieten eine 30 Tage Geld-zur\u00fcck-Garantie an.<\/a><\/p>\r\n  <p class=\"buy-button\"><a href=\"https:\/\/shop.gotphoto.com\/products\/entagged\">Jetzt kaufen<\/a><\/p>\r\n <\/article>\r\n\r\n<\/section>","protected":false},"excerpt":{"rendered":"\u00a0 Wir freuen uns sehr, bekanntzugeben, dass das Entagged von Fotograf.de, der f\u00fchrenden End-to-End-Workflow- und E-Commerce-L\u00f6sung f\u00fcr Fotografen, \u00fcbernommen wurde. Mit dieser \u00dcbernahme beginnt ein spannendes neues Kapitel f\u00fcr uns, da wir unsere Kr\u00e4fte b\u00fcndeln, um unseren Kunden ein noch besseres Erlebnis mit neuen Funktionen und verbessertem Support zu bieten. Erfahre mehr \u00fcber die \u00dcbernahme [&hellip;]","protected":false},"author":1,"featured_media":0,"parent":11664,"menu_order":4,"comment_status":"closed","ping_status":"closed","template":"template-fullwidth.php","meta":{"footnotes":""},"yoast_head":"<!-- This site is optimized with the Yoast SEO plugin v22.8 - https:\/\/yoast.com\/wordpress\/plugins\/seo\/ -->\n<title>Kompatibilit\u00e4t &#187; foolography<\/title>\n<meta name=\"robots\" content=\"index, follow, max-snippet:-1, max-image-preview:large, max-video-preview:-1\" \/>\n<link rel=\"canonical\" href=\"https:\/\/www.foolography.com\/products\/entagged\/compatibility\/\" \/>\n<meta property=\"og:locale\" content=\"de_DE\" \/>\n<meta property=\"og:type\" content=\"article\" \/>\n<meta property=\"og:title\" content=\"Kompatibilit\u00e4t &#187; foolography\" \/>\n<meta property=\"og:description\" content=\"\u00a0 Wir freuen uns sehr, bekanntzugeben, dass das Entagged von Fotograf.de, der f\u00fchrenden End-to-End-Workflow- und E-Commerce-L\u00f6sung f\u00fcr Fotografen, \u00fcbernommen wurde. Mit dieser \u00dcbernahme beginnt ein spannendes neues Kapitel f\u00fcr uns, da wir unsere Kr\u00e4fte b\u00fcndeln, um unseren Kunden ein noch besseres Erlebnis mit neuen Funktionen und verbessertem Support zu bieten. Erfahre mehr \u00fcber die \u00dcbernahme [&hellip;]\" \/>\n<meta property=\"og:url\" content=\"https:\/\/www.foolography.com\/products\/entagged\/compatibility\/\" \/>\n<meta property=\"og:site_name\" content=\"foolography\" \/>\n<meta property=\"article:publisher\" content=\"https:\/\/facebook.com\/foolography\" \/>\n<meta property=\"article:modified_time\" content=\"2024-10-09T12:20:27+00:00\" \/>\n<meta name=\"twitter:card\" content=\"summary_large_image\" \/>\n<meta name=\"twitter:site\" content=\"@foolography\" \/>\n<meta name=\"twitter:label1\" content=\"Est. reading time\" \/>\n\t<meta name=\"twitter:data1\" content=\"1 Minute\" \/>\n<!-- \/ Yoast SEO plugin. -->","yoast_head_json":{"title":"Kompatibilit\u00e4t &#187; foolography","robots":{"index":"index","follow":"follow","max-snippet":"max-snippet:-1","max-image-preview":"max-image-preview:large","max-video-preview":"max-video-preview:-1"},"canonical":"https:\/\/www.foolography.com\/products\/entagged\/compatibility\/","og_locale":"de_DE","og_type":"article","og_title":"Kompatibilit\u00e4t &#187; foolography","og_description":"\u00a0 Wir freuen uns sehr, bekanntzugeben, dass das Entagged von Fotograf.de, der f\u00fchrenden End-to-End-Workflow- und E-Commerce-L\u00f6sung f\u00fcr Fotografen, \u00fcbernommen wurde. Mit dieser \u00dcbernahme beginnt ein spannendes neues Kapitel f\u00fcr uns, da wir unsere Kr\u00e4fte b\u00fcndeln, um unseren Kunden ein noch besseres Erlebnis mit neuen Funktionen und verbessertem Support zu bieten. Erfahre mehr \u00fcber die \u00dcbernahme [&hellip;]","og_url":"https:\/\/www.foolography.com\/products\/entagged\/compatibility\/","og_site_name":"foolography","article_publisher":"https:\/\/facebook.com\/foolography","article_modified_time":"2024-10-09T12:20:27+00:00","twitter_card":"summary_large_image","twitter_site":"@foolography","twitter_misc":{"Est. reading time":"1 Minute"},"schema":{"@context":"https:\/\/schema.org","@graph":[{"@type":"WebPage","@id":"https:\/\/www.foolography.com\/products\/entagged\/compatibility\/","url":"https:\/\/www.foolography.com\/products\/entagged\/compatibility\/","name":"Kompatibilit\u00e4t &#187; foolography","isPartOf":{"@id":"https:\/\/www.foolography.com\/#website"},"datePublished":"2019-09-19T10:24:42+00:00","dateModified":"2024-10-09T12:20:27+00:00","breadcrumb":{"@id":"https:\/\/www.foolography.com\/products\/entagged\/compatibility\/#breadcrumb"},"inLanguage":"de-DE","potentialAction":[{"@type":"ReadAction","target":["https:\/\/www.foolography.com\/products\/entagged\/compatibility\/"]}]},{"@type":"BreadcrumbList","@id":"https:\/\/www.foolography.com\/products\/entagged\/compatibility\/#breadcrumb","itemListElement":[{"@type":"ListItem","position":1,"name":"Home","item":"https:\/\/www.foolography.com\/de\/"},{"@type":"ListItem","position":2,"name":"Produkte","item":"https:\/\/www.foolography.com\/de\/produkte\/"},{"@type":"ListItem","position":3,"name":"ENTAGGED","item":"https:\/\/www.foolography.com\/products\/entagged\/"},{"@type":"ListItem","position":4,"name":"Kompatibilit\u00e4t"}]},{"@type":"WebSite","@id":"https:\/\/www.foolography.com\/#website","url":"https:\/\/www.foolography.com\/","name":"foolography","description":"Smartes Kamerazubeh\u00f6r","publisher":{"@id":"https:\/\/www.foolography.com\/#organization"},"potentialAction":[{"@type":"SearchAction","target":{"@type":"EntryPoint","urlTemplate":"https:\/\/www.foolography.com\/?s={search_term_string}"},"query-input":"required name=search_term_string"}],"inLanguage":"de-DE"},{"@type":"Organization","@id":"https:\/\/www.foolography.com\/#organization","name":"Foolography","url":"https:\/\/www.foolography.com\/","logo":{"@type":"ImageObject","inLanguage":"de-DE","@id":"https:\/\/www.foolography.com\/#\/schema\/logo\/image\/","url":"https:\/\/www.foolography.com\/wp-content\/uploads\/favicon.png","contentUrl":"https:\/\/www.foolography.com\/wp-content\/uploads\/favicon.png","width":513,"height":512,"caption":"Foolography"},"image":{"@id":"https:\/\/www.foolography.com\/#\/schema\/logo\/image\/"},"sameAs":["https:\/\/facebook.com\/foolography","https:\/\/x.com\/foolography","https:\/\/www.instagram.com\/foolography\/","https:\/\/www.youtube.com\/user\/foolography"]}]}},"_links":{"self":[{"href":"https:\/\/www.foolography.com\/de\/wp-json\/wp\/v2\/pages\/11703"}],"collection":[{"href":"https:\/\/www.foolography.com\/de\/wp-json\/wp\/v2\/pages"}],"about":[{"href":"https:\/\/www.foolography.com\/de\/wp-json\/wp\/v2\/types\/page"}],"author":[{"embeddable":true,"href":"https:\/\/www.foolography.com\/de\/wp-json\/wp\/v2\/users\/1"}],"replies":[{"embeddable":true,"href":"https:\/\/www.foolography.com\/de\/wp-json\/wp\/v2\/comments?post=11703"}],"version-history":[{"count":25,"href":"https:\/\/www.foolography.com\/de\/wp-json\/wp\/v2\/pages\/11703\/revisions"}],"predecessor-version":[{"id":69313,"href":"https:\/\/www.foolography.com\/de\/wp-json\/wp\/v2\/pages\/11703\/revisions\/69313"}],"up":[{"embeddable":true,"href":"https:\/\/www.foolography.com\/de\/wp-json\/wp\/v2\/pages\/11664"}],"wp:attachment":[{"href":"https:\/\/www.foolography.com\/de\/wp-json\/wp\/v2\/media?parent=11703"}],"curies":[{"name":"wp","href":"https:\/\/api.w.org\/{rel}","templated":true}]}}