{"id":11729,"date":"2019-09-19T18:36:04","date_gmt":"2019-09-19T16:36:04","guid":{"rendered":"http:\/\/www.foolography.com\/kontakt\/"},"modified":"2024-09-03T12:44:47","modified_gmt":"2024-09-03T10:44:47","slug":"kontakt","status":"publish","type":"page","link":"https:\/\/www.foolography.com\/de\/kontakt\/","title":{"rendered":"Kontakt"},"content":{"rendered":"<section class=\"section-splash section-half-height\">\r\n <article class=\"grid-full section-half-height header vc \">\r\n  <h1 class=>KONTAKT.<\/h1>\r\n <\/article>\r\n \r\n<\/section>\r\n\r\n<section class=\"landing-section section-full-height\">\r\n\r\n<article class=\"grid grid-full section-full-height\">\r\n   <h3>foolography GmbH<\/h3>\r\n   <p>\r\n<strong>B\u00fcro:<\/strong><br \/>\r\nLiselotte-Herrmann-Stra\u00dfe 36<br \/>\r\n10407 Berlin<br \/>\r\nDeutschland\r\n<\/p>\r\n<p><strong>F\u00fcr Support:<\/strong><br \/>\r\nBitte schauen Sie sich zuerst die <a href=\"https:\/\/www.foolography.com\/de\/start\/\" rel=\"noopener\" target=\"_blank\">Erste Schritte Seite<\/a>, unsere <a href=\"https:\/\/www.foolography.com\/support\/\">FAQs<\/a> oder unser <a href=\"https:\/\/www.foolography.com\/community\/\">Forum<\/a>.<br \/>\r\nF\u00fcr Updates bez\u00fcglich Produktion und Versand bitte <a href=\"https:\/\/www.foolography.com\/de\/versand-updates\/\">hier<\/a> klicken.<br \/>\r\nUm uns eine Support-Anfrage zum <strong>Unleashed<\/strong> zu schicken, bitte <a href=\"https:\/\/www.foolography.com\/de\/support-anfrage\/\" rel=\"noopener\" target=\"_blank\">hier<\/a> klicken.<br \/>\r\nUm uns eine Support-Anfrage zum <strong>Entagged<\/strong> zu schicken, bitte <a href=\"https:\/\/help.gotphoto.com\/de\/support\/tickets\/new\" rel=\"noopener\" target=\"_blank\">hier<\/a> klicken.<br \/>\r\n<\/p>\r\n<p><strong>F\u00fcr generelle Anfragen &#8211; keine Support- oder Entagged Anfragen:<\/strong><br \/>\r\n<a href=\"mailto:info@foolography.com\">info@foolography.com<\/a><br \/>\r\nTel.: +49 30 12089681<br \/>\r\nMon-Fri \u00a0 10:30AM &#8211; 6:00PM<br \/>\r\n<\/p>\r\n<p><strong>Eingetragene Addresse:<br \/>\r\nGreifswalder Stra\u00dfe 9, 10405 Berlin<br \/>\r\nUSt-IdNr.(VATIN): DE263567148<br \/>\r\nHRB 164806<br \/>\r\nAmtsgericht Charlottenburg<br \/>\r\nCEO: Oliver Perialis<\/p>\r\n<!--Handelsregister -\r\nsoweit der Teledienst im Rahmen einer T\u00e4tigkeit angeboten oder erbracht wird, die der beh\u00f6rdlichen Zulassung bedarf, Angaben zur zust\u00e4ndigen Aufsichtsbeh\u00f6rde,\r\n4. das Handelsregister, Vereinsregister, Partnerschaftsregister oder Genossenschaftsregister, in das sie eingetragen sind, und die entsprechende Registernummer,\r\n5. soweit der Teledienst in Aus\u00fcbung eines Berufs im Sinne von Artikel 1 Buchstabe d der Richtlinie 89\/48\/EWG des Rates vom 21. Dezember 1988 \u00fcber eine allgemeine Regelung zur Anerkennung der Hochschuldiplome, die eine mindestens 3-j\u00e4hrige Berufsausbildung abschlie\u00dfen (ABl. EG Nr. L 19 S. 16), oder im Sinne von Artikel 1 Buchstabe f der Richtlinie 92\/51\/EWG des Rates vom 18. Juni 1992 \u00fcber eine zweite allgemeine Regelung zur Anerkennung beruflicher Bef\u00e4higungsnachweise in Erg\u00e4nzung zur Richtlinie 89\/48\/EWG (ABl. EG Nr. L 209 S. 25), die zuletzt durch die Richtlinie 97\/38\/EG der Kommission vom 20. Juni 1997 (ABl. EG Nr.L 184 S. 31) ge\u00e4ndert worden ist, angeboten oder erbracht wird, Angaben \u00fcber\r\na) die Kammer, welcher die Diensteanbieter angeh\u00f6ren,\r\nb) die gesetzliche Berufsbezeichnung und den Staat, in dem die Berufsbezeichnung verliehen worden ist,\r\nc) die Bezeichnung der berufsrechtlichen Regelungen und dazu, wie diese zug\u00e4nglich sind,\r\n6. in F\u00e4llen, in denen sie eine Umsatzsteueridentifikationsnummer nach \u00a727a des Umsatzsteuergesetzes besitzen, die Angabe dieser Nummer.\r\n-->\r\n <\/article>\r\n<\/section>\r\n","protected":false},"excerpt":{"rendered":"KONTAKT. foolography GmbH B\u00fcro: Liselotte-Herrmann-Stra\u00dfe 36 10407 Berlin Deutschland F\u00fcr Support: Bitte schauen Sie sich zuerst die Erste Schritte Seite, unsere FAQs oder unser Forum. F\u00fcr Updates bez\u00fcglich Produktion und Versand bitte hier klicken. Um uns eine Support-Anfrage zum Unleashed zu schicken, bitte hier klicken. Um uns eine Support-Anfrage zum Entagged zu schicken, bitte hier [&hellip;]","protected":false},"author":1,"featured_media":0,"parent":0,"menu_order":5,"comment_status":"closed","ping_status":"closed","template":"template-nosidebar.php","meta":{"footnotes":""},"yoast_head":"<!-- This site is optimized with the Yoast SEO plugin v22.8 - https:\/\/yoast.com\/wordpress\/plugins\/seo\/ -->\n<title>Kontakt &#187; foolography<\/title>\n<meta name=\"robots\" content=\"index, follow, max-snippet:-1, max-image-preview:large, max-video-preview:-1\" \/>\n<link rel=\"canonical\" href=\"https:\/\/www.foolography.com\/de\/kontakt\/\" \/>\n<meta property=\"og:locale\" content=\"de_DE\" \/>\n<meta property=\"og:type\" content=\"article\" \/>\n<meta property=\"og:title\" content=\"Kontakt &#187; foolography\" \/>\n<meta property=\"og:description\" content=\"KONTAKT. foolography GmbH B\u00fcro: Liselotte-Herrmann-Stra\u00dfe 36 10407 Berlin Deutschland F\u00fcr Support: Bitte schauen Sie sich zuerst die Erste Schritte Seite, unsere FAQs oder unser Forum. F\u00fcr Updates bez\u00fcglich Produktion und Versand bitte hier klicken. Um uns eine Support-Anfrage zum Unleashed zu schicken, bitte hier klicken. Um uns eine Support-Anfrage zum Entagged zu schicken, bitte hier [&hellip;]\" \/>\n<meta property=\"og:url\" content=\"https:\/\/www.foolography.com\/de\/kontakt\/\" \/>\n<meta property=\"og:site_name\" content=\"foolography\" \/>\n<meta property=\"article:publisher\" content=\"https:\/\/facebook.com\/foolography\" \/>\n<meta property=\"article:modified_time\" content=\"2024-09-03T10:44:47+00:00\" \/>\n<meta name=\"twitter:card\" content=\"summary_large_image\" \/>\n<meta name=\"twitter:site\" content=\"@foolography\" \/>\n<meta name=\"twitter:label1\" content=\"Est. reading time\" \/>\n\t<meta name=\"twitter:data1\" content=\"1 Minute\" \/>\n<!-- \/ Yoast SEO plugin. -->","yoast_head_json":{"title":"Kontakt &#187; foolography","robots":{"index":"index","follow":"follow","max-snippet":"max-snippet:-1","max-image-preview":"max-image-preview:large","max-video-preview":"max-video-preview:-1"},"canonical":"https:\/\/www.foolography.com\/de\/kontakt\/","og_locale":"de_DE","og_type":"article","og_title":"Kontakt &#187; foolography","og_description":"KONTAKT. foolography GmbH B\u00fcro: Liselotte-Herrmann-Stra\u00dfe 36 10407 Berlin Deutschland F\u00fcr Support: Bitte schauen Sie sich zuerst die Erste Schritte Seite, unsere FAQs oder unser Forum. F\u00fcr Updates bez\u00fcglich Produktion und Versand bitte hier klicken. Um uns eine Support-Anfrage zum Unleashed zu schicken, bitte hier klicken. Um uns eine Support-Anfrage zum Entagged zu schicken, bitte hier [&hellip;]","og_url":"https:\/\/www.foolography.com\/de\/kontakt\/","og_site_name":"foolography","article_publisher":"https:\/\/facebook.com\/foolography","article_modified_time":"2024-09-03T10:44:47+00:00","twitter_card":"summary_large_image","twitter_site":"@foolography","twitter_misc":{"Est. reading time":"1 Minute"},"schema":{"@context":"https:\/\/schema.org","@graph":[{"@type":"WebPage","@id":"https:\/\/www.foolography.com\/de\/kontakt\/","url":"https:\/\/www.foolography.com\/de\/kontakt\/","name":"Kontakt &#187; foolography","isPartOf":{"@id":"https:\/\/www.foolography.com\/#website"},"datePublished":"2019-09-19T16:36:04+00:00","dateModified":"2024-09-03T10:44:47+00:00","breadcrumb":{"@id":"https:\/\/www.foolography.com\/de\/kontakt\/#breadcrumb"},"inLanguage":"de-DE","potentialAction":[{"@type":"ReadAction","target":["https:\/\/www.foolography.com\/de\/kontakt\/"]}]},{"@type":"BreadcrumbList","@id":"https:\/\/www.foolography.com\/de\/kontakt\/#breadcrumb","itemListElement":[{"@type":"ListItem","position":1,"name":"Home","item":"https:\/\/www.foolography.com\/de\/"},{"@type":"ListItem","position":2,"name":"Kontakt"}]},{"@type":"WebSite","@id":"https:\/\/www.foolography.com\/#website","url":"https:\/\/www.foolography.com\/","name":"foolography","description":"Smartes Kamerazubeh\u00f6r","publisher":{"@id":"https:\/\/www.foolography.com\/#organization"},"potentialAction":[{"@type":"SearchAction","target":{"@type":"EntryPoint","urlTemplate":"https:\/\/www.foolography.com\/?s={search_term_string}"},"query-input":"required name=search_term_string"}],"inLanguage":"de-DE"},{"@type":"Organization","@id":"https:\/\/www.foolography.com\/#organization","name":"Foolography","url":"https:\/\/www.foolography.com\/","logo":{"@type":"ImageObject","inLanguage":"de-DE","@id":"https:\/\/www.foolography.com\/#\/schema\/logo\/image\/","url":"https:\/\/www.foolography.com\/wp-content\/uploads\/favicon.png","contentUrl":"https:\/\/www.foolography.com\/wp-content\/uploads\/favicon.png","width":513,"height":512,"caption":"Foolography"},"image":{"@id":"https:\/\/www.foolography.com\/#\/schema\/logo\/image\/"},"sameAs":["https:\/\/facebook.com\/foolography","https:\/\/x.com\/foolography","https:\/\/www.instagram.com\/foolography\/","https:\/\/www.youtube.com\/user\/foolography"]}]}},"_links":{"self":[{"href":"https:\/\/www.foolography.com\/de\/wp-json\/wp\/v2\/pages\/11729"}],"collection":[{"href":"https:\/\/www.foolography.com\/de\/wp-json\/wp\/v2\/pages"}],"about":[{"href":"https:\/\/www.foolography.com\/de\/wp-json\/wp\/v2\/types\/page"}],"author":[{"embeddable":true,"href":"https:\/\/www.foolography.com\/de\/wp-json\/wp\/v2\/users\/1"}],"replies":[{"embeddable":true,"href":"https:\/\/www.foolography.com\/de\/wp-json\/wp\/v2\/comments?post=11729"}],"version-history":[{"count":11,"href":"https:\/\/www.foolography.com\/de\/wp-json\/wp\/v2\/pages\/11729\/revisions"}],"predecessor-version":[{"id":67277,"href":"https:\/\/www.foolography.com\/de\/wp-json\/wp\/v2\/pages\/11729\/revisions\/67277"}],"wp:attachment":[{"href":"https:\/\/www.foolography.com\/de\/wp-json\/wp\/v2\/media?parent=11729"}],"curies":[{"name":"wp","href":"https:\/\/api.w.org\/{rel}","templated":true}]}}