{"id":11730,"date":"2019-09-19T18:36:17","date_gmt":"2019-09-19T16:36:17","guid":{"rendered":"http:\/\/www.foolography.com\/presse\/"},"modified":"2021-10-21T13:57:28","modified_gmt":"2021-10-21T11:57:28","slug":"presse","status":"publish","type":"page","link":"https:\/\/www.foolography.com\/de\/presse\/","title":{"rendered":"Presse"},"content":{"rendered":"<!-- Splash Video -->\r\n<section class=\"section-splash section-full-height\">\r\n <article class=\"grid-full section-full-height header vc\">\r\n  <h1 class=\"headline\">PRESSE<\/h1>\r\n  <h2 class=\"subtitle\">Foolography Presseraum<\/h2>\r\n <\/article>\r\n\r\n  <video class=\"bg-video-cover bg-attach-bottom\" preload=\"auto\" autoplay loop muted playsinline webkit-playsinline\r\n         poster=\"\/wp-content\/uploads\/64_closeup-iphone_Preview.jpg\" >\r\n  <source src=\"\/wp-content\/uploads\/Timelapse-Berlin.mp4\" type=\"video\/mp4\">\r\n  <source src=\"\/wp-content\/uploads\/Timelapse-Berlin.webmsd.webm\" type=\"video\/webm\">\r\n  <source src=\"\/wp-content\/uploads\/Timelapse-Berlin.oggtheora.ogv\" type=\"video\/ogg\">\r\n  <img decoding=\"async\" class=\"bg-video-cover bg-attach-bottom\" src=\"\/wp-content\/uploads\/64_closeup-iphone_Preview.jpg\" \/>\r\n <\/video>\r\n<\/section>\r\n\r\n\r\n<!-- Contact Info -->\r\n<section class=\"landing-section landing-section__tiles landing-section--alt section-quarter-height\">\r\n <article class=\"grid grid-full section-quarter-height vc reveal\">\r\n  <p class = \"large\">F\u00fcr Presseanfragen:<br \/> <\/p>\r\n  <p>Kontaktieren Sie bitte Oliver Perialis<br \/>  \r\n  <a href=\"mailto:press@foolography.com\">press@foolography.com<\/a><br \/>\r\n  Tel.: +49 30 12089681<br \/>\r\n  <\/p>\r\n  <p>Postaddresse:<br \/>\r\n  Greifswalder Stra\u00dfe 9, 10405 Berlin<br \/><\/p>\r\n <\/article>\r\n<\/section>\r\n\r\n\r\n  <!-- Latest Press Release -->\r\n\r\n<section class=\"landing-section section-full-height\">\r\n\r\n <article class=\"grid grid-full section-quarter-height vc reveal\">\r\n    <h3>Neuste Pressemeldung<\/h3>\r\n  <\/article>\r\n\r\n  <article class=\"grid grid-half section-full-height vc reveal\">\r\n\r\n<br \/>\r\n    <h4>Foolography stellt das neue Unleashed &#8217;22 auf Kickstarter vor<\/h4>\r\n    <p>Berlin, 26 October 2021 &#8211; Foolography startet die Kickstarter Kampagne f\u00fcr das Unleashed &#8217;22. Es ist jetzt kompatibel mit weiteren Kameramarken, unterst\u00fctzt fast alle spiegellose Kameras und SLRs von Canon, Nikon, Sony, Fujifilm und Panasonic und ist um viele Feature W\u00fcnsche erweitert worden.<\/p>\r\n\r\n<p><a class=\"learn-more\" href=\"\/wp-content\/uploads\/DE-press-release.pdf\">Download als PDF (Deutsch)<\/a><br \/>\r\n    <a class=\"learn-more\" href=\"\/wp-content\/uploads\/EN-press-release.pdf\">Download als PDF (Englisch)<\/a><\/p>\r\n<br \/>\r\n\r\n \r\n  <\/article>\r\n\r\n\r\n  <div class=\"grid grid-half bg-image-cover section-full-height\"\r\n       style=\"background-image: url('\/wp-content\/uploads\/Press-Release-Icon.png'); background-position: center center\"><\/div>\r\n\r\n<article class=\"grid grid-full section-quarter-height vc reveal\">\r\n    <p class=\"buy-button\"><a href=\"\/press\/press-archive\">Pressearchiv<\/a>\r\n  <\/article>\r\n<\/section>\r\n\r\n\r\n\r\n\r\n<!-- Story and Management -->\r\n<section class=\"landing-section landing-section__tiles landing-section--alt section-full-height\">\r\n <article class=\"grid grid-full section-quarter-height vc reveal-60\">\r\n     <h3>Story &#038; Management<\/h3>\r\n  <\/article>\r\n\r\n <article class=\"grid grid-full section-half-height\">\r\n      <div class=\"grid grid-full bg-image-cover section-half-height\" \r\n           style=\"background-image: url('\/wp-content\/uploads\/Foolography-team-scaled.jpg'); background-position: center center;\"><\/div>\r\n  <\/article>\r\n\r\n <article class=\"grid grid-full section-quarter-height vc reveal\">\r\n<p>Foolography ist ein Team leidenschaftlicher Ingenieure und Fotografen mit Sitz in Berlin. Seit der Gr\u00fcndung 2009 wurden sie zu professionellen Herstellern, die Nischen-Kamera-Zubeh\u00f6r von h\u00f6chster Qualit\u00e4t, Made In Germany, bauen. Alles begann damit, dass Oliver Perialis eine L\u00f6sung suchte, um seine Reisefotos einfach und unkompliziert zu geotaggen. Es gab jedoch keine brauchbare L\u00f6sung, obwohl seine D200 direktes Geotagging unterst\u00fctzte. Oliver baute f\u00fcr sich selbst und einige Freunde die Prototypen eines Bluetooth Moduls f\u00fcr Geotagging. Bald gab es allerdings online und bei der photokina 2008 so viel Nachfrage, dass er die Foolography GmbH gr\u00fcndete und 2009 das Unleashed &#8217;09 entwickelte und ver\u00f6ffentlichte. Es gewann bei der PMA&#8217;09 den DIMA 2009 Innovative Digital Product Award und ist bis heute die kleinste L\u00f6sung f\u00fcr direktes Geotagging. Nach f\u00fcnf Jahren im Business und einer zweiten preisgekr\u00f6nten Produktlinie (die Barcode Edition von Foolography gewann den DIMA 2010 Innovative Digital Product Award und war Retailer Hot Pick und Pro Photographer Hot Pick bei der PMA2010), sowie Tausenden von zufriedenen Kunden, ist Foolography im Jahr 2014 nach Berlin gezogen. Unter F\u00fchrung von Oliver &#038; Sophia Perialis und einem Team von 8 leidenschaftlichen Mitarbeitern ist Foolography nun bereit, mit dem neuen Unleashed in einen gr\u00f6\u00dferen Markt zu starten.<\/p>\r\n <\/article>\r\n <\/section>\r\n\r\n\r\n<!-- Media Library -->\r\n<section class=\"landing-section section-full-height\">\r\n <article class=\"grid grid-full section-full-height vc reveal\">\r\n  <h2>Medienbibliothek<\/h2>\r\n<p>Klicken Sie die Links um Fotos anzusehen und herunterzuladen.<\/p>\r\n<br \/>\r\n\r\n<p><a class=\"learn-more\" href=\"https:\/\/drive.google.com\/drive\/folders\/1wFpbZS2ntxwBX43Sx0HECUswE6cOcDY9?usp=sharing\">Unleashed &#8217;22 Media<\/a>\r\n\r\n\r\n <p><a class=\"learn-more\" href=\"https:\/\/www.foolography.com\/press\/logo-assets\/\">Logo Assets<\/a>\r\n\r\n<!--\r\n <p><a class=\"learn-more\" href=\"https:\/\/www.foolography.com\/press\/logo-assets\/\">Logo Dateien<\/a>\r\n\r\n <p><a class=\"learn-more\" href=\"http:\/\/www.foolography.com\/press\/product-images\/\">Produktfotos<\/a>\r\n\r\n <p><a class=\"learn-more\" href=\"http:\/\/www.foolography.com\/press\/lifestyle-images\/\">Lifestyle Fotos<\/a>\r\n\r\n <p><a class=\"learn-more\" href=\"http:\/\/www.foolography.com\/press\/management-photos\/\">Management<\/a>\r\n-->\r\n <\/article>\r\n<\/section>\r\n\r\n\r\n<!-- Previous Mentions -->\r\n<section class=\"landing-section landing-section__tiles landing-section--alt section-quarter-height\">\r\n <article class=\"grid grid-full section-quarter-height vc reveal\">\r\n <h3>Berichterstattung<\/h3>\r\n    <p class=\"buy-button\"><a href=\"\/press\/previous-mentions\/\">Sehen Sie bisherige Artikel<\/a>\r\n <\/article>\r\n<\/section>","protected":false},"excerpt":{"rendered":"PRESSE Foolography Presseraum F\u00fcr Presseanfragen: Kontaktieren Sie bitte Oliver Perialis press@foolography.com Tel.: +49 30 12089681 Postaddresse: Greifswalder Stra\u00dfe 9, 10405 Berlin Neuste Pressemeldung Foolography stellt das neue Unleashed &#8217;22 auf Kickstarter vor Berlin, 26 October 2021 &#8211; Foolography startet die Kickstarter Kampagne f\u00fcr das Unleashed &#8217;22. Es ist jetzt kompatibel mit weiteren Kameramarken, unterst\u00fctzt fast [&hellip;]","protected":false},"author":1,"featured_media":0,"parent":0,"menu_order":6,"comment_status":"closed","ping_status":"closed","template":"template-fullwidth.php","meta":{"footnotes":""},"yoast_head":"<!-- This site is optimized with the Yoast SEO plugin v22.8 - https:\/\/yoast.com\/wordpress\/plugins\/seo\/ -->\n<title>Presse &#187; foolography<\/title>\n<meta name=\"robots\" content=\"index, follow, max-snippet:-1, max-image-preview:large, max-video-preview:-1\" \/>\n<link rel=\"canonical\" href=\"https:\/\/www.foolography.com\/de\/presse\/\" \/>\n<meta property=\"og:locale\" content=\"de_DE\" \/>\n<meta property=\"og:type\" content=\"article\" \/>\n<meta property=\"og:title\" content=\"Presse &#187; foolography\" \/>\n<meta property=\"og:description\" content=\"PRESSE Foolography Presseraum F\u00fcr Presseanfragen: Kontaktieren Sie bitte Oliver Perialis press@foolography.com Tel.: +49 30 12089681 Postaddresse: Greifswalder Stra\u00dfe 9, 10405 Berlin Neuste Pressemeldung Foolography stellt das neue Unleashed &#8217;22 auf Kickstarter vor Berlin, 26 October 2021 &#8211; Foolography startet die Kickstarter Kampagne f\u00fcr das Unleashed &#8217;22. Es ist jetzt kompatibel mit weiteren Kameramarken, unterst\u00fctzt fast [&hellip;]\" \/>\n<meta property=\"og:url\" content=\"https:\/\/www.foolography.com\/de\/presse\/\" \/>\n<meta property=\"og:site_name\" content=\"foolography\" \/>\n<meta property=\"article:publisher\" content=\"https:\/\/facebook.com\/foolography\" \/>\n<meta property=\"article:modified_time\" content=\"2021-10-21T11:57:28+00:00\" \/>\n<meta property=\"og:image\" content=\"https:\/\/www.foolography.com\/wp-content\/uploads\/64_closeup-iphone_Preview.jpg\" \/>\n<meta name=\"twitter:card\" content=\"summary_large_image\" \/>\n<meta name=\"twitter:site\" content=\"@foolography\" \/>\n<meta name=\"twitter:label1\" content=\"Est. reading time\" \/>\n\t<meta name=\"twitter:data1\" content=\"2 Minuten\" \/>\n<!-- \/ Yoast SEO plugin. -->","yoast_head_json":{"title":"Presse &#187; foolography","robots":{"index":"index","follow":"follow","max-snippet":"max-snippet:-1","max-image-preview":"max-image-preview:large","max-video-preview":"max-video-preview:-1"},"canonical":"https:\/\/www.foolography.com\/de\/presse\/","og_locale":"de_DE","og_type":"article","og_title":"Presse &#187; foolography","og_description":"PRESSE Foolography Presseraum F\u00fcr Presseanfragen: Kontaktieren Sie bitte Oliver Perialis press@foolography.com Tel.: +49 30 12089681 Postaddresse: Greifswalder Stra\u00dfe 9, 10405 Berlin Neuste Pressemeldung Foolography stellt das neue Unleashed &#8217;22 auf Kickstarter vor Berlin, 26 October 2021 &#8211; Foolography startet die Kickstarter Kampagne f\u00fcr das Unleashed &#8217;22. Es ist jetzt kompatibel mit weiteren Kameramarken, unterst\u00fctzt fast [&hellip;]","og_url":"https:\/\/www.foolography.com\/de\/presse\/","og_site_name":"foolography","article_publisher":"https:\/\/facebook.com\/foolography","article_modified_time":"2021-10-21T11:57:28+00:00","og_image":[{"url":"https:\/\/www.foolography.com\/wp-content\/uploads\/64_closeup-iphone_Preview.jpg"}],"twitter_card":"summary_large_image","twitter_site":"@foolography","twitter_misc":{"Est. reading time":"2 Minuten"},"schema":{"@context":"https:\/\/schema.org","@graph":[{"@type":"WebPage","@id":"https:\/\/www.foolography.com\/de\/presse\/","url":"https:\/\/www.foolography.com\/de\/presse\/","name":"Presse &#187; foolography","isPartOf":{"@id":"https:\/\/www.foolography.com\/#website"},"datePublished":"2019-09-19T16:36:17+00:00","dateModified":"2021-10-21T11:57:28+00:00","breadcrumb":{"@id":"https:\/\/www.foolography.com\/de\/presse\/#breadcrumb"},"inLanguage":"de-DE","potentialAction":[{"@type":"ReadAction","target":["https:\/\/www.foolography.com\/de\/presse\/"]}]},{"@type":"BreadcrumbList","@id":"https:\/\/www.foolography.com\/de\/presse\/#breadcrumb","itemListElement":[{"@type":"ListItem","position":1,"name":"Home","item":"https:\/\/www.foolography.com\/de\/"},{"@type":"ListItem","position":2,"name":"Presse"}]},{"@type":"WebSite","@id":"https:\/\/www.foolography.com\/#website","url":"https:\/\/www.foolography.com\/","name":"foolography","description":"Smartes Kamerazubeh\u00f6r","publisher":{"@id":"https:\/\/www.foolography.com\/#organization"},"potentialAction":[{"@type":"SearchAction","target":{"@type":"EntryPoint","urlTemplate":"https:\/\/www.foolography.com\/?s={search_term_string}"},"query-input":"required name=search_term_string"}],"inLanguage":"de-DE"},{"@type":"Organization","@id":"https:\/\/www.foolography.com\/#organization","name":"Foolography","url":"https:\/\/www.foolography.com\/","logo":{"@type":"ImageObject","inLanguage":"de-DE","@id":"https:\/\/www.foolography.com\/#\/schema\/logo\/image\/","url":"https:\/\/www.foolography.com\/wp-content\/uploads\/favicon.png","contentUrl":"https:\/\/www.foolography.com\/wp-content\/uploads\/favicon.png","width":513,"height":512,"caption":"Foolography"},"image":{"@id":"https:\/\/www.foolography.com\/#\/schema\/logo\/image\/"},"sameAs":["https:\/\/facebook.com\/foolography","https:\/\/x.com\/foolography","https:\/\/www.instagram.com\/foolography\/","https:\/\/www.youtube.com\/user\/foolography"]}]}},"_links":{"self":[{"href":"https:\/\/www.foolography.com\/de\/wp-json\/wp\/v2\/pages\/11730"}],"collection":[{"href":"https:\/\/www.foolography.com\/de\/wp-json\/wp\/v2\/pages"}],"about":[{"href":"https:\/\/www.foolography.com\/de\/wp-json\/wp\/v2\/types\/page"}],"author":[{"embeddable":true,"href":"https:\/\/www.foolography.com\/de\/wp-json\/wp\/v2\/users\/1"}],"replies":[{"embeddable":true,"href":"https:\/\/www.foolography.com\/de\/wp-json\/wp\/v2\/comments?post=11730"}],"version-history":[{"count":7,"href":"https:\/\/www.foolography.com\/de\/wp-json\/wp\/v2\/pages\/11730\/revisions"}],"predecessor-version":[{"id":29350,"href":"https:\/\/www.foolography.com\/de\/wp-json\/wp\/v2\/pages\/11730\/revisions\/29350"}],"wp:attachment":[{"href":"https:\/\/www.foolography.com\/de\/wp-json\/wp\/v2\/media?parent=11730"}],"curies":[{"name":"wp","href":"https:\/\/api.w.org\/{rel}","templated":true}]}}