{"id":12573,"date":"2020-02-11T17:53:56","date_gmt":"2020-02-11T15:53:56","guid":{"rendered":"http:\/\/www.foolography.com\/produkte\/unleashed\/timelapse\/"},"modified":"2020-02-11T18:04:56","modified_gmt":"2020-02-11T16:04:56","slug":"timelapse","status":"publish","type":"page","link":"https:\/\/www.foolography.com\/de\/produkte\/unleashed\/timelapse\/","title":{"rendered":"Timelapse"},"content":{"rendered":"<!-- Splash Video -->\r\n<section class=\"section-splash section-full-height\">\r\n <article class=\"grid-full section-full-height header vc\">\r\n  <h1 class=\"headline\">UNLEASHED<\/h1>\r\n  <h2 class=\"subtitle\">Hochentwickelte Timelapse-Steuerung f\u00fcr Canon und Nikon<\/h2>\r\n <\/article>\r\n\r\n  <video class=\"bg-video-cover bg-attach-bottom\" preload=\"auto\" autoplay loop muted playsinline webkit-playsinline\r\n         poster=\"\/wp-content\/uploads\/New-Unleashed-Loop-Short-2019-small-face.jpg\" >\r\n  <source src=\"\/wp-content\/uploads\/New-Unleashed-Loop-SEP-2019-480.mp4\" type=\"video\/mp4\">\r\n  <source src=\"\/wp-content\/uploads\/New-Unleashed-Loop-SEP-2019-480.webmsd.webm\" type=\"video\/webm\">\r\n  <source src=\"\/wp-content\/uploads\/New-Unleashed-Loop-SEP-2019-720.oggtheora.ogv\" type=\"video\/ogg\">\r\n  <img decoding=\"async\" class=\"bg-video-cover bg-attach-bottom\" src=\"\/wp-content\/uploads\/New-Unleashed-Loop-Short-2019-small-face.jpg\" \/>\r\n <\/video>\r\n<\/section>\r\n\r\n<!-- Crowdfunding Message-->\r\n<section class=\"landing-section section-full-height landing-section__tiles\">\r\n  <section class=\"landing-section section-splash section-full-height\">\r\n  <div class=\"grid grid-full bg-image-cover section-full-height\" \r\n       style=\" position: absolute; background-image: url('\/wp-content\/uploads\/Unleashed-Close-Up-Bokhe-Colors.jpg'); background-position: 25% 50%;\">\r\n<div class=\"hspacer grid grid-half\"><\/div>\r\n<article class=\"grid grid-half section-full-height vc text-center reveal-50\">\r\n <h4>Ein unglaublich kleines Ger\u00e4t. Dennoch das leistungsf\u00e4higste Zubeh\u00f6r, um mit deiner DSLR Zeitrafferaufnahmen zu erstellen.<\/h4>\r\n<\/br>\r\n <h4>An der Seite deiner Kamera. \u00dcber unsere kostenlose App gesteuert.<\/h4>      \r\n    <\/article>\r\n  <\/div>\r\n  <\/section>\r\n<\/section>\r\n\r\n<!-- BUY NOW -->\r\n<section class=\"landing-section section-half-height\">\r\n <article class=\"grid grid-full section-half-height vc reveal\">\r\n   <p class=\"buy-button\"><a href=\"\/de\/shop\/produkt\/unleashed\/\">Jetzt kaufen f\u00fcr <span class=\"woocommerce-Price-amount amount\"><bdi>167.23&nbsp;<span class=\"woocommerce-Price-currencySymbol\">&euro;<\/span><\/bdi><\/span><\/a>\r\n          <small>W\u00f6chentlicher Versand<\/small><\/p>\r\n <\/article>\r\n<\/section>\r\n\r\n\r\n\r\n<section class=\"landing-section section-full-height landing-section--alt landing-section__tiles\">\r\n\r\n  <!-- Timelapse -->\r\n<a name=\"timelapse\">&nbsp;<\/a>\r\n  <div class=\"section-full-height landing-section__tiles__wrapper\">\r\n    <div class=\"lading-section__image-wrap\">\r\n      <div class=\"grid grid-half bg-image-contain section-full-height\" \r\n           style=\"background-image: url('\/wp-content\/uploads\/Unleashed-App-Timelapse.jpg'); background-position: center center\"><\/div>\r\n    <\/div>\r\n\r\n    <article class=\"grid grid-half section-full-height vc reveal\">\r\n    <h3>Minimales Setup. In 1 Minute einsatzbereit.<\/h3>\r\n      <p>Ein Timelapse zu machen kann sehr viel Arbeit sein. Mit dem Unleashed hast du jedoch ein hochentwickeltes Intervalometer, das immer bereit ist. Steuere alle Einstellungen \u00fcber die App und klicke einfach Start. Das beste daran: Sobald die Einstellung per App gemacht sind, \u00fcbernimmt das Unleashed die Steuerung \u2013 egal ob die Bluetooth Verbindung noch besteht oder nicht. Die App kannst Du schlie\u00dfen oder aus der Ferne, z.B. vom Zelt aus, den Fortschritt \u00fcberpr\u00fcfen.<\/p> \r\n    <\/article>\r\n  <\/div>\r\n\r\n  <!-- Timelapse Video -->\r\n<a name=\"holygrail\"><\/a>\r\n  <section class=\"landing-section section-splash section-full-height\">\r\n    <video class=\"bg-video-cover section-full-height\" preload=\"auto\" autoplay loop muted playsinline webkit-playsinline>\r\n      <source src=\"\/wp-content\/uploads\/Milkyway-Timelapse.mp4.mp4\" type=\"video\/mp4\">\r\n      <source src=\"\/wp-content\/uploads\/Milkyway-Timelapse.mp4.webmsd.webm\" type=\"video\/webm\">\r\n      <source src=\"\/wp-content\/uploads\/Milkyway-Timelapse.mp4.oggtheora.ogv\" type=\"video\/ogg\">\r\n    <\/video>\r\n  <\/section>\r\n\r\n\r\n<\/section>\r\n\r\n\r\n\r\n<!-- Smart Technology -->\r\n<a name=\"technology\"><\/a>\r\n<section class=\"landing-section section-half-height\">\r\n  <article class=\"grid grid-full section-quarter-height vc reveal\">\r\n    <h3>SMARTE TECHNOLOGIE<\/h3>\r\n  <\/article>\r\n\r\n  <article class=\"grid grid-third section-half-height text-center circles reveal-70\">\r\n    <img decoding=\"async\" src=\"\/wp-content\/uploads\/Circle-Connection.svg\" class=\"aligncenter size-full\">\r\n    <h4>Kostenlose App mit benutzerfreundlichem Interface f\u00fcr Android und iOS.<\/h4>\r\n  <\/article>\r\n\r\n  <article class=\"grid grid-third section-half-height text-center circles reveal-60\">\r\n    <img decoding=\"async\" src=\"\/wp-content\/uploads\/Circle-BLE.svg\" class=\"aligncenter size-full\">\r\n    <h4>Schnell und stabil durch Bluetooth Low Energy. Ein \u00c4ndern der Wifi-Einstellungen ist nicht n\u00f6tig.<\/h4>\r\n  <\/article>\r\n\r\n  <article class=\"grid grid-third section-half-height text-center circles reveal-50\">\r\n    <img decoding=\"async\" src=\"\/wp-content\/uploads\/Circle-Battery.svg\" class=\"aligncenter size-full\">\r\n    <h4>Kein Laden notwendig da minimaler Stromverbrauch vom Kameraakku.<\/h4>\r\n  <\/article>\r\n\r\n<\/section>\r\n\r\n\r\n\r\n<section class=\"landing-section section-full-height landing-section--alt landing-section__tiles\">\r\n\r\n  <!-- Timelapse Video -->\r\n<a name=\"holygrail\"><\/a>\r\n  <section class=\"landing-section section-splash section-full-height\">\r\n    <video class=\"bg-video-cover section-full-height\" preload=\"auto\" autoplay loop muted playsinline webkit-playsinline>\r\n      <source src=\"\/wp-content\/uploads\/Timelapse-Berlin.mp4\" type=\"video\/mp4\">\r\n      <source src=\"\/wp-content\/uploads\/Timelapse-Berlin.webmsd.webm\" type=\"video\/webm\">\r\n      <source src=\"\/wp-content\/uploads\/Timelapse-Berlin.oggtheora.ogv\" type=\"video\/ogg\">\r\n    <\/video>\r\n<\/section>\r\n\r\n<section class=\"landing-section section-half-height\">\r\n <article class=\"grid grid-full section-half-height vc reveal\">\r\n     <h3>Automatische Belichtungs-Nachregelung f\u00fcr alle.<\/h3>\r\n      <p>Das Unleashed unterst\u00fctzt automatische, genaustens geregelte Belichtungskorrektur f\u00fcr ideale Tag-zu-Nacht Zeitraffer \u2013 der \u201eHeilige Gral\u201c. In der App kannst du f\u00fcr die Art der Belichtungsregelung zwischen Foolography Algorithmen oder Algorithmen von LRTimelapse w\u00e4hlen.<\/p> \r\n <\/article>\r\n<\/section>\r\n\r\n<\/section>\r\n\r\n\r\n<section class=\"landing-section section-half-height\">\r\n <article class=\"grid grid-full section-half-height vc reveal\">\r\n     <h3>Plus: Das Unleashed bietet noch viele weitere Funktionen&#8230;<\/h3>\r\n     <p class=\"buy-button\"><a href=\"\/de\/produkte\/unleashed\/\">Alle Funktionen<\/a><\/p>\r\n<p class=\"buy-button\"><a href=\"\/de\/faqs\/wie-richte-ich-uber-die-app-einen-zeitraffer-ein\/\">Die App in Aktion<\/a><\/p>\r\n <\/article>\r\n<\/section>\r\n\r\n\r\n\r\n<!-- Quote -->\r\n<section class=\"landing-section section-splash section-full-height\">\r\n  <article class=\"grid grid-full section-full-height vc overlay-transparent overlay-mobile-opaque reveal-60\">\r\n    <blockquote>\r\n      <p class=\"quote\">Mit dem Unleashed hat Foolography die bisher smarteste SLR Kamera Fernsteuerung herausgebracht.<\/p>\r\n      <p class=\"author\">TechCrunch<\/p>\r\n    <\/blockquote>\r\n  <\/article>\r\n\r\n  <div class=\"grid grid-full bg-image-cover section-full-height\" \r\n       style=\" position: absolute; background-image: url('\/wp-content\/uploads\/Sky-Background-MilkyWay-Website.jpg');\">\r\n  <\/div>\r\n<\/section>\r\n\r\n<!-- Get Unleashed -->\r\n<section class=\"landing-section section-full-height\">\r\n  <div class=\"hspacer grid grid-half\"><\/div>\r\n  <article class=\"grid grid-half section-full-height vc overlay-transparent overlay-mobile-opaque reveal\">\r\n    <h3>HOL DIR DAS UNLEASHED<\/h3>\r\n    <p>Das neue Unleashed hilft dir, die besten Fotos und die besten Videos aufzunehmen, die du je gemacht hast.<\/p>\r\n\r\n          <!--  <p><small><strong>In stock from midnight 14th of Febrauray 2019 (CET)<\/strong><\/small><\/p> -->\r\n\r\n\t  <p class=\"buy-button\"><a href=\"\/de\/shop\/produkt\/unleashed\/\">Jetzt kaufen f\u00fcr <span class=\"woocommerce-Price-amount amount\"><bdi>167.23&nbsp;<span class=\"woocommerce-Price-currencySymbol\">&euro;<\/span><\/bdi><\/span><\/a>\r\n          <small>W\u00f6chentlicher Versand<\/small><\/p>\r\n  <\/article>\r\n\r\n  <div class=\"grid grid-full bg-image-cover section-full-height\" \r\n       style=\" position: absolute; background-image: url('\/wp-content\/uploads\/Unleashed-Smart-Camera-Control-by-Foolography.jpg'); background-position: 10% 50%;\">\r\n  <\/div>\r\n<\/section>","protected":false},"excerpt":{"rendered":"UNLEASHED Hochentwickelte Timelapse-Steuerung f\u00fcr Canon und Nikon Ein unglaublich kleines Ger\u00e4t. Dennoch das leistungsf\u00e4higste Zubeh\u00f6r, um mit deiner DSLR Zeitrafferaufnahmen zu erstellen. An der Seite deiner Kamera. \u00dcber unsere kostenlose App gesteuert. Jetzt kaufen f\u00fcr W\u00f6chentlicher Versand &nbsp; Minimales Setup. In 1 Minute einsatzbereit. Ein Timelapse zu machen kann sehr viel Arbeit sein. Mit dem [&hellip;]","protected":false},"author":6,"featured_media":0,"parent":11634,"menu_order":0,"comment_status":"closed","ping_status":"closed","template":"template-fullwidth.php","meta":{"footnotes":""},"yoast_head":"<!-- This site is optimized with the Yoast SEO plugin v22.8 - https:\/\/yoast.com\/wordpress\/plugins\/seo\/ -->\n<title>Timelapse &#187; foolography<\/title>\n<meta name=\"robots\" content=\"index, follow, max-snippet:-1, max-image-preview:large, max-video-preview:-1\" \/>\n<link rel=\"canonical\" href=\"https:\/\/www.foolography.com\/products\/unleashed\/timelapse\/\" \/>\n<meta property=\"og:locale\" content=\"de_DE\" \/>\n<meta property=\"og:type\" content=\"article\" \/>\n<meta property=\"og:title\" content=\"Timelapse &#187; foolography\" \/>\n<meta property=\"og:description\" content=\"UNLEASHED Hochentwickelte Timelapse-Steuerung f\u00fcr Canon und Nikon Ein unglaublich kleines Ger\u00e4t. Dennoch das leistungsf\u00e4higste Zubeh\u00f6r, um mit deiner DSLR Zeitrafferaufnahmen zu erstellen. An der Seite deiner Kamera. \u00dcber unsere kostenlose App gesteuert. Jetzt kaufen f\u00fcr W\u00f6chentlicher Versand &nbsp; Minimales Setup. In 1 Minute einsatzbereit. Ein Timelapse zu machen kann sehr viel Arbeit sein. Mit dem [&hellip;]\" \/>\n<meta property=\"og:url\" content=\"https:\/\/www.foolography.com\/products\/unleashed\/timelapse\/\" \/>\n<meta property=\"og:site_name\" content=\"foolography\" \/>\n<meta property=\"article:publisher\" content=\"https:\/\/facebook.com\/foolography\" \/>\n<meta property=\"article:modified_time\" content=\"2020-02-11T16:04:56+00:00\" \/>\n<meta property=\"og:image\" content=\"https:\/\/www.foolography.com\/wp-content\/uploads\/New-Unleashed-Loop-Short-2019-small-face.jpg\" \/>\n<meta name=\"twitter:card\" content=\"summary_large_image\" \/>\n<meta name=\"twitter:site\" content=\"@foolography\" \/>\n<meta name=\"twitter:label1\" content=\"Est. reading time\" \/>\n\t<meta name=\"twitter:data1\" content=\"1 Minute\" \/>\n<!-- \/ Yoast SEO plugin. -->","yoast_head_json":{"title":"Timelapse &#187; foolography","robots":{"index":"index","follow":"follow","max-snippet":"max-snippet:-1","max-image-preview":"max-image-preview:large","max-video-preview":"max-video-preview:-1"},"canonical":"https:\/\/www.foolography.com\/products\/unleashed\/timelapse\/","og_locale":"de_DE","og_type":"article","og_title":"Timelapse &#187; foolography","og_description":"UNLEASHED Hochentwickelte Timelapse-Steuerung f\u00fcr Canon und Nikon Ein unglaublich kleines Ger\u00e4t. Dennoch das leistungsf\u00e4higste Zubeh\u00f6r, um mit deiner DSLR Zeitrafferaufnahmen zu erstellen. An der Seite deiner Kamera. \u00dcber unsere kostenlose App gesteuert. Jetzt kaufen f\u00fcr W\u00f6chentlicher Versand &nbsp; Minimales Setup. In 1 Minute einsatzbereit. Ein Timelapse zu machen kann sehr viel Arbeit sein. Mit dem [&hellip;]","og_url":"https:\/\/www.foolography.com\/products\/unleashed\/timelapse\/","og_site_name":"foolography","article_publisher":"https:\/\/facebook.com\/foolography","article_modified_time":"2020-02-11T16:04:56+00:00","og_image":[{"url":"https:\/\/www.foolography.com\/wp-content\/uploads\/New-Unleashed-Loop-Short-2019-small-face.jpg"}],"twitter_card":"summary_large_image","twitter_site":"@foolography","twitter_misc":{"Est. reading time":"1 Minute"},"schema":{"@context":"https:\/\/schema.org","@graph":[{"@type":"WebPage","@id":"https:\/\/www.foolography.com\/products\/unleashed\/timelapse\/","url":"https:\/\/www.foolography.com\/products\/unleashed\/timelapse\/","name":"Timelapse &#187; foolography","isPartOf":{"@id":"https:\/\/www.foolography.com\/#website"},"datePublished":"2020-02-11T15:53:56+00:00","dateModified":"2020-02-11T16:04:56+00:00","breadcrumb":{"@id":"https:\/\/www.foolography.com\/products\/unleashed\/timelapse\/#breadcrumb"},"inLanguage":"de-DE","potentialAction":[{"@type":"ReadAction","target":["https:\/\/www.foolography.com\/products\/unleashed\/timelapse\/"]}]},{"@type":"BreadcrumbList","@id":"https:\/\/www.foolography.com\/products\/unleashed\/timelapse\/#breadcrumb","itemListElement":[{"@type":"ListItem","position":1,"name":"Home","item":"https:\/\/www.foolography.com\/de\/"},{"@type":"ListItem","position":2,"name":"Produkte","item":"https:\/\/www.foolography.com\/de\/produkte\/"},{"@type":"ListItem","position":3,"name":"Unleashed","item":"https:\/\/www.foolography.com\/products\/unleashed\/"},{"@type":"ListItem","position":4,"name":"Timelapse"}]},{"@type":"WebSite","@id":"https:\/\/www.foolography.com\/#website","url":"https:\/\/www.foolography.com\/","name":"foolography","description":"Smartes Kamerazubeh\u00f6r","publisher":{"@id":"https:\/\/www.foolography.com\/#organization"},"potentialAction":[{"@type":"SearchAction","target":{"@type":"EntryPoint","urlTemplate":"https:\/\/www.foolography.com\/?s={search_term_string}"},"query-input":"required name=search_term_string"}],"inLanguage":"de-DE"},{"@type":"Organization","@id":"https:\/\/www.foolography.com\/#organization","name":"Foolography","url":"https:\/\/www.foolography.com\/","logo":{"@type":"ImageObject","inLanguage":"de-DE","@id":"https:\/\/www.foolography.com\/#\/schema\/logo\/image\/","url":"https:\/\/www.foolography.com\/wp-content\/uploads\/favicon.png","contentUrl":"https:\/\/www.foolography.com\/wp-content\/uploads\/favicon.png","width":513,"height":512,"caption":"Foolography"},"image":{"@id":"https:\/\/www.foolography.com\/#\/schema\/logo\/image\/"},"sameAs":["https:\/\/facebook.com\/foolography","https:\/\/x.com\/foolography","https:\/\/www.instagram.com\/foolography\/","https:\/\/www.youtube.com\/user\/foolography"]}]}},"_links":{"self":[{"href":"https:\/\/www.foolography.com\/de\/wp-json\/wp\/v2\/pages\/12573"}],"collection":[{"href":"https:\/\/www.foolography.com\/de\/wp-json\/wp\/v2\/pages"}],"about":[{"href":"https:\/\/www.foolography.com\/de\/wp-json\/wp\/v2\/types\/page"}],"author":[{"embeddable":true,"href":"https:\/\/www.foolography.com\/de\/wp-json\/wp\/v2\/users\/6"}],"replies":[{"embeddable":true,"href":"https:\/\/www.foolography.com\/de\/wp-json\/wp\/v2\/comments?post=12573"}],"version-history":[{"count":5,"href":"https:\/\/www.foolography.com\/de\/wp-json\/wp\/v2\/pages\/12573\/revisions"}],"predecessor-version":[{"id":12581,"href":"https:\/\/www.foolography.com\/de\/wp-json\/wp\/v2\/pages\/12573\/revisions\/12581"}],"up":[{"embeddable":true,"href":"https:\/\/www.foolography.com\/de\/wp-json\/wp\/v2\/pages\/11634"}],"wp:attachment":[{"href":"https:\/\/www.foolography.com\/de\/wp-json\/wp\/v2\/media?parent=12573"}],"curies":[{"name":"wp","href":"https:\/\/api.w.org\/{rel}","templated":true}]}}