{"id":12592,"date":"2020-02-12T12:17:35","date_gmt":"2020-02-12T10:17:35","guid":{"rendered":"http:\/\/www.foolography.com\/produkte\/unleashed\/direktes-geotagging\/"},"modified":"2020-02-12T12:23:53","modified_gmt":"2020-02-12T10:23:53","slug":"direktes-geotagging","status":"publish","type":"page","link":"https:\/\/www.foolography.com\/de\/produkte\/unleashed\/direktes-geotagging\/","title":{"rendered":"Direktes Geotagging"},"content":{"rendered":"<!-- Splash Video -->\r\n<section class=\"section-splash section-full-height\">\r\n <article class=\"grid-full section-full-height header vc\">\r\n  <h1 class=\"headline\">UNLEASHED<\/h1>\r\n  <h2 class=\"subtitle\">Direktes Geotagging f\u00fcr Canon and Nikon<\/h2>\r\n <\/article>\r\n\r\n  <video class=\"bg-video-cover bg-attach-bottom\" preload=\"auto\" autoplay loop muted playsinline webkit-playsinline\r\n         poster=\"\/wp-content\/uploads\/New-Unleashed-Loop-Short-2019-small-face.jpg\" >\r\n  <source src=\"\/wp-content\/uploads\/New-Unleashed-Loop-SEP-2019-480.mp4\" type=\"video\/mp4\">\r\n  <source src=\"\/wp-content\/uploads\/New-Unleashed-Loop-SEP-2019-480.webmsd.webm\" type=\"video\/webm\">\r\n  <source src=\"\/wp-content\/uploads\/New-Unleashed-Loop-SEP-2019-720.oggtheora.ogv\" type=\"video\/ogg\">\r\n  <img decoding=\"async\" class=\"bg-video-cover bg-attach-bottom\" src=\"\/wp-content\/uploads\/New-Unleashed-Loop-Short-2019-small-face.jpg\" \/>\r\n <\/video>\r\n<\/section>\r\n\r\n<!-- Crowdfunding Message-->\r\n<section class=\"landing-section section-full-height landing-section__tiles\">\r\n  <section class=\"landing-section section-splash section-full-height\">\r\n  <div class=\"grid grid-full bg-image-cover section-full-height\" \r\n       style=\" position: absolute; background-image: url('\/wp-content\/uploads\/Unleashed-Close-Up-Bokhe-Colors.jpg'); background-position: 25% 50%;\">\r\n<div class=\"hspacer grid grid-half\"><\/div>\r\n<article class=\"grid grid-half section-full-height vc text-center reveal-50\">\r\n <h4>Ein unglaublich kleines Ger\u00e4t. Dennoch das leistungsf\u00e4higste Zubeh\u00f6r f\u00fcr Geotagging mit deiner DSLR.<\/h4>\r\n<\/br>\r\n <h4>An der Seite deiner Kamera. Verbunden mit deinem Smartphone oder einem externen Bluetooth-GPS.<\/h4>      \r\n    <\/article>\r\n  <\/div>\r\n  <\/section>\r\n<\/section>\r\n\r\n<!-- BUY NOW -->\r\n<section class=\"landing-section section-half-height\">\r\n <article class=\"grid grid-full section-half-height vc reveal\">\r\n   <p class=\"buy-button\"><a href=\"\/de\/shop\/produkt\/unleashed\/\">Jetzt kaufen f\u00fcr <span class=\"woocommerce-Price-amount amount\"><bdi>167.23&nbsp;<span class=\"woocommerce-Price-currencySymbol\">&euro;<\/span><\/bdi><\/span><\/a>\r\n          <small>W\u00f6chentlicher Versand<\/small><\/p>\r\n <\/article>\r\n<\/section>\r\n\r\n  <!-- Map -->\r\n<section class=\"landing-section section-full-height\">\r\n \n\t<div class=\"mapwrapper\">\n\t\t<div class=\"map \"  id=\"map-3b38e\"><\/div> \n\t<\/div>\n\t<script type='text\/javascript'>\n\n\t\tfunction foolography_map_init() {\n\n\t\t\t\/\/ Get the HTML DOM element that will contain your map \n\t\t\t\/\/ We are using a div with id=\"map\" seen below in the <body>\n\t\t\tvar mapElement = document.getElementById('map-3b38e');\n\t\t\tvar mapLat=  52.5230; \n\t\t\tvar mapLong= 13.4124;\n\t\t\tvar mapZoom= 13;\n\t\t\tvar mapPoint = {lat:52.53009,lng: 13.413085};\n\t\t\tvar mapSide= 'right'; \n\n\t\t\t\/\/ Basic options for a simple Google Map\n\t\t\t\/\/ For more options see: https:\/\/developers.google.com\/maps\/documentation\/javascript\/reference#MapOptions\n\n\t\t\tvar mapOptions = {\n\t\t\t\t\/\/ How zoomed in you want the map to start at (always required)\n\t\t\t\tzoom: mapZoom,\n\n\t\t\t\t\/\/ The latitude and longitude to center the map (always required)\n\t\t\t\tcenter: new google.maps.LatLng(52.53009, 13.413085),\n\t\t\t\t\n\t\t\t\tbackgroundColor: '#111111',\n\t\t\t\tdisableDefaultUI: true,\n\t\t\t\tzoomControl: false,\n\n\t\t\t\t\/\/ How you would like to style the map. \n\t\t\t\t\/\/ This is where you would paste any style found on Snazzy Maps.\n\t\t\t\t\/\/ https:\/\/developers.google.com\/maps\/documentation\/javascript\/reference#MapTypeStyleFeatureType\n\t\t\t\tstyles: [\n\t\t\t\t\t{\n\t\t\t\t\t\t\"featureType\": \"all\",\n\t\t\t\t\t\t\"elementType\": \"geometry\",\n\t\t\t\t\t\t\"stylers\": [\n\t\t\t\t\t\t\t{\n\t\t\t\t\t\t\t\t\"visibility\": \"off\"\n\t\t\t\t\t\t\t}\n\t\t\t\t\t\t]\n\t\t\t\t\t},\n\t\t\t\t\t{\n\t\t\t\t\t\t\"featureType\": \"all\",\n\t\t\t\t\t\t\"elementType\": \"labels\",\n\t\t\t\t\t\t\"stylers\": [\n\t\t\t\t\t\t\t{\n\t\t\t\t\t\t\t\t\"visibility\": \"off\"\n\t\t\t\t\t\t\t},\n\t\t\t\t\t\t\t{\n\t\t\t\t\t\t\t\t\"color\": \"#111111\"\n\t\t\t\t\t\t\t}\n\t\t\t\t\t\t]\n\t\t\t\t\t},\n\t\t\t\t\t{\n\t\t\t\t\t\t\"featureType\": \"administrative.country\",\n\t\t\t\t\t\t\"elementType\": \"geometry.stroke\",\n\t\t\t\t\t\t\"stylers\": [\n\t\t\t\t\t\t\t{\n\t\t\t\t\t\t\t\t\"color\": \"#ffb600\"\n\t\t\t\t\t\t\t},\n\t\t\t\t\t\t\t{\n\t\t\t\t\t\t\t\t\"visibility\": \"on\"\n\t\t\t\t\t\t\t}\n\t\t\t\t\t\t]\n\t\t\t\t\t},\n\t\t\t\t\t{\n\t\t\t\t\t\t\"featureType\": \"landscape\",\n\t\t\t\t\t\t\"elementType\": \"all\",\n\t\t\t\t\t\t\"stylers\": [\n\t\t\t\t\t\t\t{\n\t\t\t\t\t\t\t\t\"color\": \"#111111\"\n\t\t\t\t\t\t\t},\n\t\t\t\t\t\t\t{\n\t\t\t\t\t\t\t\t\"visibility\": \"on\"\n\t\t\t\t\t\t\t}\n\t\t\t\t\t\t]\n\t\t\t\t\t},\n\t\t\t\t\t{\n\t\t\t\t\t\t\"featureType\": \"water\",\n\t\t\t\t\t\t\"elementType\": \"all\",\n\t\t\t\t\t\t\"stylers\": [\n\t\t\t\t\t\t\t{\n\t\t\t\t\t\t\t\t\"color\": \"#00ffff\"\n\t\t\t\t\t\t\t},\n\t\t\t\t\t\t\t{\n\t\t\t\t\t\t\t\t\"visibility\": \"on\"\n\t\t\t\t\t\t\t}\n\t\t\t\t\t\t]\n\t\t\t\t\t},\n\t\t\t\t\t{\n\t\t\t\t\t\t\"featureType\": \"road\",\n\t\t\t\t\t\t\"elementType\": \"geometry\",\n\t\t\t\t\t\t\"stylers\": [\n\t\t\t\t\t\t\t{\n\t\t\t\t\t\t\t\t\"visibility\": \"on\"\n\t\t\t\t\t\t\t},\n\t\t\t\t\t\t\t{\n\t\t\t\t\t\t\t\t\"color\": \"#bbbbbb\"\n\t\t\t\t\t\t\t}\n\t\t\t\t\t\t]\n\t\t\t\t\t},\n\t\t\t\t\t{\n\t\t\t\t\t\t\"featureType\": \"road.highway\",\n\t\t\t\t\t\t\"elementType\": \"geometry.fill\",\n\t\t\t\t\t\t\"stylers\": [\n\t\t\t\t\t\t\t{\n\t\t\t\t\t\t\t\t\"visibility\": \"on\"\n\t\t\t\t\t\t\t}\n\t\t\t\t\t\t]\n\t\t\t\t\t},\n\t\t\t\t\t{\n\t\t\t\t\t\t\"featureType\": \"road.highway\",\n\t\t\t\t\t\t\"elementType\": \"geometry.stroke\",\n\t\t\t\t\t\t\"stylers\": [\n\t\t\t\t\t\t\t{\n\t\t\t\t\t\t\t\t\"visibility\": \"on\"\n\t\t\t\t\t\t\t}\n\t\t\t\t\t\t]\n\t\t\t\t\t},\n\t\t\t\t\t{\n\t\t\t\t\t\t\"featureType\": \"road.arterial\",\n\t\t\t\t\t\t\"elementType\": \"geometry.fill\",\n\t\t\t\t\t\t\"stylers\": [\n\t\t\t\t\t\t\t{\n\t\t\t\t\t\t\t\t\"visibility\": \"on\"\n\t\t\t\t\t\t\t}\n\t\t\t\t\t\t]\n\t\t\t\t\t},\n\t\t\t\t\t{\n\t\t\t\t\t\t\"featureType\": \"road.arterial\",\n\t\t\t\t\t\t\"elementType\": \"geometry.stroke\",\n\t\t\t\t\t\t\"stylers\": [\n\t\t\t\t\t\t\t{\n\t\t\t\t\t\t\t\t\"visibility\": \"on\"\n\t\t\t\t\t\t\t}\n\t\t\t\t\t\t]\n\t\t\t\t\t},\n\t\t\t\t\t{\n\t\t\t\t\t\t\"featureType\": \"road.local\",\n\t\t\t\t\t\t\"elementType\": \"geometry.fill\",\n\t\t\t\t\t\t\"stylers\": [\n\t\t\t\t\t\t\t{\n\t\t\t\t\t\t\t\t\"visibility\": \"on\"\n\t\t\t\t\t\t\t}\n\t\t\t\t\t\t]\n\t\t\t\t\t},\n\t\t\t\t\t{\n\t\t\t\t\t\t\"featureType\": \"road.local\",\n\t\t\t\t\t\t\"elementType\": \"geometry.stroke\",\n\t\t\t\t\t\t\"stylers\": [\n\t\t\t\t\t\t\t{\n\t\t\t\t\t\t\t\t\"visibility\": \"on\"\n\t\t\t\t\t\t\t}\n\t\t\t\t\t\t]\n\t\t\t\t\t},\n\t\t\t\t\t{\n\t\t\t\t\t\t\"featureType\": \"transit\",\n\t\t\t\t\t\t\"elementType\": \"geometry.fill\",\n\t\t\t\t\t\t\"stylers\": [\n\t\t\t\t\t\t\t{\n\t\t\t\t\t\t\t\t\"visibility\": \"off\"\n\t\t\t\t\t\t\t}\n\t\t\t\t\t\t]\n\t\t\t\t\t},\n\t\t\t\t\t{\n\t\t\t\t\t\t\"featureType\": \"transit\",\n\t\t\t\t\t\t\"elementType\": \"geometry.stroke\",\n\t\t\t\t\t\t\"stylers\": [\n\t\t\t\t\t\t\t{\n\t\t\t\t\t\t\t\t\"visibility\": \"off\"\n\t\t\t\t\t\t\t}\n\t\t\t\t\t\t]\n\t\t\t\t\t}\n\t\t\t\t]\n\t\t\t};\n\n\t\t\t\/\/ Create the Google Map using our element and options defined above\n\t\t\tvar map = new google.maps.Map(mapElement, mapOptions);\n\n\n\n\t\t\t\/\/ Let's also add a marker while we're at it\n\n\t\t\t\n\t\t\tvar contentString = '<div id=\"content\">'+\n\t\t\t\t'<div id=\"bodyContent\">'+\n\t\t\t\t'<img decoding=\"async\" src=\"\/wp-content\/uploads\/berlinrooftop.jpg\">'+\n\t\t\t\t'<p>N 52&deg; 31.8054&#39;  E 13&deg; 24.7851&#39; <br \/>'+\n\t\t\t\t'ADDRESS<\/p>'+\n\t\t\t\t'<\/div>'+\n\t\t\t\t'<\/div>';\n\n\n\t\t\tvar infowindow = new google.maps.InfoWindow({ content: contentString });\n\n\t\t\tvar marker = new google.maps.Marker({ position: mapPoint, map: map });\n\n\t\t\tmarker.addListener('click', function() { infowindow.open(map, marker); });\n\n\t\t\tgoogle.maps.event.addListenerOnce(map, 'idle', function(){\n \t  \t\t\t\/\/loaded fully\n\n\t\t\t\t\/\/ update address via reverse geocoding\n\t\t\t\tvar geocoder = new google.maps.Geocoder;\n\t\t\t\tvar address;\n\n\t\t\t\tgeocoder.geocode({'location': marker.getPosition()}, function(results, status) {\n\t\t\t\t\taddress='Unknown Address';\n\t\t\t\t\tif (status === google.maps.GeocoderStatus.OK) {\n\t\t\t\t\t\tif (results[1]) {\n\t\t\t\t\t\t\taddress=results[1].formatted_address;\n\t\t\t\t\t\t} else {\n\t\t\t\t\t\t\t\/\/window.alert('No results found');\n\t\t\t\t\t\t}\n\t\t\t\t\t} else {\n\t\t\t\t\t\t\/\/window.alert('Geocoder failed due to: ' + status);\n\t\t\t\t\t}\n\t\t\t\t\tvar newcontent=contentString.replace('ADDRESS', address);\n\t\t\t\t\tinfowindow.setContent(newcontent);\n\t\t\t\t});\n\n\n\t\t\t\tvar bounds = map.getBounds();\n\t\t\t\tvar mapspan = bounds.toSpan(); \t\t\t\t\t\t\/\/ a latLng - # of deg map spans\n\t\t\t\tvar mapcenter = marker.getPosition();  \t\t\t\t\/\/ a latLng\n\t\t\t\tif (mapSide == 'left'){\n\n\t\t\t\t\tvar newLong= mapcenter.lng() + (mapspan.lng()\/4); \t\/\/shift right by a quarter (from center)\n\t\t\t\t\tvar newLat=mapcenter.lat() - (mapspan.lat()\/3);\t\t\/\/shift up by half (from center ->top)\n\t\t\t\t} else {\n\t\t\t\t\tvar newLong= mapcenter.lng() - (mapspan.lng()\/4); \t\/\/shift left by a quarter (from center)\n\t\t\t\t\tvar newLat=mapcenter.lat() + (mapspan.lat()*3\/7);\t\t\/\/shift down by almost half (from center -> almost bottom)\n\t\t\t\t}\n\t\t\t\tvar newCenter=new google.maps.LatLng( newLat, newLong);\n\t\t\t\tmap.panTo(newCenter);\n\n\n\t\t\t\tinfowindow.open(map, marker);\/\/will shift marker down until infowindow is fully in frame\n\t\t\t});\n\n\t\t\n\t\t\t\n\t\t}\n\t<\/script>\n\n\t\r\n <article class=\"grid grid-half section-full-height vc overlay-very-opaque reveal\">\r\n  <h3>Upgrade f\u00fcr deine DSLR.<\/h3>\r\n  <p>Das Unleashed ist ein Bluetooth-Modul, das \u00fcber die Unleashed-App eine drahtlose Verbindung zu deinem Smartphone herstellt. Alternativ dazu kann sich das Unleashed auch mit einem separaten Bluetooth-GPS-Empf\u00e4nger verbinden. Es verwendet das GPS-Signal deines Smartphones oder das des GPS-Empf\u00e4ngers f\u00fcr direktes Geotagging. Der genaue Standort, an dem du das Foto aufnimmst, wird sofort in den Metadaten gespeichert. Das Unleashed muss nie geladen werden, da es minimalen Strom der Kamera nutzt. GPS-Daten werden jede Sekunde \u00fcbertragen und der genaue Standort wird sofort in jedes Foto eingebettet. Plus: Damit du alls weitere Zubeh\u00f6r weiterhin verwenden kannst, bleibt der Blitzschuh frei.<p>\r\n <\/article>\r\n<div class=\"hvspacer section-full-height grid grid-half\"><\/div>\r\n\r\n<\/section>\r\n\r\n\r\n  <!-- Smartphone Experience -->\r\n<section class=\"landing-section section-full-height\">\r\n <article class=\"grid grid-half section-full-height vc reveal\">\r\n   <h3>Genie\u00dfe Erinnerungen, die mit Orten verbunden sind.<\/h3>\r\n   <p>Mit Unleashed kannst den genauen Ort, an dem du jedes Foto aufgenommen hast, in den Metadaten speichern. Ein Muss, wenn du deine DSLR \u00fcberall hin mitnimmst. Finde Fotos von deinem Lieblingsort auf einer Landkarte \u2013 ohne dich erinnern zu m\u00fcssen, wann du dort warst. Nahezu jede Fotosoftware unterst\u00fctzt Geotagging und bietet eine interaktive Landkarte.<\/p>\r\n <\/article>\r\n\r\n <div class=\"grid grid-half bg-image section-full-height\" style=\"background-image: url('\/wp-content\/uploads\/21_closeup-iphone_web.jpg'); \r\n\tbackground-position: center center\">\r\n <\/div>\r\n<\/section>\r\n\r\n\r\n\r\n<!-- Smart Technology -->\r\n<a name=\"technology\"><\/a>\r\n<section class=\"landing-section section-half-height\">\r\n  <article class=\"grid grid-full section-quarter-height vc reveal\">\r\n    <h3>SMARTE TECHNOLOGIE<\/h3>\r\n  <\/article>\r\n\r\n  <article class=\"grid grid-third section-half-height text-center circles reveal-70\">\r\n    <img decoding=\"async\" src=\"\/wp-content\/uploads\/Circle-Connection.svg\" class=\"aligncenter size-full\">\r\n    <h4>Kostenlose App f\u00fcr Android und iOS, um das Interval f\u00fcr das Senden der GPS-Informationen an die Kamera festzulegen.<\/h4>\r\n  <\/article>\r\n\r\n  <article class=\"grid grid-third section-half-height text-center circles reveal-60\">\r\n    <img decoding=\"async\" src=\"\/wp-content\/uploads\/Circle-BLE.svg\" class=\"aligncenter size-full\">\r\n    <h4>Schnell und stabil durch Bluetooth Low Energy. Automatische Verbinden, jedes Mal.<\/h4>\r\n  <\/article>\r\n\r\n  <article class=\"grid grid-third section-half-height text-center circles reveal-50\">\r\n    <img decoding=\"async\" src=\"\/wp-content\/uploads\/Circle-Battery.svg\" class=\"aligncenter size-full\">\r\n    <h4>Kein Laden notwendig da minimaler Stromverbrauch vom Kameraakku.<\/h4>\r\n  <\/article>\r\n\r\n<\/section>\r\n\r\n\r\n\r\n<section class=\"landing-section section-half-height\">\r\n <article class=\"grid grid-full section-half-height vc reveal\">\r\n     <h3>PLUS: DAS UNLEASHED BIETET NOCH VIELE WEITERE FUNKTIONEN\u2026<\/h3>\r\n     <p class=\"buy-button\"><a href=\"\/de\/produkte\/unleashed\/\">Alle Funktionen<\/a><\/p>\r\n<p class=\"buy-button\"><a href=\"\/de\/faqs\/wie-richte-ich-geotagging-ein\/\">Das Unleashed in Aktion<\/a><\/p>\r\n <\/article>\r\n<\/section>\r\n\r\n\r\n\r\n<!-- Quote -->\r\n<section class=\"landing-section section-splash section-full-height\">\r\n  <article class=\"grid grid-full section-full-height vc overlay-transparent overlay-mobile-opaque reveal-60\">\r\n    <blockquote>\r\n      <p class=\"quote\">Mit dem Unleashed hat Foolography die bisher smarteste SLR Kamera Fernsteuerung herausgebracht.<\/p>\r\n      <p class=\"author\">TechCrunch<\/p>\r\n    <\/blockquote>\r\n  <\/article>\r\n\r\n  <div class=\"grid grid-full bg-image-cover section-full-height\" \r\n       style=\" position: absolute; background-image: url('\/wp-content\/uploads\/Sky-Background-MilkyWay-Website.jpg');\">\r\n  <\/div>\r\n<\/section>\r\n\r\n<!-- Get Unleashed -->\r\n<section class=\"landing-section section-full-height\">\r\n  <div class=\"hspacer grid grid-half\"><\/div>\r\n  <article class=\"grid grid-half section-full-height vc overlay-transparent overlay-mobile-opaque reveal\">\r\n    <h3>HOL DIR DAS UNLEASHED<\/h3>\r\n    <p>Das neue Unleashed hilft dir, die besten Fotos und die besten Videos aufzunehmen, die du je gemacht hast.<\/p>\r\n\r\n          <!--  <p><small><strong>In stock from midnight 14th of Febrauray 2019 (CET)<\/strong><\/small><\/p> -->\r\n\r\n\t  <p class=\"buy-button\"><a href=\"\/de\/shop\/produkt\/unleashed\/\">Jetzt kaufen f\u00fcr <span class=\"woocommerce-Price-amount amount\"><bdi>167.23&nbsp;<span class=\"woocommerce-Price-currencySymbol\">&euro;<\/span><\/bdi><\/span><\/a>\r\n          <small>W\u00f6chentlicher Versand<\/small><\/p>\r\n  <\/article>\r\n\r\n  <div class=\"grid grid-full bg-image-cover section-full-height\" \r\n       style=\" position: absolute; background-image: url('\/wp-content\/uploads\/Unleashed-Smart-Camera-Control-by-Foolography.jpg'); background-position: 10% 50%;\">\r\n  <\/div>\r\n<\/section>","protected":false},"excerpt":{"rendered":"UNLEASHED Direktes Geotagging f\u00fcr Canon and Nikon Ein unglaublich kleines Ger\u00e4t. Dennoch das leistungsf\u00e4higste Zubeh\u00f6r f\u00fcr Geotagging mit deiner DSLR. An der Seite deiner Kamera. Verbunden mit deinem Smartphone oder einem externen Bluetooth-GPS. Jetzt kaufen f\u00fcr W\u00f6chentlicher Versand Upgrade f\u00fcr deine DSLR. Das Unleashed ist ein Bluetooth-Modul, das \u00fcber die Unleashed-App eine drahtlose Verbindung zu [&hellip;]","protected":false},"author":6,"featured_media":0,"parent":11634,"menu_order":0,"comment_status":"closed","ping_status":"closed","template":"template-fullwidth.php","meta":{"footnotes":""},"yoast_head":"<!-- This site is optimized with the Yoast SEO plugin v22.8 - https:\/\/yoast.com\/wordpress\/plugins\/seo\/ -->\n<title>Direktes Geotagging &#187; foolography<\/title>\n<meta name=\"robots\" content=\"index, follow, max-snippet:-1, max-image-preview:large, max-video-preview:-1\" \/>\n<link rel=\"canonical\" href=\"https:\/\/www.foolography.com\/products\/unleashed\/direct-geotagging\/\" \/>\n<meta property=\"og:locale\" content=\"de_DE\" \/>\n<meta property=\"og:type\" content=\"article\" \/>\n<meta property=\"og:title\" content=\"Direktes Geotagging &#187; foolography\" \/>\n<meta property=\"og:description\" content=\"UNLEASHED Direktes Geotagging f\u00fcr Canon and Nikon Ein unglaublich kleines Ger\u00e4t. Dennoch das leistungsf\u00e4higste Zubeh\u00f6r f\u00fcr Geotagging mit deiner DSLR. An der Seite deiner Kamera. Verbunden mit deinem Smartphone oder einem externen Bluetooth-GPS. Jetzt kaufen f\u00fcr W\u00f6chentlicher Versand Upgrade f\u00fcr deine DSLR. Das Unleashed ist ein Bluetooth-Modul, das \u00fcber die Unleashed-App eine drahtlose Verbindung zu [&hellip;]\" \/>\n<meta property=\"og:url\" content=\"https:\/\/www.foolography.com\/products\/unleashed\/direct-geotagging\/\" \/>\n<meta property=\"og:site_name\" content=\"foolography\" \/>\n<meta property=\"article:publisher\" content=\"https:\/\/facebook.com\/foolography\" \/>\n<meta property=\"article:modified_time\" content=\"2020-02-12T10:23:53+00:00\" \/>\n<meta property=\"og:image\" content=\"https:\/\/www.foolography.com\/wp-content\/uploads\/New-Unleashed-Loop-Short-2019-small-face.jpg\" \/>\n<meta name=\"twitter:card\" content=\"summary_large_image\" \/>\n<meta name=\"twitter:site\" content=\"@foolography\" \/>\n<meta name=\"twitter:label1\" content=\"Est. reading time\" \/>\n\t<meta name=\"twitter:data1\" content=\"2 Minuten\" \/>\n<!-- \/ Yoast SEO plugin. -->","yoast_head_json":{"title":"Direktes Geotagging &#187; foolography","robots":{"index":"index","follow":"follow","max-snippet":"max-snippet:-1","max-image-preview":"max-image-preview:large","max-video-preview":"max-video-preview:-1"},"canonical":"https:\/\/www.foolography.com\/products\/unleashed\/direct-geotagging\/","og_locale":"de_DE","og_type":"article","og_title":"Direktes Geotagging &#187; foolography","og_description":"UNLEASHED Direktes Geotagging f\u00fcr Canon and Nikon Ein unglaublich kleines Ger\u00e4t. Dennoch das leistungsf\u00e4higste Zubeh\u00f6r f\u00fcr Geotagging mit deiner DSLR. An der Seite deiner Kamera. Verbunden mit deinem Smartphone oder einem externen Bluetooth-GPS. Jetzt kaufen f\u00fcr W\u00f6chentlicher Versand Upgrade f\u00fcr deine DSLR. Das Unleashed ist ein Bluetooth-Modul, das \u00fcber die Unleashed-App eine drahtlose Verbindung zu [&hellip;]","og_url":"https:\/\/www.foolography.com\/products\/unleashed\/direct-geotagging\/","og_site_name":"foolography","article_publisher":"https:\/\/facebook.com\/foolography","article_modified_time":"2020-02-12T10:23:53+00:00","og_image":[{"url":"https:\/\/www.foolography.com\/wp-content\/uploads\/New-Unleashed-Loop-Short-2019-small-face.jpg"}],"twitter_card":"summary_large_image","twitter_site":"@foolography","twitter_misc":{"Est. reading time":"2 Minuten"},"schema":{"@context":"https:\/\/schema.org","@graph":[{"@type":"WebPage","@id":"https:\/\/www.foolography.com\/products\/unleashed\/direct-geotagging\/","url":"https:\/\/www.foolography.com\/products\/unleashed\/direct-geotagging\/","name":"Direktes Geotagging &#187; foolography","isPartOf":{"@id":"https:\/\/www.foolography.com\/#website"},"datePublished":"2020-02-12T10:17:35+00:00","dateModified":"2020-02-12T10:23:53+00:00","breadcrumb":{"@id":"https:\/\/www.foolography.com\/products\/unleashed\/direct-geotagging\/#breadcrumb"},"inLanguage":"de-DE","potentialAction":[{"@type":"ReadAction","target":["https:\/\/www.foolography.com\/products\/unleashed\/direct-geotagging\/"]}]},{"@type":"BreadcrumbList","@id":"https:\/\/www.foolography.com\/products\/unleashed\/direct-geotagging\/#breadcrumb","itemListElement":[{"@type":"ListItem","position":1,"name":"Home","item":"https:\/\/www.foolography.com\/de\/"},{"@type":"ListItem","position":2,"name":"Produkte","item":"https:\/\/www.foolography.com\/de\/produkte\/"},{"@type":"ListItem","position":3,"name":"Unleashed","item":"https:\/\/www.foolography.com\/products\/unleashed\/"},{"@type":"ListItem","position":4,"name":"Direktes Geotagging"}]},{"@type":"WebSite","@id":"https:\/\/www.foolography.com\/#website","url":"https:\/\/www.foolography.com\/","name":"foolography","description":"Smartes Kamerazubeh\u00f6r","publisher":{"@id":"https:\/\/www.foolography.com\/#organization"},"potentialAction":[{"@type":"SearchAction","target":{"@type":"EntryPoint","urlTemplate":"https:\/\/www.foolography.com\/?s={search_term_string}"},"query-input":"required name=search_term_string"}],"inLanguage":"de-DE"},{"@type":"Organization","@id":"https:\/\/www.foolography.com\/#organization","name":"Foolography","url":"https:\/\/www.foolography.com\/","logo":{"@type":"ImageObject","inLanguage":"de-DE","@id":"https:\/\/www.foolography.com\/#\/schema\/logo\/image\/","url":"https:\/\/www.foolography.com\/wp-content\/uploads\/favicon.png","contentUrl":"https:\/\/www.foolography.com\/wp-content\/uploads\/favicon.png","width":513,"height":512,"caption":"Foolography"},"image":{"@id":"https:\/\/www.foolography.com\/#\/schema\/logo\/image\/"},"sameAs":["https:\/\/facebook.com\/foolography","https:\/\/x.com\/foolography","https:\/\/www.instagram.com\/foolography\/","https:\/\/www.youtube.com\/user\/foolography"]}]}},"_links":{"self":[{"href":"https:\/\/www.foolography.com\/de\/wp-json\/wp\/v2\/pages\/12592"}],"collection":[{"href":"https:\/\/www.foolography.com\/de\/wp-json\/wp\/v2\/pages"}],"about":[{"href":"https:\/\/www.foolography.com\/de\/wp-json\/wp\/v2\/types\/page"}],"author":[{"embeddable":true,"href":"https:\/\/www.foolography.com\/de\/wp-json\/wp\/v2\/users\/6"}],"replies":[{"embeddable":true,"href":"https:\/\/www.foolography.com\/de\/wp-json\/wp\/v2\/comments?post=12592"}],"version-history":[{"count":4,"href":"https:\/\/www.foolography.com\/de\/wp-json\/wp\/v2\/pages\/12592\/revisions"}],"predecessor-version":[{"id":12596,"href":"https:\/\/www.foolography.com\/de\/wp-json\/wp\/v2\/pages\/12592\/revisions\/12596"}],"up":[{"embeddable":true,"href":"https:\/\/www.foolography.com\/de\/wp-json\/wp\/v2\/pages\/11634"}],"wp:attachment":[{"href":"https:\/\/www.foolography.com\/de\/wp-json\/wp\/v2\/media?parent=12592"}],"curies":[{"name":"wp","href":"https:\/\/api.w.org\/{rel}","templated":true}]}}