{"id":12824,"date":"2020-03-30T23:40:36","date_gmt":"2020-03-30T21:40:36","guid":{"rendered":"http:\/\/www.foolography.com\/produkte\/unleashed\/changelog\/ios-app\/"},"modified":"2021-10-24T01:04:26","modified_gmt":"2021-10-23T23:04:26","slug":"ios-app","status":"publish","type":"page","link":"https:\/\/www.foolography.com\/de\/produkte\/unleashed\/changelog\/ios-app\/","title":{"rendered":"iOS App"},"content":{"rendered":"<section class=\"section-splash section-quarter-height\">\r\n <article class=\"grid-full section-quarter-height header vc\">\r\n  <h1>iOS APP CHANGELOG<\/h1>\r\n <\/article>\r\n<\/section>\r\n<p>Hier sind alle \u00c4nderugnen die wir in der letzten iOS app version gemacht haben:<\/p>\r\n<ul>\r\n<li>2021-10-24 2.0.0<ul>\r\n<li>[Added] Firmware 2.0.0 with huge list of changes<\/li>\r\n<li>[Added] New BLE Api 4.0<\/li>\r\n<li>[Added] Logic for major firmware upgrades <\/li>\r\n<li>[Added] Advanced Unleashed Settings<\/li>\r\n<li>[Added] ND filter setting<\/li>\r\n<li>[Added] Trigger specific warnings when trigger is available<\/li>\r\n<li>[Added] Display codes for unknown values &#8211; helps debugging<\/li>\r\n<li>[Added] Sorting settable value depending on camera setting<\/li>\r\n<li>[Added] Longer intervals and durations<\/li>\r\n<li>[Improved] Autoramp day\/night limits now set by FW<\/li>\r\n<li>[Improved] Several error and warning descriptions<\/li>\r\n<li>[Improved] Several UI screens<\/li>\r\n<li>[Improved] Display of picker values<\/li>\r\n<li>[Improved] Firmware update integration in app<\/li>\r\n<li>[Improved] Redesigned icons<\/li>\r\n<li>[Improved] Battery indicator UI<\/li>\r\n<li>[Improved] Exposure time calculation <\/li>\r\n<li>[Improved] Stability in timelapse and Autoramp<\/li>\r\n<li>[Improved] Exposure meter value animation<\/li>\r\n<li>[Fixed] Thumbnail cropping<\/li>\r\n<li>[Fixed] Link to accessory sleep timeout<\/li>\r\n<li>[Fixed] Issue icon not updating when first shown on screen<\/li>\r\n<li>[Fixed] Long exposure time picker not correctly updating<\/li>\r\n<li>[Fixed] Several reloading glitches in the value pickers<\/li>\r\n<li>[Fixed] Numerous smaller issues<\/li>\r\n<\/ul><\/li>\r\n\r\n<li>2020-03-28 1.3.5<ul>\r\n<li>[Upgedated] Firmware Versionen A 1.4.3 B 1.4.9 C 1.4.0 mit vielen Verbesserungen<\/li>\r\n<li>[Verbessert] UI beim Pairing.<\/li>\r\n<li>[Verbessert] LRT Algorithmus Apassung<\/li>\r\n<li>[Repariert] Fontgr\u00f6\u00dfe bei Kamera Einstellungslabels<\/li>\r\n<li>[Hinzugef\u00fcgt] Neuer toggle f\u00fcr thumbnails<\/li>\r\n<li>[Hinzugef\u00fcgt] App startet jetzt im letzen verwendeten Modus<\/li>\r\n<\/ul><\/li>\r\n\r\n<li>2020-02-03 1.3.4<ul>\r\n<li>[Hinzugef\u00fcgt] Firmware Versionen A1.4.1 B1.4.7 C1.4.0 mit verbesserter Unterst\u00fctzung vom Transystem GL-770 und verbessertem Handling von Zubeh\u00f6r<\/li>\r\n<\/ul><\/li>\r\n\r\n<li>2019-10-24 1.3.3<ul>\r\n<li>[Hinzugef\u00fcgt] Firmware Versionen A1.4.1 B1.4.5 C1.4.0 mit Unterst\u00fctzung vom Transystem GL-770 und verbessertem Handling von Zubeh\u00f6r<\/li>\r\n<li>[Verbessert] Zubeh\u00f6r handling<\/li>\r\n<li>[Verbessert] UI f\u00fcr mehrere Unleasheds und UI in Timelapse\/Autoramp<\/li>\r\n<li>[Repariert] Crash bei Ansicht f\u00fcr mehrere Unleasheds<\/li>\r\n<\/ul><\/li>\r\n\r\n<li>2019-10-07 1.3.2<ul>\r\n<li>[Hinzugef\u00fcgt] Firmware Versionen A 1.4.1 B 1.4.4 C 1.4.0 mit verbesserungen bei Langzeitbelichtungen, Holux M-241+ und Firmware Update Problem, QStarz GPS Unterst\u00fctzung hinzugef\u00fcgt.<\/li>\r\n<li>[Repariert] Firmware Update Crash unter iOS 13<\/li>\r\n<li>[Repariert] Crash beim App start unter iOS 13<\/li>\r\n<\/ul><\/li>\r\n\r\n<li>2019-10-05 1.3.1<ul>\r\n<li>[Hinzugef\u00fcgt] Firmware Versionen A 1.4.1 B 1.4.4 C 1.4.0 mit verbesserungen bei Langzeitbelichtungen, Holux M-241+ und Firmware Update Problem, QStarz GPS Unterst\u00fctzung hinzugef\u00fcgt.<\/li>\r\n<li>[Repariert] Firmware Update Crash unter iOS 13<\/li>\r\n<\/ul><\/li>\r\n\r\n<li>2019-06-25 1.3.0<ul>\r\n<li>[Hinzugef\u00fcgt] Neues Langzeitbelichtungs-feature, f\u00fcr genaue Belichtungen \u00fcber 30s<\/li>\r\n<li>[Hinzugef\u00fcgt] Firmware Versionen A 1.4.0 B 1.4.2 C 1.3.0 mit Langzeitbelichtung, schnellerem Aufwachen und mehr<\/li>\r\n<li>[Hinzugef\u00fcgt] Ausl\u00f6sebutton Animation die Belichtungsdauer anzeigt<\/li>\r\n<li>[Hinzugef\u00fcgt] Ausl\u00f6sebutton mit Anzeige f\u00fcr status, zB MUP, NR und BUSY<\/li>\r\n<li>[Hinzugef\u00fcgt] Fehler wenn autoramp Tv Nacht Limit > Intervall<\/li>\r\n<li>[Hinzugef\u00fcgt] Einstellungen und Fehler deselektieren bei zweitem antippen<\/li>\r\n<li>[Verbessert] Geschwindigkeit bis zum Anzeigen der Werte nach aufwecken des Unleasheds<\/li>\r\n<li>[Verbessert] Manche Timelapse werte versteckt f\u00fcr mehr \u00dcbersicht<\/li>\r\n<\/ul><\/li>\r\n\r\n<li>2019-05-20 1.2.0<ul>\r\n<li>[Hinzugef\u00fcgt] Unterst\u00fctzung f\u00fcrs Pairing von Zubeh\u00f6r direkt mit dem Unleashed<\/li>\r\n<li>[Upgedated] Firmware Versionen A 1.3.2 B 1.3.1 C 1.3.0 mit vielen Verbesserungen wie Zubeh\u00f6r Unterst\u00fctzung und verringerter Stromverbrauch<\/li>\r\n<li>[Upgedated] App Interna aufger\u00e4umt und auf Swift 5 geupdated<\/li>\r\n<li>[Upgedated] Firmware Update Prozedur<\/li>\r\n<li>[Repariert] Crashes auf iPhone 5<\/li>\r\n<li>[Repariert] Kleine Stabilit\u00e4tsprobleme<\/li>\r\n<\/ul><\/li>\r\n\r\n<li>2019-02-12 1.1.1<ul>\r\n<li>[Repariert] Mit neuer Firmware mit Repartur von Image Review<\/li>\r\n<\/ul><\/li>\r\n\r\n<li>2019-02-08 1.1.0<ul>\r\n<li>[Hinzugef\u00fcgt] Firmware Update M\u00f6glichekti.<\/li>\r\n<li>[Hinzugef\u00fcgt] Firmware Update mit vielen Verbesserungen<\/li>\r\n<li>[Hinzugef\u00fcgt] Warnungen werden angezeigt bei GPS Problemen<\/li>\r\n<li>[Verbessert] Deutlichere Warn-\/Fehler-meldungen<\/li>\r\n<li>[Verbessert] App Stabilit\u00e4t.<\/li>\r\n<li>[Verbessert] Automatisches Bluetooth wiederverbinden<\/li>\r\n<li>[Repariert] Compatibilit\u00e4t mit 32 bit iPhones (iPhone 5)<\/li>\r\n<\/ul><\/li>\r\n\r\n<li>2018-09-25 1.0<ul>\r\n<li>[Hinzugef\u00fcgt] Alles ;-)<\/li>\r\n<\/ul><\/li>\r\n\r\n<\/ul>","protected":false},"excerpt":{"rendered":"iOS APP CHANGELOG Hier sind alle \u00c4nderugnen die wir in der letzten iOS app version gemacht haben: 2021-10-24 2.0.0 [Added] Firmware 2.0.0 with huge list of changes [Added] New BLE Api 4.0 [Added] Logic for major firmware upgrades [Added] Advanced Unleashed Settings [Added] ND filter setting [Added] Trigger specific warnings when trigger is available [Added] [&hellip;]","protected":false},"author":1,"featured_media":0,"parent":11656,"menu_order":0,"comment_status":"closed","ping_status":"closed","template":"template-nosidebar.php","meta":{"footnotes":""},"yoast_head":"<!-- This site is optimized with the Yoast SEO plugin v22.8 - https:\/\/yoast.com\/wordpress\/plugins\/seo\/ -->\n<title>iOS App &#187; foolography<\/title>\n<meta name=\"robots\" content=\"index, follow, max-snippet:-1, max-image-preview:large, max-video-preview:-1\" \/>\n<link rel=\"canonical\" href=\"https:\/\/www.foolography.com\/products\/unleashed\/changelog\/ios-app\/\" \/>\n<meta property=\"og:locale\" content=\"de_DE\" \/>\n<meta property=\"og:type\" content=\"article\" \/>\n<meta property=\"og:title\" content=\"iOS App &#187; foolography\" \/>\n<meta property=\"og:description\" content=\"iOS APP CHANGELOG Hier sind alle \u00c4nderugnen die wir in der letzten iOS app version gemacht haben: 2021-10-24 2.0.0 [Added] Firmware 2.0.0 with huge list of changes [Added] New BLE Api 4.0 [Added] Logic for major firmware upgrades [Added] Advanced Unleashed Settings [Added] ND filter setting [Added] Trigger specific warnings when trigger is available [Added] [&hellip;]\" \/>\n<meta property=\"og:url\" content=\"https:\/\/www.foolography.com\/products\/unleashed\/changelog\/ios-app\/\" \/>\n<meta property=\"og:site_name\" content=\"foolography\" \/>\n<meta property=\"article:publisher\" content=\"https:\/\/facebook.com\/foolography\" \/>\n<meta property=\"article:modified_time\" content=\"2021-10-23T23:04:26+00:00\" \/>\n<meta name=\"twitter:card\" content=\"summary_large_image\" \/>\n<meta name=\"twitter:site\" content=\"@foolography\" \/>\n<meta name=\"twitter:label1\" content=\"Est. reading time\" \/>\n\t<meta name=\"twitter:data1\" content=\"3 Minuten\" \/>\n<!-- \/ Yoast SEO plugin. -->","yoast_head_json":{"title":"iOS App &#187; foolography","robots":{"index":"index","follow":"follow","max-snippet":"max-snippet:-1","max-image-preview":"max-image-preview:large","max-video-preview":"max-video-preview:-1"},"canonical":"https:\/\/www.foolography.com\/products\/unleashed\/changelog\/ios-app\/","og_locale":"de_DE","og_type":"article","og_title":"iOS App &#187; foolography","og_description":"iOS APP CHANGELOG Hier sind alle \u00c4nderugnen die wir in der letzten iOS app version gemacht haben: 2021-10-24 2.0.0 [Added] Firmware 2.0.0 with huge list of changes [Added] New BLE Api 4.0 [Added] Logic for major firmware upgrades [Added] Advanced Unleashed Settings [Added] ND filter setting [Added] Trigger specific warnings when trigger is available [Added] [&hellip;]","og_url":"https:\/\/www.foolography.com\/products\/unleashed\/changelog\/ios-app\/","og_site_name":"foolography","article_publisher":"https:\/\/facebook.com\/foolography","article_modified_time":"2021-10-23T23:04:26+00:00","twitter_card":"summary_large_image","twitter_site":"@foolography","twitter_misc":{"Est. reading time":"3 Minuten"},"schema":{"@context":"https:\/\/schema.org","@graph":[{"@type":"WebPage","@id":"https:\/\/www.foolography.com\/products\/unleashed\/changelog\/ios-app\/","url":"https:\/\/www.foolography.com\/products\/unleashed\/changelog\/ios-app\/","name":"iOS App &#187; foolography","isPartOf":{"@id":"https:\/\/www.foolography.com\/#website"},"datePublished":"2020-03-30T21:40:36+00:00","dateModified":"2021-10-23T23:04:26+00:00","breadcrumb":{"@id":"https:\/\/www.foolography.com\/products\/unleashed\/changelog\/ios-app\/#breadcrumb"},"inLanguage":"de-DE","potentialAction":[{"@type":"ReadAction","target":["https:\/\/www.foolography.com\/products\/unleashed\/changelog\/ios-app\/"]}]},{"@type":"BreadcrumbList","@id":"https:\/\/www.foolography.com\/products\/unleashed\/changelog\/ios-app\/#breadcrumb","itemListElement":[{"@type":"ListItem","position":1,"name":"Home","item":"https:\/\/www.foolography.com\/de\/"},{"@type":"ListItem","position":2,"name":"Produkte","item":"https:\/\/www.foolography.com\/de\/produkte\/"},{"@type":"ListItem","position":3,"name":"Unleashed","item":"https:\/\/www.foolography.com\/products\/unleashed\/"},{"@type":"ListItem","position":4,"name":"Changelog","item":"https:\/\/www.foolography.com\/products\/unleashed\/changelog\/"},{"@type":"ListItem","position":5,"name":"iOS App"}]},{"@type":"WebSite","@id":"https:\/\/www.foolography.com\/#website","url":"https:\/\/www.foolography.com\/","name":"foolography","description":"Smartes Kamerazubeh\u00f6r","publisher":{"@id":"https:\/\/www.foolography.com\/#organization"},"potentialAction":[{"@type":"SearchAction","target":{"@type":"EntryPoint","urlTemplate":"https:\/\/www.foolography.com\/?s={search_term_string}"},"query-input":"required name=search_term_string"}],"inLanguage":"de-DE"},{"@type":"Organization","@id":"https:\/\/www.foolography.com\/#organization","name":"Foolography","url":"https:\/\/www.foolography.com\/","logo":{"@type":"ImageObject","inLanguage":"de-DE","@id":"https:\/\/www.foolography.com\/#\/schema\/logo\/image\/","url":"https:\/\/www.foolography.com\/wp-content\/uploads\/favicon.png","contentUrl":"https:\/\/www.foolography.com\/wp-content\/uploads\/favicon.png","width":513,"height":512,"caption":"Foolography"},"image":{"@id":"https:\/\/www.foolography.com\/#\/schema\/logo\/image\/"},"sameAs":["https:\/\/facebook.com\/foolography","https:\/\/x.com\/foolography","https:\/\/www.instagram.com\/foolography\/","https:\/\/www.youtube.com\/user\/foolography"]}]}},"_links":{"self":[{"href":"https:\/\/www.foolography.com\/de\/wp-json\/wp\/v2\/pages\/12824"}],"collection":[{"href":"https:\/\/www.foolography.com\/de\/wp-json\/wp\/v2\/pages"}],"about":[{"href":"https:\/\/www.foolography.com\/de\/wp-json\/wp\/v2\/types\/page"}],"author":[{"embeddable":true,"href":"https:\/\/www.foolography.com\/de\/wp-json\/wp\/v2\/users\/1"}],"replies":[{"embeddable":true,"href":"https:\/\/www.foolography.com\/de\/wp-json\/wp\/v2\/comments?post=12824"}],"version-history":[{"count":2,"href":"https:\/\/www.foolography.com\/de\/wp-json\/wp\/v2\/pages\/12824\/revisions"}],"predecessor-version":[{"id":29392,"href":"https:\/\/www.foolography.com\/de\/wp-json\/wp\/v2\/pages\/12824\/revisions\/29392"}],"up":[{"embeddable":true,"href":"https:\/\/www.foolography.com\/de\/wp-json\/wp\/v2\/pages\/11656"}],"wp:attachment":[{"href":"https:\/\/www.foolography.com\/de\/wp-json\/wp\/v2\/media?parent=12824"}],"curies":[{"name":"wp","href":"https:\/\/api.w.org\/{rel}","templated":true}]}}