{"id":12837,"date":"2020-03-31T00:34:08","date_gmt":"2020-03-30T22:34:08","guid":{"rendered":"http:\/\/www.foolography.com\/produkte\/unleashed\/changelog\/firmware\/android-app\/"},"modified":"2021-10-24T01:01:37","modified_gmt":"2021-10-23T23:01:37","slug":"android-app","status":"publish","type":"page","link":"https:\/\/www.foolography.com\/de\/produkte\/unleashed\/changelog\/android-app\/","title":{"rendered":"Android App"},"content":{"rendered":"<section class=\"section-splash section-quarter-height\">\r\n <article class=\"grid-full section-quarter-height header vc\">\r\n  <h1>ANDROID APP CHANGELOG<\/h1>\r\n <\/article>\r\n<\/section>\r\n<p>Here are all the changes we\u2019ve made in the latest Android app version:<\/p>\r\n<ul>\r\n\r\n<li>2021-10-24 2.0.0<ul>\r\n<li>[Added] Firmware 2.0.0 with huge list of changes<\/li>\r\n<li>[Added] New BLE Api 4.0 &#8211; much better for Android<\/li>\r\n<li>[Added] Partial FW updating<\/li>\r\n<li>[Added] Connecting to Unleashed in Bootloader (red LED)<\/li>\r\n<li>[Added] Android 12 support<\/li>\r\n<li>[Added] Advanced Unleashed Settings<\/li>\r\n<li>[Added] ND Filter Setting<\/li>\r\n<li>[Added] Displaying estimated timelapse progress when disconnected<\/li>\r\n<li>[Added] Displaying values with errors on Timelapse screens<\/li>\r\n<li>[Added] Displaying GPS errors set by firmware<\/li>\r\n<li>[Added] GPS Notification cancel option<\/li>\r\n<li>[Added] Warning if geotagging is on but has no permission<\/li>\r\n<li>[Added] Checking connectivity when geotagging is on<\/li>\r\n<li>[Improved] Connection speed and reliability<\/li>\r\n<li>[Improved] App internals making use of new API<\/li>\r\n<li>[Improved] App architecture and UI implementation<\/li>\r\n<li>[Improved] Notification explanations for Geotagging<\/li>\r\n<li>[Improved] Managing requirements for location and Bluetooth<\/li>\r\n<li>[Improved] Permission request flow as suggested by Google<\/li>\r\n<li>[Improved] FusedLocationProvider for better location data<\/li>\r\n<li>[Improved] Location data updates with app in background<\/li>\r\n<li>[Improved] Redesigned icons<\/li>\r\n<li>[Improved] Settings Values sorting<\/li>\r\n<li>[Improved] Autoramp day\/night limits now set by FW<\/li>\r\n<li>[Improved] Error logging system<\/li>\r\n<li>[Fixed] Bluetooth connection issues<\/li>\r\n<li>[Fixed] Multiple Unleashed connection issues<\/li>\r\n<li>[Fixed] Very slow app startup time<\/li>\r\n<li>[Fixed] No GPS data was sent when phone was fallback GPS source<\/li>\r\n<li>[Fixed] Turning off location service when Unleashed disconnects<\/li>\r\n<li>[Fixed] Tap to trigger causing multiple shots<\/li>\r\n<li>[Fixed] Trigger Button stayed pressed even the app goes background<\/li>\r\n<li>[Fixed] Unexpected trigger actions for timelapse and long exposures<\/li>\r\n<li>[Fixed] Numerous smaller issues<\/li>\r\n<\/ul><\/li>\r\n\r\n<li>1.3.10 2020-06-05 17:02<ul>\r\n<li>[Repariert] Re-Release of Firmware versions A 1.4.5 B 1.4.9 C 1.4.0 with fix for version reporting<\/li>\r\n<li>[Repariert] Control centre UI<\/li>\r\n<li>[Repariert] Timelapse und Autoramp Ausl\u00f6sebutton Bug<\/li>\r\n<li>[Repariert] Autoramp ISO Limits Bug<\/li>\r\n<\/ul><\/li>\r\n\r\n<li>1.3.9 2020-05-13 15:50<ul>\r\n<li>[Repariert] Crash im Multiple Unleasheds Screen<\/li>\r\n<li>[Repariert] Belichtungszeit UI<\/li>\r\n<\/ul><\/li>\r\n\r\n<li>1.3.8 2020-05-11 16:43<ul>\r\n<li>[Upgedated] Firmware versione A 1.4.5 B 1.4.9 C 1.4.0 mit Fixes f\u00fcr Canon 760D sowie Nikon D780, D3100 und D3200<\/li>\r\n<li>[Repariert] Log sharing<\/li>\r\n<li>[Repariert] Verz\u00f6gerungen beim Screen-wechsel<\/li>\r\n<li>[Repariert] Seltene Verz\u00f6gerung be Verwendung mehrerer Unleasheds<\/li>\r\n<\/ul><\/li>\r\n\r\n<li>1.3.7 2020-03-26 20:13<ul>\r\n<li>[Upgedated] Firmware Versionen A 1.4.3 B 1.4.9 C 1.4.0 mit vielen Verbesserungen<\/li>\r\n<li>[Verbessert] Bluetooth Verbindungs-geschwindigkeit und -qualit\u00e4t<\/li>\r\n<li>[Verbessert] Performanz und UI<\/li>\r\n<li>[Verbessert] verhalten von ausgeschalteten Unleasheds<\/li>\r\n<li>[Repariert] Bluetooth Probleme mit Android 10<\/li>\r\n<li>[Repariert] GPS Daten senden<\/li>\r\n<li>[Repariert] Unleashed hinzuf\u00fcgen Animation<\/li>\r\n<li>[Hinzugef\u00fcgt] Teilen von Logdateien f\u00fcr schnellere Hilfe<\/li>\r\n<li>[Hinzugef\u00fcgt] Status Unleashed initalisiert (gelber punkt)<\/li>\r\n<\/ul><\/li>\r\n\r\n\r\n<li>1.3.6 2019-10-24 15:39<ul> \r\n<li>[Hinzugef\u00fcgt] Firmware Versionen A 1.4.1 B 1.4.5 C 1.4.0 with Verbesserungen f\u00fcr Holux M-241+, neue QStarz und Transystem GPS Unterst\u00fctzung<\/li>\r\n<li>[Verbessert] Bluetooth Verbindungs-geschwindigkeit und -qualit\u00e4t<\/li>\r\n<\/ul><\/li>\r\n\r\n<li>1.3.4 2019-09-19 10:58<ul> \r\n<li>[Hinzugef\u00fcgt] Firmware Versionen A 1.4.1 B 1.4.3 C 1.4.0 mit verbesserungen bei Langzeitbelichtungen, Holux M-241+ und Firmware Update Problem<\/li>\r\n<li>[Repariert] GPS permissions<\/li>\r\n<\/ul><\/li>\r\n\r\n<li>1.3.3 2019-08-02 15:08<ul> \r\n<li>[Verbessert] Firmware Update UI<\/li>\r\n<li>[Repariert] Thumbnail Bug bei Canon Kameras<\/li>\r\n<\/ul><\/li>\r\n\r\n<li>1.3.2 2019-08-01 15:38<ul> \r\n<li>[Repariert] Thumbnail Ansicht Bug<\/li>\r\n<\/ul><\/li>\r\n\r\n<li>1.3.1 2019-07-30 15:26<ul> \r\n<li>[Verbessert] Pairing Prozedur<\/li> \r\n<li>[Verbessert] Verbindungsgeschwindigkeit<\/li> \r\n<li>[Verbessert] Fehleranzeige in Timelapse\/Autoramp<\/li> \r\n<li>[Verbessert] Ausl\u00f6sebutton Animation<\/li> \r\n<li>[Repariert] Ein-\/Aus-geschaltet Zustand wurde nicht immer gespeichert<\/li> \r\n<li>[Repariert]] Crashes beim Virtual Unleashed<\/li>\r\n<\/ul><\/li>\r\n\r\n<li>1.3.0 2019-06-25 12:13<ul> \r\n<li>[Hinzugef\u00fcgt] Neues Langzeitbelichtungs-feature, f\u00fcr genaue Belichtungen \u00fcber 30s<\/li> \r\n<li>[Hinzugef\u00fcgt] Firmware Versionen A 1.4.0 B 1.4.2 C 1.3.0 mit Langzeitbelichtung, schnellerem Aufwachen und mehr<\/li> \r\n<li>[Hinzugef\u00fcgt] Ausl\u00f6sebutton Animation die die Belichtungsdauer anzeigt<\/li> \r\n<li>[Hinzugef\u00fcgt] Showing shutter state in trigger, eg MUP, NR and BUSY<\/li> \r\n<li>[Hinzugef\u00fcgt] Fehleranzeige wenn Autoramp Tv Nacht Limit > Intervall<\/li> \r\n<li>[Verbessert] Geschwindigkeit bis zum Anzeigen der Werte nach aufwecken des Unleasheds<\/li> \r\n<li>[Verbessert] Thumbnails Karusell<\/li>\r\n<li>[Repariert] Crashes bei manchen HTC Ger\u00e4ten<\/li>\r\n<\/ul><\/li>\r\n\r\n\r\n<li>1.2.3 2019-05-20 16:27<ul>\r\n<li>[Repariert] Kleine Stabilit\u00e4tsprobleme<\/li>\r\n<li>[Upgedated] Firmware Versionen A 1.3.2 B 1.3.1 C 1.3.0<\/li>\r\n<\/ul><\/li>\r\n\r\n<li>1.2.1 2019-05-07 11:15<ul>\r\n<li>[Updated] Firmware version to A v1.3.2 to fix triggering bug on Canon cameras<\/li>\r\n<\/ul><\/li>\r\n\r\n<li>1.2.0 2019-05-06 16:55<ul>\r\n<li>[Hinzugef\u00fcgt] Info Icon mit Fehlermeldungen f\u00fcr Thumbnails<\/li>\r\n<li>[Hinzugef\u00fcgt] Zubeh\u00f6r Unterst\u00fctzung<\/li>\r\n<li>[Upgedated] Firmware Versionen A 1.3.1 B 1.3.1 C 1.2.5<\/li>\r\n<li>[Upgedated] Icons<\/li>\r\n<li>[Repariert] Auswahlr\u00e4dern und UI wenn Bildschirm Zoom an ist<\/li>\r\n<li>[Repariert] Kleine Stabilit\u00e4tsprobleme<\/li>\r\n<\/ul><\/li>\r\n\r\n<li>1.0.3 2019-02-18 14:27<ul>\r\n<li>[Repariert] Firmware Version wird nun gespeichert f\u00fcr nicht verbundene Unleasheds<\/li>\r\n<li>[Repariert] Bonded Unleasheds werden nun korrekt geupdated nach einem Firmware update<\/li>\r\n<li>[Repariert] Kleine Stabilit\u00e4tsprobleme<\/li>\r\n<\/ul><\/li>\r\n\r\n<li>1.0.2 2019-02-11 17:38<ul>\r\n<li>[Upgedated] Firmware versionen A 1.2.1 B 1.2.0 C 1.2.1<\/li>\r\n<li>[Upgedated] Icons in Auswahlr\u00e4dern vergr\u00f6\u00dfert<\/li>\r\n<li>[Repariert] Seltener Notification Crash<\/li>\r\n<\/ul><\/li>\r\n\r\n<li>1.0.1 2019-02-08 18:20<ul>\r\n<li>[Repariert] \u00c4ltere Firmware updaten<\/li>\r\n<\/ul><\/li>\r\n\r\n<li>1.0.0 2019-02-08 14:27<ul>\r\n<li>[Hinzugef\u00fcgt] Firmware Update M\u00f6glichkeit<\/li>\r\n<li>[Hinzugef\u00fcgt] Firmware Versionen A 1.2.0 B 1.2.0 C 1.2.1 mit vielen Verbesserungen<\/li>\r\n<li>[Hinzugef\u00fcgt] Warnmeldungen f\u00fcr GPS Probleme<\/li>\r\n<li>[Verbessert] Deutlichere Warn- und Fehler-meldungen<\/li>\r\n<li>[Verbessert] App Stabilit\u00e4t<\/li>\r\n<li>[Verbessert] Automatische Bluetooth wiederverbindung &#038; Stabilit\u00e4t<\/li>\r\n<li>[Upgedated] UI in Autoramp\/Timelapse Ansichten<\/li>\r\n<li>[Repariert] Multi-camera GPS Intervalle &#038; Positionsanfragen<\/li>\r\n<li>[Repariert] Thumbnail Einstellungen und Anzeige<\/li>\r\n<li>[Repariert] Bluetooth-\/Positionsdaten-rechte Handhabung<\/li>\r\n<\/ul><\/li>\r\n\r\n<li>0.9.7 2019-01-04 19:17 <ul>\r\n<li>[Umbenannt] Min und Max zu Day und Night in Autoramp Ansicht<\/li>\r\n<li>[Repariert] Crash beim \u00e4ndern von Duration oder Interval zu zahlen mit nur einer Ziffer<\/li>\r\n<li>[Repariert] Crash bei Timelapse und Autoramp Ansichten when Duration oder Interval ausgew\u00e4hlt wird<\/li>\r\n<li>[Repariert] Animationen bei App Wiederherstellung aus dem Hintergrund<\/li>\r\n<li>[Repariert] Kleine Stabilit\u00e4tsprobleme<\/li>\r\n<\/ul><\/li>\r\n\r\n<li>0.9.6 2018-12-21 17:33 <ul>\r\n<li>[Repariert] Interna Apparchitektur aufgef\u00e4umt<\/li>\r\n<li>[Repariert] GPS Notification<\/li>\r\n<li>[Repariert] Crashs in bestimmten Randf\u00e4llten<\/li>\r\n<li>[Repariert] Verbindungsprobleme <\/li>\r\n<li>[Repariert] Verbindugnen wurden manchmal nicht getrennt<\/li>\r\n<li>[Repariert] UI Bugs<\/li>\r\n<li>[Repariert] App hat Seriennummer nicht gespeichert<\/li>\r\n<li>[Repariert] Viele kleine Bugs<\/li>\r\n<li>[Updated] Icons f\u00fcr Image Quality und Size<\/li>\r\n<\/ul><\/li>\r\n\r\n<li>0.9.5 2018-11-10 12:35 <ul>\r\n<li>[Repariert] App Crash beim umschalten in Video Ansicht (seit letztem update)<\/li>\r\n<\/ul><\/li>\r\n\r\n<li>0.9.4.1  2018-11-09 15:37<ul>\r\n<li>[Repariert] GPS und Bluetooth Verbindung wenn App im Hintergrund<\/li>\r\n<li>[Repariert] Service Discovery Problem<\/li>\r\n<li>[Repariert] Gepairte Unleasheds wurden vergessen<\/li>\r\n<li>[Repariert] App crash beim Virtual Unleashed<\/li>\r\n<li>[Repariert] Diverse App Crashs<\/li>\r\n<\/ul><\/li>\r\n\r\n<li>0.9.4 2018-11-09 12:26<ul>\r\n<li>[Repariert] GPS und Bluetooth Verbindung wenn App im Hintergrund<\/li>\r\n<li>[Repariert] Service Discovery Problem<\/li>\r\n<li>[Repariert] Gepairte Unleasheds wurden vergessen<\/li>\r\n<li>[Repariert] App crash beim Virtual Unleashed<\/li>\r\n<li>[Repariert] Diverse App Crashs<\/li>\r\n<\/ul><\/li>\r\n\r\n<li>0.9.3 2018-10-26 21:29<ul>\r\n<li>[Repariert] GPS\/Geotagging mit Android Oreo<\/li>\r\n<li>[Repariert] GPS\/Geotagging optimiert wenn App im Hintergrund<\/li>\r\n<li>[Repariert] Crashs durch getrenntes Unleashed<\/li>\r\n<\/ul><\/li>\r\n<li>0.9.2 2018-10-22 17:42<ul>\r\n<li>[Repariert] Crash beim holen des Unleashed namens bei getrenntem Unleashed<\/li>\r\n<li>[Repariert] Crashes beim Versuch mit getrenntem Unleashed zu kommunizieren in Autoramp, Photo und Video Ansichten<\/li>\r\n<li>[Repariert] Crash bei GPS\/Geotagging wenn App im Hintergrund<\/li>\r\n<\/ul><\/li>\r\n\r\n\r\n<\/ul>","protected":false},"excerpt":{"rendered":"ANDROID APP CHANGELOG Here are all the changes we\u2019ve made in the latest Android app version: 2021-10-24 2.0.0 [Added] Firmware 2.0.0 with huge list of changes [Added] New BLE Api 4.0 &#8211; much better for Android [Added] Partial FW updating [Added] Connecting to Unleashed in Bootloader (red LED) [Added] Android 12 support [Added] Advanced Unleashed [&hellip;]","protected":false},"author":1,"featured_media":0,"parent":11656,"menu_order":0,"comment_status":"closed","ping_status":"closed","template":"template-nosidebar.php","meta":{"footnotes":""},"yoast_head":"<!-- This site is optimized with the Yoast SEO plugin v22.8 - https:\/\/yoast.com\/wordpress\/plugins\/seo\/ -->\n<title>Android App &#187; foolography<\/title>\n<meta name=\"robots\" content=\"index, follow, max-snippet:-1, max-image-preview:large, max-video-preview:-1\" \/>\n<link rel=\"canonical\" href=\"https:\/\/www.foolography.com\/products\/unleashed\/changelog\/android-app\/\" \/>\n<meta property=\"og:locale\" content=\"de_DE\" \/>\n<meta property=\"og:type\" content=\"article\" \/>\n<meta property=\"og:title\" content=\"Android App &#187; foolography\" \/>\n<meta property=\"og:description\" content=\"ANDROID APP CHANGELOG Here are all the changes we\u2019ve made in the latest Android app version: 2021-10-24 2.0.0 [Added] Firmware 2.0.0 with huge list of changes [Added] New BLE Api 4.0 &#8211; much better for Android [Added] Partial FW updating [Added] Connecting to Unleashed in Bootloader (red LED) [Added] Android 12 support [Added] Advanced Unleashed [&hellip;]\" \/>\n<meta property=\"og:url\" content=\"https:\/\/www.foolography.com\/products\/unleashed\/changelog\/android-app\/\" \/>\n<meta property=\"og:site_name\" content=\"foolography\" \/>\n<meta property=\"article:publisher\" content=\"https:\/\/facebook.com\/foolography\" \/>\n<meta property=\"article:modified_time\" content=\"2021-10-23T23:01:37+00:00\" \/>\n<meta name=\"twitter:card\" content=\"summary_large_image\" \/>\n<meta name=\"twitter:site\" content=\"@foolography\" \/>\n<meta name=\"twitter:label1\" content=\"Est. reading time\" \/>\n\t<meta name=\"twitter:data1\" content=\"5 Minuten\" \/>\n<!-- \/ Yoast SEO plugin. -->","yoast_head_json":{"title":"Android App &#187; foolography","robots":{"index":"index","follow":"follow","max-snippet":"max-snippet:-1","max-image-preview":"max-image-preview:large","max-video-preview":"max-video-preview:-1"},"canonical":"https:\/\/www.foolography.com\/products\/unleashed\/changelog\/android-app\/","og_locale":"de_DE","og_type":"article","og_title":"Android App &#187; foolography","og_description":"ANDROID APP CHANGELOG Here are all the changes we\u2019ve made in the latest Android app version: 2021-10-24 2.0.0 [Added] Firmware 2.0.0 with huge list of changes [Added] New BLE Api 4.0 &#8211; much better for Android [Added] Partial FW updating [Added] Connecting to Unleashed in Bootloader (red LED) [Added] Android 12 support [Added] Advanced Unleashed [&hellip;]","og_url":"https:\/\/www.foolography.com\/products\/unleashed\/changelog\/android-app\/","og_site_name":"foolography","article_publisher":"https:\/\/facebook.com\/foolography","article_modified_time":"2021-10-23T23:01:37+00:00","twitter_card":"summary_large_image","twitter_site":"@foolography","twitter_misc":{"Est. reading time":"5 Minuten"},"schema":{"@context":"https:\/\/schema.org","@graph":[{"@type":"WebPage","@id":"https:\/\/www.foolography.com\/products\/unleashed\/changelog\/android-app\/","url":"https:\/\/www.foolography.com\/products\/unleashed\/changelog\/android-app\/","name":"Android App &#187; foolography","isPartOf":{"@id":"https:\/\/www.foolography.com\/#website"},"datePublished":"2020-03-30T22:34:08+00:00","dateModified":"2021-10-23T23:01:37+00:00","breadcrumb":{"@id":"https:\/\/www.foolography.com\/products\/unleashed\/changelog\/android-app\/#breadcrumb"},"inLanguage":"de-DE","potentialAction":[{"@type":"ReadAction","target":["https:\/\/www.foolography.com\/products\/unleashed\/changelog\/android-app\/"]}]},{"@type":"BreadcrumbList","@id":"https:\/\/www.foolography.com\/products\/unleashed\/changelog\/android-app\/#breadcrumb","itemListElement":[{"@type":"ListItem","position":1,"name":"Home","item":"https:\/\/www.foolography.com\/de\/"},{"@type":"ListItem","position":2,"name":"Produkte","item":"https:\/\/www.foolography.com\/de\/produkte\/"},{"@type":"ListItem","position":3,"name":"Unleashed","item":"https:\/\/www.foolography.com\/products\/unleashed\/"},{"@type":"ListItem","position":4,"name":"Changelog","item":"https:\/\/www.foolography.com\/products\/unleashed\/changelog\/"},{"@type":"ListItem","position":5,"name":"Android App"}]},{"@type":"WebSite","@id":"https:\/\/www.foolography.com\/#website","url":"https:\/\/www.foolography.com\/","name":"foolography","description":"Smartes Kamerazubeh\u00f6r","publisher":{"@id":"https:\/\/www.foolography.com\/#organization"},"potentialAction":[{"@type":"SearchAction","target":{"@type":"EntryPoint","urlTemplate":"https:\/\/www.foolography.com\/?s={search_term_string}"},"query-input":"required name=search_term_string"}],"inLanguage":"de-DE"},{"@type":"Organization","@id":"https:\/\/www.foolography.com\/#organization","name":"Foolography","url":"https:\/\/www.foolography.com\/","logo":{"@type":"ImageObject","inLanguage":"de-DE","@id":"https:\/\/www.foolography.com\/#\/schema\/logo\/image\/","url":"https:\/\/www.foolography.com\/wp-content\/uploads\/favicon.png","contentUrl":"https:\/\/www.foolography.com\/wp-content\/uploads\/favicon.png","width":513,"height":512,"caption":"Foolography"},"image":{"@id":"https:\/\/www.foolography.com\/#\/schema\/logo\/image\/"},"sameAs":["https:\/\/facebook.com\/foolography","https:\/\/x.com\/foolography","https:\/\/www.instagram.com\/foolography\/","https:\/\/www.youtube.com\/user\/foolography"]}]}},"_links":{"self":[{"href":"https:\/\/www.foolography.com\/de\/wp-json\/wp\/v2\/pages\/12837"}],"collection":[{"href":"https:\/\/www.foolography.com\/de\/wp-json\/wp\/v2\/pages"}],"about":[{"href":"https:\/\/www.foolography.com\/de\/wp-json\/wp\/v2\/types\/page"}],"author":[{"embeddable":true,"href":"https:\/\/www.foolography.com\/de\/wp-json\/wp\/v2\/users\/1"}],"replies":[{"embeddable":true,"href":"https:\/\/www.foolography.com\/de\/wp-json\/wp\/v2\/comments?post=12837"}],"version-history":[{"count":9,"href":"https:\/\/www.foolography.com\/de\/wp-json\/wp\/v2\/pages\/12837\/revisions"}],"predecessor-version":[{"id":29389,"href":"https:\/\/www.foolography.com\/de\/wp-json\/wp\/v2\/pages\/12837\/revisions\/29389"}],"up":[{"embeddable":true,"href":"https:\/\/www.foolography.com\/de\/wp-json\/wp\/v2\/pages\/11656"}],"wp:attachment":[{"href":"https:\/\/www.foolography.com\/de\/wp-json\/wp\/v2\/media?parent=12837"}],"curies":[{"name":"wp","href":"https:\/\/api.w.org\/{rel}","templated":true}]}}