{"id":16007,"date":"2021-01-20T16:08:13","date_gmt":"2021-01-20T14:08:13","guid":{"rendered":"http:\/\/www.foolography.com\/support\/unleashed-09\/"},"modified":"2021-01-20T16:08:13","modified_gmt":"2021-01-20T14:08:13","slug":"unleashed-09","status":"publish","type":"page","link":"https:\/\/www.foolography.com\/de\/support\/unleashed-09\/","title":{"rendered":"Unleashed &#8217;09"},"content":{"rendered":"<div class=\"support-page__wrapper\">\r\n          <div class=\"support-toc__wrapper\">\n\t\t\t<div class=\"support-toc__row\">                <ul class=\"support-toc__list\">\n                <li class=\"support-toc__list__title\">\n                    <a href=\"https:\/\/www.foolography.com\/de\/ufaq-category\/gps-empfaenger-unleashed-09-de\/\">\n                        <h4>\n\t\t\t\t\t\t\t<i class=\"fa fa-location-arrow\"><\/i>\t\t\t\t\t\t\tGPS Empf\u00e4nger                        <\/h4>\n                    <\/a>\n                <\/li>\n\t\t\t\t                        <li class=\"support-toc__list__item\">\n                            <a href=\"https:\/\/www.foolography.com\/de\/faqs\/welche-gps-empfanger-sind-mit-dem-unleashed09-kompatibel-und-welche-nicht\/\" class=\"support-page__link\"\n                               data-post-id=\"9aZ-11897-0\">Welche GPS Empf\u00e4nger sind mit dem Unleashed&#8217;09 kompatibel, und welche nicht?<\/a>\n                        <\/li>\n\t\t\t\t\t                        <li class=\"support-toc__list__item\">\n                            <a href=\"https:\/\/www.foolography.com\/de\/faqs\/welchen-gps-empfanger-empfehlt-ihr-um-ihn-mit-dem-unleashed09-zu-verwenden\/\" class=\"support-page__link\"\n                               data-post-id=\"3XU-11896-1\">Welchen GPS Empf\u00e4nger empfehlt ihr um ihn mit dem Unleashed&#8217;09 zu verwenden?<\/a>\n                        <\/li>\n\t\t\t\t\t                        <li class=\"support-toc__list__item\">\n                            <a href=\"https:\/\/www.foolography.com\/de\/faqs\/kann-ich-das-unleashed09-mit-einem-iphone-koppeln-und-dieses-als-gps-empfanger-nutzen\/\" class=\"support-page__link\"\n                               data-post-id=\"Fow-11895-2\">Kann ich das Unleashed&#8217;09 mit einem iPhone koppeln und dieses als GPS Empf\u00e4nger nutzen?<\/a>\n                        <\/li>\n\t\t\t\t\t                        <li class=\"support-toc__list__item\">\n                            <a href=\"https:\/\/www.foolography.com\/de\/faqs\/kann-ich-das-unleashed09-mit-einem-android-handy-koppeln-und-dieses-als-gps-empfanger-nutzen\/\" class=\"support-page__link\"\n                               data-post-id=\"SQ2-11894-3\">Kann ich das Unleashed&#8217;09 mit einem Android Handy koppeln und dieses als GPS Empf\u00e4nger nutzen?<\/a>\n                        <\/li>\n\t\t\t\t\t                        <li class=\"support-toc__list__item\">\n                            <a href=\"https:\/\/www.foolography.com\/de\/faqs\/kann-ich-mehr-als-ein-unleashed09-mit-einem-einzigen-gps-empfanger-koppeln\/\" class=\"support-page__link\"\n                               data-post-id=\"dFl-11888-4\">Kann ich mehr als ein Unleashed&#8217;09 mit einem einzigen GPS Empf\u00e4nger koppeln?<\/a>\n                        <\/li>\n\t\t\t\t\t                        <li>\n                            <a class=\"support-page__link\"\n                               href=\"https:\/\/www.foolography.com\/de\/ufaq-category\/gps-empfaenger-unleashed-09-de\/\">\n\t\t\t\t\t\t\t\tWeitere relevante FAQs...                            <\/a>\n                        <\/li>\n                        <\/ul>\n\t\t\t\t\t                <ul class=\"support-toc__list\">\n                <li class=\"support-toc__list__title\">\n                    <a href=\"https:\/\/www.foolography.com\/de\/ufaq-category\/modul-unleashed-09-de\/\">\n                        <h4>\n\t\t\t\t\t\t\t<i class=\"fa fa-camera\"><\/i>\t\t\t\t\t\t\tModul                        <\/h4>\n                    <\/a>\n                <\/li>\n\t\t\t\t                        <li class=\"support-toc__list__item\">\n                            <a href=\"https:\/\/www.foolography.com\/de\/faqs\/verbraucht-das-unleashed09-viel-strom-von-der-kamera\/\" class=\"support-page__link\"\n                               data-post-id=\"aRP-11942-0\">Verbraucht das Unleashed&#8217;09 viel Strom von der Kamera?<\/a>\n                        <\/li>\n\t\t\t\t\t                        <li class=\"support-toc__list__item\">\n                            <a href=\"https:\/\/www.foolography.com\/de\/faqs\/ich-sehe-keine-leds-am-unleashed09-blinken-was-kann-ich-tun\/\" class=\"support-page__link\"\n                               data-post-id=\"BPs-11891-1\">Ich sehe keine LEDs am Unleashed&#8217;09 blinken &#8211; was kann ich tun?<\/a>\n                        <\/li>\n\t\t\t\t\t                        <li class=\"support-toc__list__item\">\n                            <a href=\"https:\/\/www.foolography.com\/de\/faqs\/was-wird-genau-vom-unleashed09-in-die-exif-daten-geschrieben\/\" class=\"support-page__link\"\n                               data-post-id=\"ASX-11879-2\">Was wird genau vom Unleashed&#8217;09 in die EXIF Daten geschrieben?<\/a>\n                        <\/li>\n\t\t\t\t\t                        <li class=\"support-toc__list__item\">\n                            <a href=\"https:\/\/www.foolography.com\/de\/faqs\/was-mache-ich-mit-der-gummiabdeckung-der-kamera-wenn-ich-das-unleashed09-dx000-nutze-kann-ich-sie-abschneiden-bietet-ihr-ersatzklappen-an\/\" class=\"support-page__link\"\n                               data-post-id=\"eYq-11878-3\">Was mache ich mit der Gummiabdeckung der Kamera wenn ich das Unleashed&#8217;09 Dx000 nutze? Kann ich sie abschneiden? Bietet Ihr Ersatzklappen an?<\/a>\n                        <\/li>\n\t\t\t\t\t                        <li class=\"support-toc__list__item\">\n                            <a href=\"https:\/\/www.foolography.com\/de\/faqs\/wie-kopple-ich-das-unleashed09-mit-einem-gps-empfanger\/\" class=\"support-page__link\"\n                               data-post-id=\"o3f-11877-4\">Wie kopple ich das Unleashed&#8217;09 mit einem GPS Empf\u00e4nger?<\/a>\n                        <\/li>\n\t\t\t\t\t                        <li>\n                            <a class=\"support-page__link\"\n                               href=\"https:\/\/www.foolography.com\/de\/ufaq-category\/modul-unleashed-09-de\/\">\n\t\t\t\t\t\t\t\tWeitere relevante FAQs...                            <\/a>\n                        <\/li>\n                        <\/ul>\n\t\t\t\t\t<\/div><div class=\"support-toc__row\">                <ul class=\"support-toc__list\">\n                <li class=\"support-toc__list__title\">\n                    <a href=\"https:\/\/www.foolography.com\/de\/ufaq-category\/koppeln-unleashed-09-de\/\">\n                        <h4>\n\t\t\t\t\t\t\t<i class=\"fa fa-bluetooth\"><\/i>\t\t\t\t\t\t\tKoppeln                        <\/h4>\n                    <\/a>\n                <\/li>\n\t\t\t\t                        <li class=\"support-toc__list__item\">\n                            <a href=\"https:\/\/www.foolography.com\/de\/faqs\/das-koppeln-funktioniert-nicht-was-kann-ich-tun\/\" class=\"support-page__link\"\n                               data-post-id=\"q1A-11893-0\">Das Koppeln funktioniert nicht &#8211; was kann ich tun?<\/a>\n                        <\/li>\n\t\t\t\t\t                        <li class=\"support-toc__list__item\">\n                            <a href=\"https:\/\/www.foolography.com\/de\/faqs\/ich-sehe-keine-leds-am-unleashed09-blinken-was-kann-ich-tun\/\" class=\"support-page__link\"\n                               data-post-id=\"HmJ-11891-1\">Ich sehe keine LEDs am Unleashed&#8217;09 blinken &#8211; was kann ich tun?<\/a>\n                        <\/li>\n\t\t\t\t\t                        <li class=\"support-toc__list__item\">\n                            <a href=\"https:\/\/www.foolography.com\/de\/faqs\/kann-die-kopplung-zwischen-unleashed-und-gps-empfanger-verloren-gehn\/\" class=\"support-page__link\"\n                               data-post-id=\"bqD-11890-2\">Kann die Kopplung zwischen Unleashed und GPS Empf\u00e4nger verloren gehn?<\/a>\n                        <\/li>\n\t\t\t\t\t                        <li class=\"support-toc__list__item\">\n                            <a href=\"https:\/\/www.foolography.com\/de\/faqs\/konnt-ihr-das-koppeln-fur-mich-durchfuhren\/\" class=\"support-page__link\"\n                               data-post-id=\"DKI-11889-3\">K\u00f6nnt Ihr das Koppeln f\u00fcr mich durchf\u00fchren?<\/a>\n                        <\/li>\n\t\t\t\t\t                        <li class=\"support-toc__list__item\">\n                            <a href=\"https:\/\/www.foolography.com\/de\/faqs\/kann-ich-mehr-als-ein-unleashed09-mit-einem-einzigen-gps-empfanger-koppeln\/\" class=\"support-page__link\"\n                               data-post-id=\"oCU-11888-4\">Kann ich mehr als ein Unleashed&#8217;09 mit einem einzigen GPS Empf\u00e4nger koppeln?<\/a>\n                        <\/li>\n\t\t\t\t\t                        <li>\n                            <a class=\"support-page__link\"\n                               href=\"https:\/\/www.foolography.com\/de\/ufaq-category\/koppeln-unleashed-09-de\/\">\n\t\t\t\t\t\t\t\tWeitere relevante FAQs...                            <\/a>\n                        <\/li>\n                        <\/ul>\n\t\t\t\t\t                <ul class=\"support-toc__list\">\n                <li class=\"support-toc__list__title\">\n                    <a href=\"https:\/\/www.foolography.com\/de\/ufaq-category\/ruecksendung-unleashed-09-de\/\">\n                        <h4>\n\t\t\t\t\t\t\t<i class=\"fa fa-reply\"><\/i>\t\t\t\t\t\t\tR\u00fccksendung                        <\/h4>\n                    <\/a>\n                <\/li>\n\t\t\t\t                        <li class=\"support-toc__list__item\">\n                            <a href=\"https:\/\/www.foolography.com\/de\/faqs\/ich-mochte-mein-uneashed09-zuruckgeben-wie-mache-ich-das\/\" class=\"support-page__link\"\n                               data-post-id=\"kH5-11871-0\">Ich m\u00f6chte mein Uneashed&#8217;09 zur\u00fcckgeben, wie mache ich das?<\/a>\n                        <\/li>\n\t\t\t\t\t                        <li class=\"support-toc__list__item\">\n                            <a href=\"https:\/\/www.foolography.com\/de\/faqs\/ich-mochte-mein-unleashed09-nach-mehr-als-30-tagen-zuruckgeben-geht-das\/\" class=\"support-page__link\"\n                               data-post-id=\"u44-11870-1\">Ich m\u00f6chte mein Unleashed&#8217;09 nach mehr als 30 Tagen zur\u00fcckgeben. Geht das?<\/a>\n                        <\/li>\n\t\t\t\t\t<\/div><div class=\"support-toc__row\">                <ul class=\"support-toc__list\">\n                <li class=\"support-toc__list__title\">\n                    <a href=\"https:\/\/www.foolography.com\/de\/ufaq-category\/versand-unleashed-09-de\/\">\n                        <h4>\n\t\t\t\t\t\t\t<i class=\"fa fa-truck\"><\/i>\t\t\t\t\t\t\tVersand                        <\/h4>\n                    <\/a>\n                <\/li>\n\t\t\t\t                        <li class=\"support-toc__list__item\">\n                            <a href=\"https:\/\/www.foolography.com\/de\/faqs\/wie-lang-dauert-der-versand-in-die-usa\/\" class=\"support-page__link\"\n                               data-post-id=\"gTv-11874-0\">Wie lang dauert der Versand in die USA?<\/a>\n                        <\/li>\n\t\t\t\t\t                        <li class=\"support-toc__list__item\">\n                            <a href=\"https:\/\/www.foolography.com\/de\/faqs\/gibt-es-handler-in-meiner-region-wo-ich-das-unleashed09-direkt-kaufen-kann\/\" class=\"support-page__link\"\n                               data-post-id=\"2H4-11872-1\">Gibt es H\u00e4ndler in meiner Region wo ich das Unleashed&#8217;09 direkt kaufen kann?<\/a>\n                        <\/li>\n\t\t\t\t\t                <ul class=\"support-toc__list\">\n                <li class=\"support-toc__list__title\">\n                    <a href=\"https:\/\/www.foolography.com\/de\/ufaq-category\/software-unleashed-09-de\/\">\n                        <h4>\n\t\t\t\t\t\t\t<i class=\"fa fa-desktop\"><\/i>\t\t\t\t\t\t\tSoftware                        <\/h4>\n                    <\/a>\n                <\/li>\n\t\t\t\t                        <li class=\"support-toc__list__item\">\n                            <a href=\"https:\/\/www.foolography.com\/de\/faqs\/welche-software-brauche-ich-um-die-gps-daten-zu-speichern\/\" class=\"support-page__link\"\n                               data-post-id=\"WS6-11884-0\">Welche Software brauche ich um die GPS Daten zu speichern?<\/a>\n                        <\/li>\n\t\t\t\t\t                        <li class=\"support-toc__list__item\">\n                            <a href=\"https:\/\/www.foolography.com\/de\/faqs\/welche-software-kann-uberhaupt-die-fotos-auf-einer-landkarte-anzeigen\/\" class=\"support-page__link\"\n                               data-post-id=\"vFM-11883-1\">Welche Software kann \u00fcberhaupt die Fotos auf einer Landkarte anzeigen?<\/a>\n                        <\/li>\n\t\t\t\t\t                        <li class=\"support-toc__list__item\">\n                            <a href=\"https:\/\/www.foolography.com\/de\/faqs\/wie-kann-ich-meine-fotos-auf-einer-karte-anschauen-zb-auf-meinem-smartphone\/\" class=\"support-page__link\"\n                               data-post-id=\"shd-11881-2\">Wie kann ich meine Fotos auf einer Karte anschauen &#8211; zB auf meinem Smartphone?<\/a>\n                        <\/li>\n\t\t\t\t\t<\/div>        <\/div>\n\t\t\r\n<\/div>\r\n\r\n<section class=\"support-faqs support-faqs--alt\">\r\n  <h3 class=\"support-faqs__title\">Meistgesehene FAQs<\/h3>\r\n  <div class=\"support-faqs__container support-page__wrapper\">\r\n                <article class=\"support-faqs__box\" data-post-id=\"BEw-11942-0\">\n                <div class=\"support-faqs__box__container\">\n                    <div class=\"support-faqs__box__toggle\">\n                        <button>\n                            <span><\/span>\n                            <span><\/span>\n                        <\/button>\n                    <\/div>\n                    <div class=\"support-faqs__box__content\">\n                        <h4 class=\"support-faqs__box__title support-faqs__box__title--with-toggle\">\n                            <a href=\"https:\/\/www.foolography.com\/de\/faqs\/verbraucht-das-unleashed09-viel-strom-von-der-kamera\/\">Verbraucht das Unleashed&#8217;09 viel Strom von der Kamera?<\/a>\n                        <\/h4>\n                        <div class=\"support-faqs__box__body\">\n                            <p>Das Unleashed&#8217;09 ist so entwickelt um immer an der Kamera zu bleiben. Deswegen haben wir viele smarte Stromsparmechanismen eingebaut. W\u00e4hrend man aktiv Fotos machen, verbraucht das Unleashed D200+ gerade mal 11.0 mA vom Kameraakku. Nach 15 Minuten Inaktivit\u00e4t wird die Bluetooth\u00ae Verbindung getrennt. Dann verbraucht es nur noch 1.85 mA. Nach weiteren 30 Minuten geht [&hellip;]                                <a class=\"support-faqs__more support-page__link\" href=\"https:\/\/www.foolography.com\/de\/faqs\/verbraucht-das-unleashed09-viel-strom-von-der-kamera\/\"\n                                   data-post-id=\"BEw-11942-0\">\n\t\t\t\t\t\t\t\t\tMehr lesen&hellip;                                <\/a>\n                            <\/p>\n                        <\/div>\n                    <\/div>\n                <\/div>\n            <\/article>\n\t\t\t            <article class=\"support-faqs__box\" data-post-id=\"SYy-11884-1\">\n                <div class=\"support-faqs__box__container\">\n                    <div class=\"support-faqs__box__toggle\">\n                        <button>\n                            <span><\/span>\n                            <span><\/span>\n                        <\/button>\n                    <\/div>\n                    <div class=\"support-faqs__box__content\">\n                        <h4 class=\"support-faqs__box__title support-faqs__box__title--with-toggle\">\n                            <a href=\"https:\/\/www.foolography.com\/de\/faqs\/welche-software-brauche-ich-um-die-gps-daten-zu-speichern\/\">Welche Software brauche ich um die GPS Daten zu speichern?<\/a>\n                        <\/h4>\n                        <div class=\"support-faqs__box__body\">\n                            <p>Keine! Mit dem Unleashed&#8217;09 passiert Geotagging direkt in der Kamera. Das ist ja das coole an direktem Geotagging &#8211; keinerlei Arbeit am Rechner ist n\u00f6tig &#8211; keine Software, keine Zeitstempelprobleme&#8230;                                <a class=\"support-faqs__more support-page__link\" href=\"https:\/\/www.foolography.com\/de\/faqs\/welche-software-brauche-ich-um-die-gps-daten-zu-speichern\/\"\n                                   data-post-id=\"SYy-11884-1\">\n\t\t\t\t\t\t\t\t\tMehr lesen&hellip;                                <\/a>\n                            <\/p>\n                        <\/div>\n                    <\/div>\n                <\/div>\n            <\/article>\n\t\t\t            <article class=\"support-faqs__box\" data-post-id=\"OhS-11881-2\">\n                <div class=\"support-faqs__box__container\">\n                    <div class=\"support-faqs__box__toggle\">\n                        <button>\n                            <span><\/span>\n                            <span><\/span>\n                        <\/button>\n                    <\/div>\n                    <div class=\"support-faqs__box__content\">\n                        <h4 class=\"support-faqs__box__title support-faqs__box__title--with-toggle\">\n                            <a href=\"https:\/\/www.foolography.com\/de\/faqs\/wie-kann-ich-meine-fotos-auf-einer-karte-anschauen-zb-auf-meinem-smartphone\/\">Wie kann ich meine Fotos auf einer Karte anschauen &#8211; zB auf meinem Smartphone?<\/a>\n                        <\/h4>\n                        <div class=\"support-faqs__box__body\">\n                            <p>Smartphones haben fast alle ein Album was sich &#8222;Orte&#8220; oder &#8222;Places&#8220; nennt. Hier sieht man alle Fotos auf einer Karte. Sie m\u00fcssen also nur Ihre Spiegelreflex Fotos mit dem Handy Synchronisieren, dann erscheinen auch diese dort auf der Karte.                                <a class=\"support-faqs__more support-page__link\" href=\"https:\/\/www.foolography.com\/de\/faqs\/wie-kann-ich-meine-fotos-auf-einer-karte-anschauen-zb-auf-meinem-smartphone\/\"\n                                   data-post-id=\"OhS-11881-2\">\n\t\t\t\t\t\t\t\t\tMehr lesen&hellip;                                <\/a>\n                            <\/p>\n                        <\/div>\n                    <\/div>\n                <\/div>\n            <\/article>\n\t\t\t            <article class=\"support-faqs__box\" data-post-id=\"bW5-11883-3\">\n                <div class=\"support-faqs__box__container\">\n                    <div class=\"support-faqs__box__toggle\">\n                        <button>\n                            <span><\/span>\n                            <span><\/span>\n                        <\/button>\n                    <\/div>\n                    <div class=\"support-faqs__box__content\">\n                        <h4 class=\"support-faqs__box__title support-faqs__box__title--with-toggle\">\n                            <a href=\"https:\/\/www.foolography.com\/de\/faqs\/welche-software-kann-uberhaupt-die-fotos-auf-einer-landkarte-anzeigen\/\">Welche Software kann \u00fcberhaupt die Fotos auf einer Landkarte anzeigen?<\/a>\n                        <\/h4>\n                        <div class=\"support-faqs__box__body\">\n                            <p>Es gibt inzwischen vielerlei Software die Geotagging unterst\u00fctzt und Fotos auf Karten anzeigen kann, zB: iPhoto Photos Lightroom Aperture Nikon Capture Pro                                <a class=\"support-faqs__more support-page__link\" href=\"https:\/\/www.foolography.com\/de\/faqs\/welche-software-kann-uberhaupt-die-fotos-auf-einer-landkarte-anzeigen\/\"\n                                   data-post-id=\"bW5-11883-3\">\n\t\t\t\t\t\t\t\t\tMehr lesen&hellip;                                <\/a>\n                            <\/p>\n                        <\/div>\n                    <\/div>\n                <\/div>\n            <\/article>\n\t\t\t            <article class=\"support-faqs__box\" data-post-id=\"Dvg-11878-4\">\n                <div class=\"support-faqs__box__container\">\n                    <div class=\"support-faqs__box__toggle\">\n                        <button>\n                            <span><\/span>\n                            <span><\/span>\n                        <\/button>\n                    <\/div>\n                    <div class=\"support-faqs__box__content\">\n                        <h4 class=\"support-faqs__box__title support-faqs__box__title--with-toggle\">\n                            <a href=\"https:\/\/www.foolography.com\/de\/faqs\/was-mache-ich-mit-der-gummiabdeckung-der-kamera-wenn-ich-das-unleashed09-dx000-nutze-kann-ich-sie-abschneiden-bietet-ihr-ersatzklappen-an\/\">Was mache ich mit der Gummiabdeckung der Kamera wenn ich das Unleashed&#8217;09 Dx000 nutze? Kann ich sie abschneiden? Bietet Ihr Ersatzklappen an?<\/a>\n                        <\/h4>\n                        <div class=\"support-faqs__box__body\">\n                            <p>Bei vielen Kameras wie der D5000 oder D3100 kann man die Gummiklappen einfach vorsichtig abziehen indem man schr\u00e4g aber feste zieht. Wir bieten keine Ersatzklappen an Bei der D7000 und anderen Kameras mit Scharnier gibt es keine Optimale L\u00f6sung, da die Gummiklappe nicht abgeht ohne die Kamera auseinanderzunehmen. Manche Kunden haben sich ein Loch in [&hellip;]                                <a class=\"support-faqs__more support-page__link\" href=\"https:\/\/www.foolography.com\/de\/faqs\/was-mache-ich-mit-der-gummiabdeckung-der-kamera-wenn-ich-das-unleashed09-dx000-nutze-kann-ich-sie-abschneiden-bietet-ihr-ersatzklappen-an\/\"\n                                   data-post-id=\"Dvg-11878-4\">\n\t\t\t\t\t\t\t\t\tMehr lesen&hellip;                                <\/a>\n                            <\/p>\n                        <\/div>\n                    <\/div>\n                <\/div>\n            <\/article>\n\t\t\t\r\n  <\/div>\r\n<\/section>","protected":false},"excerpt":{"rendered":"Meistgesehene FAQs","protected":false},"author":1,"featured_media":0,"parent":11690,"menu_order":0,"comment_status":"closed","ping_status":"closed","template":"page-support.php","meta":{"footnotes":""},"yoast_head":"<!-- This site is optimized with the Yoast SEO plugin v22.8 - https:\/\/yoast.com\/wordpress\/plugins\/seo\/ -->\n<title>Unleashed &#039;09 &#187; foolography<\/title>\n<meta name=\"robots\" content=\"index, follow, max-snippet:-1, max-image-preview:large, max-video-preview:-1\" \/>\n<link rel=\"canonical\" href=\"https:\/\/www.foolography.com\/de\/support\/unleashed-09\/\" \/>\n<meta property=\"og:locale\" content=\"de_DE\" \/>\n<meta property=\"og:type\" content=\"article\" \/>\n<meta property=\"og:title\" content=\"Unleashed &#039;09 &#187; foolography\" \/>\n<meta property=\"og:description\" content=\"Meistgesehene FAQs\" \/>\n<meta property=\"og:url\" content=\"https:\/\/www.foolography.com\/de\/support\/unleashed-09\/\" \/>\n<meta property=\"og:site_name\" content=\"foolography\" \/>\n<meta property=\"article:publisher\" content=\"https:\/\/facebook.com\/foolography\" \/>\n<meta name=\"twitter:card\" content=\"summary_large_image\" \/>\n<meta name=\"twitter:site\" content=\"@foolography\" \/>\n<!-- \/ Yoast SEO plugin. -->","yoast_head_json":{"title":"Unleashed '09 &#187; foolography","robots":{"index":"index","follow":"follow","max-snippet":"max-snippet:-1","max-image-preview":"max-image-preview:large","max-video-preview":"max-video-preview:-1"},"canonical":"https:\/\/www.foolography.com\/de\/support\/unleashed-09\/","og_locale":"de_DE","og_type":"article","og_title":"Unleashed '09 &#187; foolography","og_description":"Meistgesehene FAQs","og_url":"https:\/\/www.foolography.com\/de\/support\/unleashed-09\/","og_site_name":"foolography","article_publisher":"https:\/\/facebook.com\/foolography","twitter_card":"summary_large_image","twitter_site":"@foolography","schema":{"@context":"https:\/\/schema.org","@graph":[{"@type":"WebPage","@id":"https:\/\/www.foolography.com\/de\/support\/unleashed-09\/","url":"https:\/\/www.foolography.com\/de\/support\/unleashed-09\/","name":"Unleashed '09 &#187; foolography","isPartOf":{"@id":"https:\/\/www.foolography.com\/#website"},"datePublished":"2021-01-20T14:08:13+00:00","dateModified":"2021-01-20T14:08:13+00:00","breadcrumb":{"@id":"https:\/\/www.foolography.com\/de\/support\/unleashed-09\/#breadcrumb"},"inLanguage":"de-DE","potentialAction":[{"@type":"ReadAction","target":["https:\/\/www.foolography.com\/de\/support\/unleashed-09\/"]}]},{"@type":"BreadcrumbList","@id":"https:\/\/www.foolography.com\/de\/support\/unleashed-09\/#breadcrumb","itemListElement":[{"@type":"ListItem","position":1,"name":"Home","item":"https:\/\/www.foolography.com\/de\/"},{"@type":"ListItem","position":2,"name":"Support","item":"https:\/\/www.foolography.com\/de\/support\/"},{"@type":"ListItem","position":3,"name":"Unleashed &#8217;09"}]},{"@type":"WebSite","@id":"https:\/\/www.foolography.com\/#website","url":"https:\/\/www.foolography.com\/","name":"foolography","description":"Smartes Kamerazubeh\u00f6r","publisher":{"@id":"https:\/\/www.foolography.com\/#organization"},"potentialAction":[{"@type":"SearchAction","target":{"@type":"EntryPoint","urlTemplate":"https:\/\/www.foolography.com\/?s={search_term_string}"},"query-input":"required name=search_term_string"}],"inLanguage":"de-DE"},{"@type":"Organization","@id":"https:\/\/www.foolography.com\/#organization","name":"Foolography","url":"https:\/\/www.foolography.com\/","logo":{"@type":"ImageObject","inLanguage":"de-DE","@id":"https:\/\/www.foolography.com\/#\/schema\/logo\/image\/","url":"https:\/\/www.foolography.com\/wp-content\/uploads\/favicon.png","contentUrl":"https:\/\/www.foolography.com\/wp-content\/uploads\/favicon.png","width":513,"height":512,"caption":"Foolography"},"image":{"@id":"https:\/\/www.foolography.com\/#\/schema\/logo\/image\/"},"sameAs":["https:\/\/facebook.com\/foolography","https:\/\/x.com\/foolography","https:\/\/www.instagram.com\/foolography\/","https:\/\/www.youtube.com\/user\/foolography"]}]}},"_links":{"self":[{"href":"https:\/\/www.foolography.com\/de\/wp-json\/wp\/v2\/pages\/16007"}],"collection":[{"href":"https:\/\/www.foolography.com\/de\/wp-json\/wp\/v2\/pages"}],"about":[{"href":"https:\/\/www.foolography.com\/de\/wp-json\/wp\/v2\/types\/page"}],"author":[{"embeddable":true,"href":"https:\/\/www.foolography.com\/de\/wp-json\/wp\/v2\/users\/1"}],"replies":[{"embeddable":true,"href":"https:\/\/www.foolography.com\/de\/wp-json\/wp\/v2\/comments?post=16007"}],"version-history":[{"count":0,"href":"https:\/\/www.foolography.com\/de\/wp-json\/wp\/v2\/pages\/16007\/revisions"}],"up":[{"embeddable":true,"href":"https:\/\/www.foolography.com\/de\/wp-json\/wp\/v2\/pages\/11690"}],"wp:attachment":[{"href":"https:\/\/www.foolography.com\/de\/wp-json\/wp\/v2\/media?parent=16007"}],"curies":[{"name":"wp","href":"https:\/\/api.w.org\/{rel}","templated":true}]}}