{"id":29364,"date":"2021-10-22T23:58:10","date_gmt":"2021-10-22T21:58:10","guid":{"rendered":"https:\/\/www.foolography.com\/produkte\/unleashed-18\/kompatibilitaet\/"},"modified":"2022-01-19T15:00:38","modified_gmt":"2022-01-19T14:00:38","slug":"kompatibilitaet","status":"publish","type":"page","link":"https:\/\/www.foolography.com\/de\/produkte\/unleashed-18\/kompatibilitaet\/","title":{"rendered":"Kompatibilit\u00e4t"},"content":{"rendered":"<h2 class=\"landing-section__title landing-section__title--gradient\">Kompatibilit\u00e4tsliste<\/h2>\r\n\r\n<div class=\"compat-list\">\r\n\r\n  <!-- Canon -->\r\n  <div class=\"compat-row compat-row__head\">\r\n    <div class=\"compat-column compat-column--left compat-column__title\">\r\n      <h3>Unleashed &#8217;18<\/h3>\r\n    <\/div>\r\n    <div class=\"compat-column compat-column--body compat-column__title\">\r\n      <h3>Canon<\/h3>\r\n    <\/div>\r\n  <\/div>\r\n\r\n  <!-- C1 -->\r\n  <div class=\"compat-row\">\r\n    <div class=\"compat-column compat-column--left\">\r\n      <h4>C1<\/h4>\r\n      <p>F\u00fcr Canon DSLRs mit Micro USB Buchse.<\/p>\r\n      <p class=\"buy-button buy-button--small\">\r\n        <a href=\"https:\/\/www.foolography.com\/de\/shop\/produkt\/unleashed\/?attribute_pa_brand=canon&#038;attribute_pa_model=c1\">C1 kaufen<\/a>\r\n      <\/p>\r\n    <\/div>\r\n    <div class=\"compat-column compat-column--body\">\r\n      <ul>\r\n        <li>\r\n          <ul>\r\n            <li>1DX Mark II<\/li>\r\n            <!-- <li class=\"incompatible\">7D Mark II<\/li>  Plugs rotated by 180\u00ba-->\r\n          <\/ul>\r\n        <\/li>\r\n        <li>\r\n          <ul>\r\n            <li>5DS \/ 5DSR<\/li>\r\n            <li>5d Mark IV<\/li>\r\n          <\/ul>\r\n        <\/li>\r\n      <\/ul>\r\n    <\/div>\r\n  <\/div>\r\n\r\n  <!-- C2 -->\r\n  <div class=\"compat-row\">\r\n    <div class=\"compat-column compat-column--left\">\r\n      <h4>C2<\/h4>\r\n      <p>F\u00fcr Canon DSLRs mit Mini USB Buchse.<\/p>\r\n      <p class=\"buy-button buy-button--small\">\r\n        <a href=\"https:\/\/www.foolography.com\/de\/shop\/produkt\/unleashed\/?attribute_pa_brand=canon&#038;attribute_pa_model=c2\">C2 Kaufen<\/a>\r\n      <\/p>\r\n    <\/div>\r\n    <div class=\"compat-column compat-column--body\">\r\n      <ul>\r\n        <li>\r\n          <ul>\r\n            <!-- <li class=\"incompatible\">1DX\/1DC<\/li> Mini USB, but plugs rotated by 180\u00ba-->\r\n            <li>5D Mark II<sup>1<\/sup><\/li>\r\n            <li>5D Mark III<\/li>\r\n          <\/ul>\r\n        <\/li>\r\n        <li>\r\n          <ul>\r\n            <li>7D<\/li>\r\n            <li>6D<\/li>\r\n            <li>6D Mark II<\/li>\r\n          <\/ul>\r\n        <\/li>\r\n        <li>\r\n          <ul>\r\n            <li>60D<sup>1<\/sup> \/ 60Da<sup>1<\/sup><\/li>\r\n            <!-- <li class=\"incompatible\">70D<\/li> Mini USB, but plugs rotated by 180\u00ba-->\r\n            <li>77D<\/li>\r\n            <li>80D<\/li>\r\n          <\/ul>\r\n        <\/li>\r\n        <li>\r\n          <ul>\r\n            <li>500D \/ T1i<sup>1<\/sup><\/li>\r\n            <li>550D \/ T2i<sup>1<\/sup><\/li>\r\n            <li>600D \/ T3i<sup>1<\/sup><\/li>\r\n            <li>650D \/ T4i<\/li>\r\n            <li>700D \/ T5i<\/li>\r\n            <li>750D \/ T6i<\/li>\r\n            <li>760D \/ T6s<\/li>\r\n            <li>800D \/ T7i<\/li>\r\n          <\/ul>\r\n        <\/li>\r\n        <li>\r\n          <ul>\r\n            <li>100D \/ SL1<\/li>\r\n            <li>200D \/ SL2<\/li>\r\n            <!-- <li class=\"incompatible\">250D \/ SL3<\/li> Micro USB, HDMI reversed from C1 -->\r\n          <\/ul>\r\n        <\/li>\r\n        <li>\r\n          <ul>\r\n            <li>1100D \/ T3<sup>1<\/sup><\/li>\r\n            <li>1200D \/ T5<\/li>\r\n            <li>1300D \/ T6<\/li>\r\n            <li>2000D \/ T7<\/li>\r\n          <\/ul>\r\n        <\/li>\r\n        <li>\r\n          <ul>\r\n            <li>4000D<\/li>\r\n          <\/ul>\r\n        <\/li>\r\n      <\/ul>\r\n    <\/div>\r\n  <\/div>\r\n\r\n  <!-- Nikon -->\r\n  <div class=\"compat-row compat-row__head\">\r\n    <div class=\"compat-column compat-column--left compat-column__title\">\r\n      <h3>Unleashed &#8217;18<\/h3>\r\n    <\/div>\r\n    <div class=\"compat-column compat-column--body compat-column__title\">\r\n      <h3>Nikon<\/h3>\r\n    <\/div>\r\n  <\/div>\r\n\r\n  <!-- N1 -->\r\n  <div class=\"compat-row\">\r\n    <div class=\"compat-column compat-column--left\">\r\n      <h4>N1<\/h4>\r\n      <p>F\u00fcr Nikon DSLRs mit runder Fernausl\u00f6ser Buchse.<\/p>\r\n      <p>Beinhalted ein entsprechendes USB Kabel.<\/p>\r\n    <\/div>\r\n    <div class=\"compat-column compat-column--body\">\r\n      <ul>\r\n        <li>\r\n          <p class=\"buy-button buy-button--small\">\r\n            <a href=\"https:\/\/www.foolography.com\/de\/shop\/produkt\/unleashed\/?attribute_pa_brand=nikon&#038;attribute_pa_model=n1&#038;attribute_pa_cable=USB-C\">N1 + USB-C kaufen<\/a>\r\n          <\/p>\r\n          <ul>\r\n            <li>D6<\/li>\r\n\t<li>Z9<\/li>\r\n\r\n          <\/ul>\r\n        <\/li>\r\n        <li>\r\n          <p class=\"buy-button buy-button--small\">\r\n            <a href=\"https:\/\/www.foolography.com\/de\/shop\/produkt\/unleashed\/?attribute_pa_brand=nikon&#038;attribute_pa_model=n1&#038;attribute_pa_cable=Micro\">N1 + Micro kaufen<\/a>\r\n          <\/p>\r\n          <ul>\r\n            <li>D500<\/li>\r\n            <li>D800 \/ D800E<\/li>\r\n            <li>D810 \/ D810A<\/li>\r\n            <li>D850<\/li>\r\n            <li>D5<\/li>\r\n          <\/ul>\r\n        <\/li>\r\n        <li>\r\n          <p class=\"buy-button buy-button--small\">\r\n            <a href=\"https:\/\/www.foolography.com\/de\/shop\/produkt\/unleashed\/?attribute_pa_brand=nikon&#038;attribute_pa_model=n1&#038;attribute_pa_cable=Mini\">N1 + Mini kaufen<\/a>\r\n          <\/p>\r\n          <ul>\r\n            <li>D200<sup>2<\/sup><\/li>\r\n            <li>D300<sup>2<\/sup><\/li>\r\n            <li>D300s<sup>2<\/sup><\/li>\r\n            <li>D700<sup>2<\/sup><\/li>\r\n            <li>D2Hs<sup>2<\/sup><\/li>\r\n            <li>D2X<sup>2<\/sup><\/li>\r\n            <li>D2Xs<sup>2<\/sup><\/li>\r\n            <li>D3<sup>2<\/sup><\/li>\r\n            <li>D3X<sup>2<\/sup><\/li>\r\n            <li>D3s<sup>2<\/sup><\/li>\r\n            <li>D4<\/li>\r\n            <li>D4s<\/li>\r\n          <\/ul>\r\n        <\/li>\r\n      <\/ul>\r\n    <\/div>\r\n  <\/div>\r\n\r\n  <!-- N2 -->\r\n  <div class=\"compat-row\">\r\n    <div class=\"compat-column compat-column--left\">\r\n      <h4>N2<\/h4>\r\n      <p>F\u00fcr Nikon DSLRs mit rechteckiger Fernausl\u00f6ser Buchse.<\/p>\r\n      <p>Beinhalted ein entsprechendes USB Kabel.<\/p>\r\n    <\/div>\r\n<div class=\"compat-column compat-column--body\">\r\n      <ul>\r\n        <li>\r\n          <p class=\"buy-button buy-button--small\">\r\n            <a href=\"https:\/\/www.foolography.com\/de\/shop\/produkt\/unleashed\/?attribute_pa_brand=nikon&#038;attribute_pa_model=n2&#038;attribute_pa_cable=USB-C\">N2 + USB-C kaufen<\/a>\r\n          <\/p>\r\n          <ul>\r\n            <li>Z6 II<\/li>\r\n            <li>Z7 II<\/li>\r\n            <li>Z5<\/li>\r\n            <li>Z6<\/li>\r\n            <li>Z7<\/li>\r\n            <li>D780<\/li>\r\n          <\/ul>\r\n        <\/li>\r\n        <li>\r\n          <p class=\"buy-button buy-button--small\">\r\n            <a href=\"https:\/\/www.foolography.com\/de\/shop\/produkt\/unleashed\/?attribute_pa_brand=nikon&#038;attribute_pa_model=n2&#038;attribute_pa_cable=Micro\">N2 + Micro kaufen<\/a>\r\n          <\/p>\r\n          <ul>\r\n            <li>D7500<\/li>\r\n            <li>D5600<sup>2<\/sup><\/li>\r\n          <\/ul>\r\n        <\/li>\r\n        <li>\r\n          <p class=\"buy-button buy-button--small\">\r\n            <a href=\"https:\/\/www.foolography.com\/de\/shop\/produkt\/unleashed\/?attribute_pa_brand=nikon&#038;attribute_pa_model=n2&#038;attribute_pa_cable=Mini\">N2 + Mini kaufen<\/a>\r\n          <\/p>\r\n          <ul>\r\n            <li>D600<sup>2<\/sup><\/li>\r\n            <li>D610<sup>2<\/sup><\/li>\r\n            <li>D90<sup>2<\/sup><\/li>\r\n            <li>D7000<sup>2<\/sup><\/li>\r\n            <li>D3100<sup>2,3<\/sup><\/li>\r\n          <\/ul>\r\n        <\/li>\r\n        <li>\r\n          <p class=\"buy-button buy-button--small\">\r\n            <a href=\"https:\/\/www.foolography.com\/de\/shop\/produkt\/unleashed\/?attribute_pa_brand=nikon&#038;attribute_pa_model=n2&#038;attribute_pa_cable=8P\">N2 + 8P kaufen<\/a>\r\n          <\/p>\r\n          <ul>\r\n            <li>Df<\/li>\r\n            <li>D750<\/li>\r\n            <li>D7100<\/li>\r\n            <li>D7200<\/li>\r\n            <li>D5000<sup>2,3<\/sup><\/li>\r\n            <li>D5100<sup>2<\/sup><\/li>\r\n            <li>D5200<sup>2<\/sup><\/li>\r\n            <li>D5300<sup>2<\/sup><\/li>\r\n            <li>D5500<sup>2<\/sup><\/li>\r\n            <li>D3200<sup>2<\/sup><\/li>  \r\n          <\/ul>\r\n        <\/li>\r\n      <\/ul>\r\n    <\/div>\r\n  <\/div>\r\n\r\n  <div style=\"display: flex; flex-direction: column; align-items: center;\">\r\n    <p style=\"margin-bottom: 0;\">Deine Kamera ist nicht dabei? Das neue Unleashed &#8217;22 ist mit \u00fcber 140 Kameras kompatibel!<\/p>\r\n    <p class=\"buy-button buy-button--small\" style=\"text-align: center; margin-bottom: 0; padding-bottom: 1.4rem;\"><a href=\"https:\/\/www.foolography.com\/de\/produkte\/unleashed\/kompatibilitaet\/\" style=\"margin-bottom: 0;\">Unleashed &#8217;22 Kompatibilit\u00e4t<\/a><\/p>\r\n \r\n    <\/p>\r\n  <\/div>\r\n\r\n  <footer>\r\n    <ol>\r\n      <li>Geotagging ist bei diesen Kameras nicht verf\u00fcgbar.<\/li>\r\n      <li>Ein kurzes, flexibles Kabel, mit kleinen, recht-winkligen Steckern ist f\u00fcr viele Funktionen n\u00f6tig. Fernausl\u00f6sen, Intervallaufnahmen und Geotagging funktioniern ohne Kabel. Das Kabel ist bei jedem UNLEASHED&#8216; 18 N1 und N2 im Lieferumfang enthalten.<\/li>\r\n      <li>Leider passen unsere USB-Kabel bei diesen Kameras nicht. Fernausl\u00f6sen, Intervallaufnahmen und Geotagging funktionieren trotzdem. F\u00fcr ein angepasstes Kabel bitte an support@foolography.com schreiben. <\/li>\r\n      <li class=\"spacing no-number\">Bei allen Nikon Kameras ist ein kurzes, flexibles Kabel, mit kleinen, recht-winkligen Steckern ist f\u00fcr die Photo Review Funktion n\u00f6tig. Das Kabel ist bei jedem UNLEASHED &#8217;18N1 und N2 im Lieferumfang enthalten.<\/li>\r\n    <\/ol>\r\n  <\/footer>\r\n\r\n<\/div>\r\n\r\n<!-- Get Unleashed -->\r\n<section class=\"landing-section section-full-height\">\r\n  <div class=\"hspacer grid grid-half\"><\/div>\r\n  <article class=\"grid grid-half section-full-height vc overlay-transparent overlay-mobile-opaque reveal\">\r\n    <h3>Hol dir das Unleashed &#8217;18<\/h3>\r\n    <p> Das neue Unleashed hilft dir, die besten Fotos und die besten Videos aufzunehmen, die du je gemacht hast.\r\n<!-- The new Unleashed will enable you to take the best photos you ever took and shoot the best videos you ever shot.--><\/p>\r\n\r\n\t  <p class=\"buy-button\"><a href=\"https:\/\/www.foolography.com\/de\/shop\/produkt\/unleashed\/\">Jetzt kaufen f\u00fcr <span class=\"woocommerce-Price-amount amount\"><bdi>167.23&nbsp;<span class=\"woocommerce-Price-currencySymbol\">&euro;<\/span><\/bdi><\/span><\/a>\r\n     <!--      <small>Jetzt auf Lager. W\u00f6chentlicher Versand.<\/small><\/p>-->\r\n          \r\n  <\/article>\r\n\r\n  <div class=\"grid grid-full bg-image-cover section-full-height\" \r\n       style=\" position: absolute; background-image: url('\/wp-content\/uploads\/Unleashed-Smart-Camera-Control-by-Foolography.jpg'); background-position: 25% 50%;\">\r\n  <\/div>\r\n<\/section>","protected":false},"excerpt":{"rendered":"Kompatibilit\u00e4tsliste Unleashed &#8217;18 Canon C1 F\u00fcr Canon DSLRs mit Micro USB Buchse. C1 kaufen 1DX Mark II 5DS \/ 5DSR 5d Mark IV C2 F\u00fcr Canon DSLRs mit Mini USB Buchse. C2 Kaufen 5D Mark II1 5D Mark III 7D 6D 6D Mark II 60D1 \/ 60Da1 77D 80D 500D \/ T1i1 550D \/ T2i1 [&hellip;]","protected":false},"author":1,"featured_media":0,"parent":29361,"menu_order":0,"comment_status":"closed","ping_status":"closed","template":"template-nosidebar.php","meta":{"footnotes":""},"yoast_head":"<!-- This site is optimized with the Yoast SEO plugin v22.8 - https:\/\/yoast.com\/wordpress\/plugins\/seo\/ -->\n<title>Kompatibilit\u00e4t &#187; foolography<\/title>\n<meta name=\"robots\" content=\"index, follow, max-snippet:-1, max-image-preview:large, max-video-preview:-1\" \/>\n<link rel=\"canonical\" href=\"https:\/\/www.foolography.com\/de\/produkte\/unleashed-18\/kompatibilitaet\/\" \/>\n<meta property=\"og:locale\" content=\"de_DE\" \/>\n<meta property=\"og:type\" content=\"article\" \/>\n<meta property=\"og:title\" content=\"Kompatibilit\u00e4t &#187; foolography\" \/>\n<meta property=\"og:description\" content=\"Kompatibilit\u00e4tsliste Unleashed &#8217;18 Canon C1 F\u00fcr Canon DSLRs mit Micro USB Buchse. C1 kaufen 1DX Mark II 5DS \/ 5DSR 5d Mark IV C2 F\u00fcr Canon DSLRs mit Mini USB Buchse. C2 Kaufen 5D Mark II1 5D Mark III 7D 6D 6D Mark II 60D1 \/ 60Da1 77D 80D 500D \/ T1i1 550D \/ T2i1 [&hellip;]\" \/>\n<meta property=\"og:url\" content=\"https:\/\/www.foolography.com\/de\/produkte\/unleashed-18\/kompatibilitaet\/\" \/>\n<meta property=\"og:site_name\" content=\"foolography\" \/>\n<meta property=\"article:publisher\" content=\"https:\/\/facebook.com\/foolography\" \/>\n<meta property=\"article:modified_time\" content=\"2022-01-19T14:00:38+00:00\" \/>\n<meta name=\"twitter:card\" content=\"summary_large_image\" \/>\n<meta name=\"twitter:site\" content=\"@foolography\" \/>\n<meta name=\"twitter:label1\" content=\"Est. reading time\" \/>\n\t<meta name=\"twitter:data1\" content=\"2 Minuten\" \/>\n<!-- \/ Yoast SEO plugin. -->","yoast_head_json":{"title":"Kompatibilit\u00e4t &#187; foolography","robots":{"index":"index","follow":"follow","max-snippet":"max-snippet:-1","max-image-preview":"max-image-preview:large","max-video-preview":"max-video-preview:-1"},"canonical":"https:\/\/www.foolography.com\/de\/produkte\/unleashed-18\/kompatibilitaet\/","og_locale":"de_DE","og_type":"article","og_title":"Kompatibilit\u00e4t &#187; foolography","og_description":"Kompatibilit\u00e4tsliste Unleashed &#8217;18 Canon C1 F\u00fcr Canon DSLRs mit Micro USB Buchse. C1 kaufen 1DX Mark II 5DS \/ 5DSR 5d Mark IV C2 F\u00fcr Canon DSLRs mit Mini USB Buchse. C2 Kaufen 5D Mark II1 5D Mark III 7D 6D 6D Mark II 60D1 \/ 60Da1 77D 80D 500D \/ T1i1 550D \/ T2i1 [&hellip;]","og_url":"https:\/\/www.foolography.com\/de\/produkte\/unleashed-18\/kompatibilitaet\/","og_site_name":"foolography","article_publisher":"https:\/\/facebook.com\/foolography","article_modified_time":"2022-01-19T14:00:38+00:00","twitter_card":"summary_large_image","twitter_site":"@foolography","twitter_misc":{"Est. reading time":"2 Minuten"},"schema":{"@context":"https:\/\/schema.org","@graph":[{"@type":"WebPage","@id":"https:\/\/www.foolography.com\/de\/produkte\/unleashed-18\/kompatibilitaet\/","url":"https:\/\/www.foolography.com\/de\/produkte\/unleashed-18\/kompatibilitaet\/","name":"Kompatibilit\u00e4t &#187; foolography","isPartOf":{"@id":"https:\/\/www.foolography.com\/#website"},"datePublished":"2021-10-22T21:58:10+00:00","dateModified":"2022-01-19T14:00:38+00:00","breadcrumb":{"@id":"https:\/\/www.foolography.com\/de\/produkte\/unleashed-18\/kompatibilitaet\/#breadcrumb"},"inLanguage":"de-DE","potentialAction":[{"@type":"ReadAction","target":["https:\/\/www.foolography.com\/de\/produkte\/unleashed-18\/kompatibilitaet\/"]}]},{"@type":"BreadcrumbList","@id":"https:\/\/www.foolography.com\/de\/produkte\/unleashed-18\/kompatibilitaet\/#breadcrumb","itemListElement":[{"@type":"ListItem","position":1,"name":"Home","item":"https:\/\/www.foolography.com\/de\/"},{"@type":"ListItem","position":2,"name":"Produkte","item":"https:\/\/www.foolography.com\/de\/produkte\/"},{"@type":"ListItem","position":3,"name":"Unleashed &#8217;18","item":"https:\/\/www.foolography.com\/de\/produkte\/unleashed-18\/"},{"@type":"ListItem","position":4,"name":"Kompatibilit\u00e4t"}]},{"@type":"WebSite","@id":"https:\/\/www.foolography.com\/#website","url":"https:\/\/www.foolography.com\/","name":"foolography","description":"Smartes Kamerazubeh\u00f6r","publisher":{"@id":"https:\/\/www.foolography.com\/#organization"},"potentialAction":[{"@type":"SearchAction","target":{"@type":"EntryPoint","urlTemplate":"https:\/\/www.foolography.com\/?s={search_term_string}"},"query-input":"required name=search_term_string"}],"inLanguage":"de-DE"},{"@type":"Organization","@id":"https:\/\/www.foolography.com\/#organization","name":"Foolography","url":"https:\/\/www.foolography.com\/","logo":{"@type":"ImageObject","inLanguage":"de-DE","@id":"https:\/\/www.foolography.com\/#\/schema\/logo\/image\/","url":"https:\/\/www.foolography.com\/wp-content\/uploads\/favicon.png","contentUrl":"https:\/\/www.foolography.com\/wp-content\/uploads\/favicon.png","width":513,"height":512,"caption":"Foolography"},"image":{"@id":"https:\/\/www.foolography.com\/#\/schema\/logo\/image\/"},"sameAs":["https:\/\/facebook.com\/foolography","https:\/\/x.com\/foolography","https:\/\/www.instagram.com\/foolography\/","https:\/\/www.youtube.com\/user\/foolography"]}]}},"_links":{"self":[{"href":"https:\/\/www.foolography.com\/de\/wp-json\/wp\/v2\/pages\/29364"}],"collection":[{"href":"https:\/\/www.foolography.com\/de\/wp-json\/wp\/v2\/pages"}],"about":[{"href":"https:\/\/www.foolography.com\/de\/wp-json\/wp\/v2\/types\/page"}],"author":[{"embeddable":true,"href":"https:\/\/www.foolography.com\/de\/wp-json\/wp\/v2\/users\/1"}],"replies":[{"embeddable":true,"href":"https:\/\/www.foolography.com\/de\/wp-json\/wp\/v2\/comments?post=29364"}],"version-history":[{"count":4,"href":"https:\/\/www.foolography.com\/de\/wp-json\/wp\/v2\/pages\/29364\/revisions"}],"predecessor-version":[{"id":30464,"href":"https:\/\/www.foolography.com\/de\/wp-json\/wp\/v2\/pages\/29364\/revisions\/30464"}],"up":[{"embeddable":true,"href":"https:\/\/www.foolography.com\/de\/wp-json\/wp\/v2\/pages\/29361"}],"wp:attachment":[{"href":"https:\/\/www.foolography.com\/de\/wp-json\/wp\/v2\/media?parent=29364"}],"curies":[{"name":"wp","href":"https:\/\/api.w.org\/{rel}","templated":true}]}}