{"id":31002,"date":"2022-03-21T21:27:54","date_gmt":"2022-03-21T20:27:54","guid":{"rendered":"https:\/\/www.foolography.com\/versand-ruecksendung-rueckerstattung\/"},"modified":"2025-02-07T13:11:20","modified_gmt":"2025-02-07T12:11:20","slug":"versand-ruecksendung-rueckerstattung","status":"publish","type":"page","link":"https:\/\/www.foolography.com\/de\/versand-ruecksendung-rueckerstattung\/","title":{"rendered":"Versand, R\u00fccksendung &#038; R\u00fcckerstattung"},"content":{"rendered":"<h2>Versand<\/h2>\r\n<p>Wir versenden weltweit, mit Ausnahme von Embargol\u00e4ndern.<\/p>\r\n\r\n<p>Normalerweise versenden Bestellungen etwa einmal pro Woche. Die im Checkout angegebene Lieferzeit wird ab dem Tag berechnet, an dem die Bestellung abgeschickt wird. Die Lieferzeiten sind nicht garantiert, sondern basieren auf Sch\u00e4tzungen der Versandunternehmen sowie auf unseren Erfahrungen aus vergangenen Bestellungen.<\/p>\r\n\r\n<p>Der <strong>Standardversand<\/strong> erfolgt per Warenpost\/Kleinpaket mit Sendungsverfolgung. Dies dauert in der Regel 1-2 Tage innerhalb Deutschlands, weniger als eine Woche innerhalb Europas, ein oder zwei Wochen f\u00fcr die USA und oft l\u00e4nger f\u00fcr andere L\u00e4nder au\u00dferhalb Europas. Einzelne Kabel und Stecker werden in der Regel ohne Sendungsverfolgung verschickt.<\/p>\r\n\r\n<p>Der <strong>Expressversand<\/strong> mit FedEx dauert 1-6 Arbeitstage ab Versanddatum und kommt auch mit Sendungsverfolgung<\/p>\r\n\r\n<table>\r\n  <tr>\r\n    <th>Produkt<\/th>\r\n    <th>Standard<\/th> \r\n    <th>Express<\/th>\r\n  <\/tr>\r\n\r\n  <tr>\r\n    <td>Unleashed<\/td>\r\n    <td>Deutschland: 6\u20ac\r\n      <\/br >International: 10\u20ac<\/td> \r\n    <td> 25-35 \u20ac je nach Land\r\n      <\/br >Endbetrag an der Kasse sichtbar <\/td>\r\n  <\/tr>\r\n\r\n<tr>\r\n    <td><\/br ><\/td>\r\n    <td><\/br ><\/td>\r\n    <td><\/br ><\/td>\r\n <\/tr>\r\n\r\n  <tr>\r\n    <td>Nur Kabel<\/td>\r\n    <td>Deutschland &#038; International: 2.50\u20ac\r\n      <\/br >International: 7.50\u20ac<\/td>  \r\n    <td>25-35 \u20ac je nach Land\r\n      <\/br >Endbetrag an der Kasse sichtbar<\/td>\r\n  <\/tr>\r\n\r\n<\/table>\r\n\r\n<p>Wenn Standardversand nicht als Option an der Kasse erscheint, bedeutet dies, dass wir nur per Expressversand (FedEx) in dein Land liefern k\u00f6nnen.<\/p>\r\n\r\n<h3>Z\u00f6lle und Einfuhrgeb\u00fchren<\/h3>\r\n\r\n<p>Innerhalb der Europ\u00e4ischen Union fallen keine Z\u00f6lle oder Einfuhrgeb\u00fchren an. Ab Juli 2021 wird der Mehrwertsteuersatz deines Landes w\u00e4hrend des Bestellvorgangs berechnet, so dass sich der Gesamtbetrag leicht \u00e4ndern kann, wenn du dein Lieferland ausw\u00e4hlst. Eine Befreiung von der Mehrwertsteuer ist m\u00f6glich, wenn du ein registriertes Unternehmen mit einer VATIN-Nummer betreibst, und Firmenname wie auch Rechnungsadresse mit der registrierten Adresse \u00fcbereinstimmt. Alle erforderlichen Daten k\u00f6nnen w\u00e4hrend des Bestellvorgangs eingegeben werden.<\/p>\r\n\r\n<p>Bei internationalen Sendungen au\u00dferhalb der Europ\u00e4ischen Union k\u00f6nnen bei der Einfuhr deiner Bestellung Z\u00f6lle oder Steuern anfallen, f\u00fcr die du selbst verantwortlich bist. Wir versenden unsere Unleasheds mit ordnungsgem\u00e4\u00dfen Zollerkl\u00e4rungen unter Verwendung des Tarifcodes 85299065. Dieser Code hat in den meisten L\u00e4ndern einen 0%igen Zolltarif, so dass Bestellungen oft von Zollgeb\u00fchren befreit sind, aber es k\u00f6nnte sein, dass die Einfuhrumsatzsteuer zu zahlen ist. Aus R\u00fcckmeldungen unserer Kunden wissen wir, dass Bestellungen von einzelnen Ger\u00e4ten in der Regel zollfrei sind, aber bei gr\u00f6\u00dferen Bestellungen muss mit der Zahlung der Einfuhrumsatzsteuer gerechnet werden.<\/p>\r\n\r\n<p>Bitte beachte, dass wir keine Kontrolle \u00fcber diese Geb\u00fchren haben und die H\u00f6he nicht absch\u00e4tzen k\u00f6nnen, da sie von Land zu Land unterschiedlich sind. F\u00fcr weitere Informationen wende dich bitte an dein \u00f6rtliches Zollamt.<\/p>\r\n\r\n<h2>R\u00fccksendungen<\/h2>\r\n<p>Wenn du uns bez\u00fcglich R\u00fccksendungen kontaktieren m\u00f6chtest oder technische Probleme mit deinem Ger\u00e4t hast, benutze bitte unser <a href=\"https:\/\/www.foolography.com\/de\/support-anfrage\/\">Kontaktformular<\/a>.<\/p>\r\n\r\n<p>Bitte beachte, dass Unleasheds, die auf Kickstarter und Indiegogo vorbestellt wurden, gem\u00e4\u00df unserer R\u00fcckerstattungsrichtlinie, die auf der Kampagnenseite und in den FAQs <a href=\"https:\/\/www.kickstarter.com\/projects\/foolography\/unleashed-22\/faqs#project_faq_379381\" rel=\"noopener\" target=\"_blank\">hier<\/a> erkl\u00e4rt wird, nicht zur\u00fcckgegeben\/zur\u00fcckerstattet werden k\u00f6nnen.<\/p>\r\n\r\n<p>Nicht gew\u00fcnschte Artikel sollten erst dann zur\u00fcckgeschickt werden, wenn deine Mitteilung \u00fcber die R\u00fccksendung von unserem Team registriert wurde. Bitte sende uns eine Nachricht \u00fcber dieses <a href=\"https:\/\/www.foolography.com\/de\/support-anfrage\/\">Kontaktformular<\/a> und wir senden dir die R\u00fccksendeanweisungen und -unterlagen zu. Das Gleiche gilt f\u00fcr den Umtausch, z.B. wenn du ein falsches Ger\u00e4t bestellt oder bekommen hast.<\/p>\r\n\r\n<p>Es ist sehr wichtig, dass das R\u00fccksendeformular beigef\u00fcgt wird, da wir sonst nicht in der Lage sind, das Paket deiner Bestellung zuzuordnen. Wenn wir das Paket nicht identifizieren k\u00f6nnen, k\u00f6nnen wir eventuell die Erstattung oder den Umtausch nicht vornehmen.<\/p>\r\n\r\n<p>Um eine R\u00fcckerstattung zu erhalten, m\u00fcssen die Produkte im Originalzustand und in der Originalverpackung sein, und das R\u00fccksendepaket muss das R\u00fccksendeformular enthalten.<\/p>\r\n\r\n<p>Die Artikel m\u00fcssen innerhalb von 30 Tagen ab dem Tag der Lieferung an uns zur\u00fcckgeschickt werden. Bitte beachte, dass wir die R\u00fccksendekosten nicht \u00fcbernehmen. Da wir ein sehr kleines Unternehmen sind, k\u00f6nnen wir derzeit keinen kostenlosen Versand und R\u00fcckversand anbieten.<\/p>\r\n\r\n<h3>Wichtiger Hinweis<\/h3>\r\n<p>Bei <strong>R\u00fccksendungen von au\u00dferhalb der EU<\/strong> ist es sehr wichtig, dass die R\u00fccksendung gem\u00e4\u00df unseren Anweisungen ordnungsgem\u00e4\u00df deklariert wird. Alle R\u00fccksendungen m\u00fcssen mit dem CN22-Zolldokument versehen werden, das wir dir zusenden. Falsch ausgezeichnete R\u00fccksendungen landen beim Zoll und ziehen zus\u00e4tzliche Geb\u00fchren nach sich. In diesem Fall m\u00fcssen wir die Sendung an dich zur\u00fcckgehen lassen.<\/p>\r\n\r\n<p>Gehe aus diesem Grund bitte absolut sicher, dass, wenn dein Post einen Aufkleber f\u00fcr die R\u00fccksendung erstellt, dieser das Unleashed mit einem <strong>Wert von 0 oder 1$<\/strong> ausweist. Die R\u00fccksendung ist kein Verkauf, also ist dies der richtige Wert.<\/p>\r\n\r\n<h2>R\u00fcckerstattung<\/h2>\r\n<p>Alle R\u00fccksendungen werden gepr\u00fcft, um sicherzustellen, dass sich das\/die Ger\u00e4t(e) noch im Originalzustand befinden. Bitte gew\u00e4hre uns bis zu 14 Tage Zeit f\u00fcr die R\u00fcckerstattung. Der Kaufpreis wird \u00fcber die urspr\u00fcngliche Zahlungsmethode zur\u00fcckerstattet. Die Versandkosten werden generell nicht zur\u00fcckerstattet.<\/p>\r\n\r\n<h3>Kreditkarten<\/h3>\r\n<p>Erfahrungsgem\u00e4\u00df kann es ein paar Tage dauern, bis die R\u00fcckerstattung auf deiner Kreditkartenabrechnung auftaucht. Wenn du eine Benachrichtigung von uns erhalten hast, dass wir deine R\u00fcckerstattung bearbeitet haben, sie aber noch nicht auf deinem Konto erscheint, warte bitte ein paar Tage, bevor du dich an uns oder deine Bank wendest.<\/p>\r\n\r\n<h3>PayPal<\/h3>\r\n<p>PayPal-Erstattungen erfolgen in der Regel sofort. Wenn du eine Benachrichtigung von uns erhalten hast, dass wir deine R\u00fcckerstattung bearbeitet haben, sie aber noch nicht aufgetaucht ist, schicke uns bitte eine E-Mail und wir werden uns darum k\u00fcmmern. H\u00f6chstwahrscheinlich wurde sie nicht richtig verarbeitet.<\/p>\r\n\r\n<p>Bitte wende dich immer zuerst direkt an uns, bevor du einen PayPal-Fall er\u00f6ffnest, so wie es PayPal auch auf ihrer Website betont. F\u00e4lle \u00fcber PayPal zu kl\u00e4ren, ist immer langsamer und f\u00fcr beide Seiten komplizierter als E-Mails zu schreiben, daher bitten wir abzusehen als ersten Schritt einen PayPal Fall zu \u00f6ffnen. Wir antworten immer schneller auf unsere E-Mails als auf alle anderen Kan\u00e4le. Wir danken f\u00fcr dein Verst\u00e4ndnis und deine Kooperation.<\/p>","protected":false},"excerpt":{"rendered":"Versand Wir versenden weltweit, mit Ausnahme von Embargol\u00e4ndern. Normalerweise versenden Bestellungen etwa einmal pro Woche. Die im Checkout angegebene Lieferzeit wird ab dem Tag berechnet, an dem die Bestellung abgeschickt wird. Die Lieferzeiten sind nicht garantiert, sondern basieren auf Sch\u00e4tzungen der Versandunternehmen sowie auf unseren Erfahrungen aus vergangenen Bestellungen. Der Standardversand erfolgt per Warenpost\/Kleinpaket mit [&hellip;]","protected":false},"author":2595,"featured_media":0,"parent":0,"menu_order":0,"comment_status":"closed","ping_status":"closed","template":"template-nosidebar.php","meta":{"footnotes":""},"yoast_head":"<!-- This site is optimized with the Yoast SEO plugin v22.8 - https:\/\/yoast.com\/wordpress\/plugins\/seo\/ -->\n<title>Versand, R\u00fccksendung &amp; R\u00fcckerstattung &#187; foolography<\/title>\n<meta name=\"robots\" content=\"index, follow, max-snippet:-1, max-image-preview:large, max-video-preview:-1\" \/>\n<link rel=\"canonical\" href=\"https:\/\/www.foolography.com\/de\/versand-ruecksendung-rueckerstattung\/\" \/>\n<meta property=\"og:locale\" content=\"de_DE\" \/>\n<meta property=\"og:type\" content=\"article\" \/>\n<meta property=\"og:title\" content=\"Versand, R\u00fccksendung &amp; R\u00fcckerstattung &#187; foolography\" \/>\n<meta property=\"og:description\" content=\"Versand Wir versenden weltweit, mit Ausnahme von Embargol\u00e4ndern. Normalerweise versenden Bestellungen etwa einmal pro Woche. Die im Checkout angegebene Lieferzeit wird ab dem Tag berechnet, an dem die Bestellung abgeschickt wird. Die Lieferzeiten sind nicht garantiert, sondern basieren auf Sch\u00e4tzungen der Versandunternehmen sowie auf unseren Erfahrungen aus vergangenen Bestellungen. Der Standardversand erfolgt per Warenpost\/Kleinpaket mit [&hellip;]\" \/>\n<meta property=\"og:url\" content=\"https:\/\/www.foolography.com\/de\/versand-ruecksendung-rueckerstattung\/\" \/>\n<meta property=\"og:site_name\" content=\"foolography\" \/>\n<meta property=\"article:publisher\" content=\"https:\/\/facebook.com\/foolography\" \/>\n<meta property=\"article:modified_time\" content=\"2025-02-07T12:11:20+00:00\" \/>\n<meta name=\"twitter:card\" content=\"summary_large_image\" \/>\n<meta name=\"twitter:site\" content=\"@foolography\" \/>\n<meta name=\"twitter:label1\" content=\"Est. reading time\" \/>\n\t<meta name=\"twitter:data1\" content=\"5 Minuten\" \/>\n<!-- \/ Yoast SEO plugin. -->","yoast_head_json":{"title":"Versand, R\u00fccksendung & R\u00fcckerstattung &#187; foolography","robots":{"index":"index","follow":"follow","max-snippet":"max-snippet:-1","max-image-preview":"max-image-preview:large","max-video-preview":"max-video-preview:-1"},"canonical":"https:\/\/www.foolography.com\/de\/versand-ruecksendung-rueckerstattung\/","og_locale":"de_DE","og_type":"article","og_title":"Versand, R\u00fccksendung & R\u00fcckerstattung &#187; foolography","og_description":"Versand Wir versenden weltweit, mit Ausnahme von Embargol\u00e4ndern. Normalerweise versenden Bestellungen etwa einmal pro Woche. Die im Checkout angegebene Lieferzeit wird ab dem Tag berechnet, an dem die Bestellung abgeschickt wird. Die Lieferzeiten sind nicht garantiert, sondern basieren auf Sch\u00e4tzungen der Versandunternehmen sowie auf unseren Erfahrungen aus vergangenen Bestellungen. Der Standardversand erfolgt per Warenpost\/Kleinpaket mit [&hellip;]","og_url":"https:\/\/www.foolography.com\/de\/versand-ruecksendung-rueckerstattung\/","og_site_name":"foolography","article_publisher":"https:\/\/facebook.com\/foolography","article_modified_time":"2025-02-07T12:11:20+00:00","twitter_card":"summary_large_image","twitter_site":"@foolography","twitter_misc":{"Est. reading time":"5 Minuten"},"schema":{"@context":"https:\/\/schema.org","@graph":[{"@type":"WebPage","@id":"https:\/\/www.foolography.com\/de\/versand-ruecksendung-rueckerstattung\/","url":"https:\/\/www.foolography.com\/de\/versand-ruecksendung-rueckerstattung\/","name":"Versand, R\u00fccksendung & R\u00fcckerstattung &#187; foolography","isPartOf":{"@id":"https:\/\/www.foolography.com\/#website"},"datePublished":"2022-03-21T20:27:54+00:00","dateModified":"2025-02-07T12:11:20+00:00","breadcrumb":{"@id":"https:\/\/www.foolography.com\/de\/versand-ruecksendung-rueckerstattung\/#breadcrumb"},"inLanguage":"de-DE","potentialAction":[{"@type":"ReadAction","target":["https:\/\/www.foolography.com\/de\/versand-ruecksendung-rueckerstattung\/"]}]},{"@type":"BreadcrumbList","@id":"https:\/\/www.foolography.com\/de\/versand-ruecksendung-rueckerstattung\/#breadcrumb","itemListElement":[{"@type":"ListItem","position":1,"name":"Home","item":"https:\/\/www.foolography.com\/de\/"},{"@type":"ListItem","position":2,"name":"Versand, R\u00fccksendung &#038; R\u00fcckerstattung"}]},{"@type":"WebSite","@id":"https:\/\/www.foolography.com\/#website","url":"https:\/\/www.foolography.com\/","name":"foolography","description":"Smartes Kamerazubeh\u00f6r","publisher":{"@id":"https:\/\/www.foolography.com\/#organization"},"potentialAction":[{"@type":"SearchAction","target":{"@type":"EntryPoint","urlTemplate":"https:\/\/www.foolography.com\/?s={search_term_string}"},"query-input":"required name=search_term_string"}],"inLanguage":"de-DE"},{"@type":"Organization","@id":"https:\/\/www.foolography.com\/#organization","name":"Foolography","url":"https:\/\/www.foolography.com\/","logo":{"@type":"ImageObject","inLanguage":"de-DE","@id":"https:\/\/www.foolography.com\/#\/schema\/logo\/image\/","url":"https:\/\/www.foolography.com\/wp-content\/uploads\/favicon.png","contentUrl":"https:\/\/www.foolography.com\/wp-content\/uploads\/favicon.png","width":513,"height":512,"caption":"Foolography"},"image":{"@id":"https:\/\/www.foolography.com\/#\/schema\/logo\/image\/"},"sameAs":["https:\/\/facebook.com\/foolography","https:\/\/x.com\/foolography","https:\/\/www.instagram.com\/foolography\/","https:\/\/www.youtube.com\/user\/foolography"]}]}},"_links":{"self":[{"href":"https:\/\/www.foolography.com\/de\/wp-json\/wp\/v2\/pages\/31002"}],"collection":[{"href":"https:\/\/www.foolography.com\/de\/wp-json\/wp\/v2\/pages"}],"about":[{"href":"https:\/\/www.foolography.com\/de\/wp-json\/wp\/v2\/types\/page"}],"author":[{"embeddable":true,"href":"https:\/\/www.foolography.com\/de\/wp-json\/wp\/v2\/users\/2595"}],"replies":[{"embeddable":true,"href":"https:\/\/www.foolography.com\/de\/wp-json\/wp\/v2\/comments?post=31002"}],"version-history":[{"count":5,"href":"https:\/\/www.foolography.com\/de\/wp-json\/wp\/v2\/pages\/31002\/revisions"}],"predecessor-version":[{"id":73749,"href":"https:\/\/www.foolography.com\/de\/wp-json\/wp\/v2\/pages\/31002\/revisions\/73749"}],"wp:attachment":[{"href":"https:\/\/www.foolography.com\/de\/wp-json\/wp\/v2\/media?parent=31002"}],"curies":[{"name":"wp","href":"https:\/\/api.w.org\/{rel}","templated":true}]}}