{"id":60662,"date":"2024-05-01T01:46:17","date_gmt":"2024-04-30T23:46:17","guid":{"rendered":"https:\/\/www.foolography.com\/produkte\/entagged\/namensliste\/"},"modified":"2024-12-18T15:44:09","modified_gmt":"2024-12-18T14:44:09","slug":"namensliste","status":"publish","type":"page","link":"https:\/\/www.foolography.com\/de\/produkte\/entagged\/namensliste\/","title":{"rendered":"Namenliste"},"content":{"rendered":"<section class=\"landing-section section-half-height\">\r\n <article class=\"grid grid-full section-half-height vc reveal\">\r\n   <h3>\u00a0<\/h3>\r\n   <p><img decoding=\"async\" src=\"\/wp-content\/uploads\/ENTAGGED-GOTPHOTO.svg\" alt=\"ENTAGGED - GOTPHOTO\" class=\"size-large\" \/><\/p>\r\n   <p>Wir freuen uns sehr, bekanntzugeben, dass das Entagged von Fotograf.de, der f\u00fchrenden End-to-End-Workflow- und E-Commerce-L\u00f6sung f\u00fcr Fotografen, \u00fcbernommen wurde. Mit dieser \u00dcbernahme beginnt ein spannendes neues Kapitel f\u00fcr uns, da wir unsere Kr\u00e4fte b\u00fcndeln, um unseren Kunden ein noch besseres Erlebnis mit neuen Funktionen und verbessertem Support zu bieten.<\/p>\r\n  <p><a href=\"\/de\/2024\/08\/14\/fotograf-de-uebernimmt-entagged\/\" class=\"learn-more\">Erfahre mehr \u00fcber die \u00dcbernahme<\/a><\/p>\r\n <\/article>\r\n<\/section>\r\n\r\n<section class=\"section-splash section-full-height\">\r\n <article class=\"grid-full section-full-height header raster vc \">\r\n  <h1 class=\"headline\">NAMENSLISTE<\/h1>\r\n  <h2 class=\"subtitle\">Der Game Changer f\u00fcr Schulfotografie<\/h2>\r\n <\/article>\r\n\r\n<video class=\"bg-video-cover\" preload=\"auto\" autoplay loop muted playsinline webkit-playsinline poster=\"\/wp-content\/uploads\/Entagged-Name-List-usage-480p.jpg\">\r\n\r\n  <source src=\"\/wp-content\/uploads\/Entagged-Name-List-usage-480p.mp4\" type=\"video\/mp4\">\r\n<img decoding=\"async\" class=\"video-background-fallback\" src=\"\/wp-content\/uploads\/Entagged-Name-List-usage-480p.jpg\" \/>\r\n <\/video>\r\n<\/section>\r\n\r\n\r\n\r\n<section  class=\"landing-section section-half-height bg-light\">\r\n <article class=\"grid grid-full section-half-height bg-light vc reveal\">\r\n\r\n<p class=\"large\">Die neue Entagged Funktion &#8222;NAMENSLISTE&#8220; ver\u00e4ndert den Workflow f\u00fcr Schulfotografie grundlegend. Mit nur einem Antippen der Namensliste in der App werden Codes in die Metadaten eingebettet. Kein Ausdrucken oder Scannen von QR-Codes und Barcodes mehr n\u00f6tig. Importieren Sie die Namenslisten der Sch\u00fcler direkt in die App und schon k\u00f6nnen Sie loslegen! Am Fototag k\u00f6nnen Sie Ihre Listen nach Stufe oder Parallelklasse gruppieren und schnell nach jedem Namen suchen. Tippen Sie dann einfach auf einen Namen und schie\u00dfen Sie die Fotos \u2013 so einfach ist es!<\/p>\r\n <\/article>\r\n\r\n<\/section>\r\n\r\n\r\n<section class=\"landing-section section-full-height bg-light\">\r\n\r\n <div class=\"grid grid-half bg-image section-full-height\" style=\"background-image: url('\/wp-content\/uploads\/entagged-namelist-screenshot.png');\">\r\n <\/div>\r\n\r\n<article class=\"grid grid-half section-full-height bg-light vc\">\r\n\r\n  <h2 class=\"reveal\">Barcode Tagging &#8211;  jetzt auch ohne Scannen<\/h2>\r\n  <p class=\"reveal-70\">Barcode-Tagging mit dem Entagged ist f\u00fcr Hunderte von Fotografen schon jetzt eine enorme Zeitersparnis. Es ist zu einem wichtigen Bestandteil der Workflow-Automatisierung geworden und hat ihnen geholfen, ihr Auftragsvolumen zu steigern und ihr Gesch\u00e4ft zu erweitern. Jetzt gehen wir noch einen Schritt weiter und beseitigen die verbleibenden M\u00fchen des Barcode-Scannens &#8211; sowohl bei der Vorbereitung als auch am Tag des Shootings.<\/p>\r\n\r\n  <p>Die neue NAMENSLISTE-Funktion des Entaggeds macht Ihren Fotografie-Workflow so einfach und effizient wie nur m\u00f6glich. Sie ist perfekt f\u00fcr alle Massenfotografen, die im Voraus eine Namensliste erhalten: Schulfotografie, Sportfotografie (Team- und Spieleraufnahmen) und viele mehr.<\/p>\r\n<p class=\"buy-button\"><a href=\"https:\/\/www.fotograf.de\/entagged-app-name-list\/\">Jetzt abonnieren<\/a><\/p>\r\n<\/article>\r\n\r\n<\/section>\r\n\r\n\r\n<section class=\"landing-section section-half-height bg-light vc\">\r\n <article class=\"grid grid-half section-half-height bg-light vc\">\r\n  <ul class=\"large\" style=\"padding-left: 1.2em;\"><li>Kein Drucken von Barcodes mehr<\/li>\r\n   <li>Keine Papiere mehr am Fototag<\/li>\r\n   <li>Kein Scannen von Barcodes mehr<\/li>\r\n   <li>Kein Tethering mehr<\/li>\r\n  <\/ul>\r\n <\/article>\r\n\r\n <article class=\"grid grid-half section-half-height bg-light vc\">\r\n  <ul class=\"large\" style=\"padding-left: 1.2em;\"><li>Kein Fotografieren von QR-Codes mehr<\/li>\r\n   <li>Kein Umpositionieren, Nachfokussieren oder Nachjustieren mehr <\/li>\r\n   <li>Keine Sorgen mehr \u00fcber Zeitstempel<\/li>\r\n   <li>Kein Aufschreiben von Dateinamen mehr<\/li>\r\n  <\/ul>\r\n <\/article>\r\n\r\n<\/section>\r\n\r\n<section class=\"landing-section section-half-height bg-light\">\r\n <article class=\"grid grid-half section-half-height bg-light vc\">\r\n\r\n  <h3>EINFACH AUF EINEN NAMEN AUF DER LISTE TIPPEN UND LOSLEGEN<\/h3>\r\n  <p class=\"reveal-70\">Importieren Sie die Namensliste der Sch\u00fcler einfach direkt in die Entagged App. Am Fototag:<\/p>\r\n  <ol style=\"padding-left: 1.2em;\">\r\n   <li>Tippen Sie auf den Namen Ihres n\u00e4chsten Sch\u00fclers.<\/li>\r\n   <li>Die App sendet den individuellen Code an das Entagged an Ihrer Kamera.<\/li>\r\n   <li>Machen Sie Ihre Aufnahmen &#8211; alle folgenden Fotos werden mit diesem Code versehen.<\/li>\r\n  <\/ol>\r\n\r\n <\/article>\r\n<div class=\"grid grid-half section-half-height support-videos__post-wrapper\">\r\n<video preload=\"auto\" autoplay loop muted playsinline webkit-playsinline poster=\"\/wp-content\/uploads\/Entagged-Name-List-usage-480p.jpg\">\r\n\r\n  <source src=\"\/wp-content\/uploads\/Entagged-Name-List-usage-480p.mp4\" type=\"video\/mp4\">\r\n<img decoding=\"async\" class=\"video-background-fallback\" src=\"\/wp-content\/uploads\/Entagged-Name-List-usage-480p.jpg\" \/>\r\n <\/video>\r\n<\/div>\r\n<!--\r\n <div class=\"grid grid-half section-half-height support-videos__post-wrapper\">\r\n  <div class=\"responsive-container\">\r\n   <div class=\"BorlabsCookie _brlbs-cb-youtube\"><div class=\"_brlbs-content-blocker\"> <div class=\"_brlbs-embed _brlbs-video-youtube\"> <img class=\"_brlbs-thumbnail\" src=\"https:\/\/www.foolography.com\/wp-content\/plugins\/borlabs-cookie\/assets\/images\/cb-no-thumbnail.png\" alt=\"YouTube\"> <div class=\"_brlbs-caption\"> <p>By loading the video, you agree to YouTube's privacy policy.<br><a href=\"https:\/\/policies.google.com\/privacy?hl=en&amp;gl=en\" target=\"_blank\" rel=\"nofollow noopener noreferrer\">Learn more<\/a><\/p> <p><a class=\"_brlbs-btn _brlbs-icon-play-white\" href=\"#\" data-borlabs-cookie-unblock role=\"button\">Load video<\/a><\/p> <p><label><input type=\"checkbox\" name=\"unblockAll\" value=\"1\" checked> <small>Always unblock YouTube<\/small><\/label><\/p> <\/div> <\/div> <\/div><div class=\"borlabs-hide\" data-borlabs-cookie-type=\"content-blocker\" data-borlabs-cookie-id=\"youtube\"><script type=\"text\/template\">PGlmcmFtZSBsb2FkaW5nPSJsYXp5IiB3aWR0aD0iNzQ4IiBoZWlnaHQ9IjQyMSIgc3JjPSJodHRwczovL3d3dy55b3V0dWJlLW5vY29va2llLmNvbS9lbWJlZC81YjI2U0l5UGRiYz9hdXRvcGxheT0xJm11dGU9MSIgdGl0bGU9IllvdVR1YmUgdmlkZW8gcGxheWVyIiBmcmFtZWJvcmRlcj0iMCIgYWxsb3c9ImFjY2VsZXJvbWV0ZXI7IGF1dG9wbGF5OyBjbGlwYm9hcmQtd3JpdGU7IGVuY3J5cHRlZC1tZWRpYTsgZ3lyb3Njb3BlOyBwaWN0dXJlLWluLXBpY3R1cmUiIGFsbG93ZnVsbHNjcmVlbj48L2lmcmFtZT4=<\/script><\/div><\/div>\r\n  <\/div>\r\n <\/div>\r\n-->\r\n<\/section>\r\n\r\n\r\n<section class=\"landing-section section-half-height bg-light\">\r\n <div class=\"grid grid-half bg-image section-half-height bg-light\" style=\"background-image: url('\/wp-content\/uploads\/entagged-namelist-screenshots.png');\">\r\n <\/div>\r\n\r\n <article class=\"grid grid-half section-half-height bg-light vc\">\r\n\r\n  <h3 class=\"reveal\">Listen Direkt Importieren<\/h3>\r\n\r\n  <p>Das Importieren von Listen k\u00f6nnte nicht einfacher sein:\r\n  <ul style=\"padding-left: 1.2em;\">\r\n   <li>Melden Sie sich entweder direkt in der App bei Ihrem Fotograf.de Konto an und laden Sie Ihre Auftr\u00e4ge herunter.<\/li>\r\n   <li>Oder laden Sie eine CSV-Datei aus Airdrop\/iCloud\/Google Drive, per E-Mail oder Nachricht.<\/li> \r\n  <\/ul>\r\n\r\n  <!--<p><a href=\"..\/compatibility\/#scanners\" class=\"learn-more\">Learn more about compatible scanners<\/a><\/p>-->\r\n <\/article>\r\n\r\n\r\n<\/section>\r\n<section class=\"landing-section section-half-height bg-light\">\r\n <article class=\"grid grid-half section-half-height bg-light vc\">\r\n\r\n  <h3>Fototag Workflow<\/h3>\r\n  <p class=\"reveal-70\">Das Video zeigt wie einfach ein Fototag ablaufen kann.<\/p>\r\n\r\n <\/article>\r\n\r\n <div class=\"grid grid-half section-half-height support-videos__post-wrapper\">\r\n  <div class=\"responsive-container\">\r\n   <div class=\"BorlabsCookie _brlbs-cb-youtube\"><div class=\"_brlbs-content-blocker\"> <div class=\"_brlbs-embed _brlbs-video-youtube\"> <img class=\"_brlbs-thumbnail\" src=\"https:\/\/www.foolography.com\/wp-content\/plugins\/borlabs-cookie\/assets\/images\/cb-no-thumbnail.png\" alt=\"YouTube\"> <div class=\"_brlbs-caption\"> <p>By loading the video, you agree to YouTube's privacy policy.<br><a href=\"https:\/\/policies.google.com\/privacy?hl=en&amp;gl=en\" target=\"_blank\" rel=\"nofollow noopener noreferrer\">Learn more<\/a><\/p> <p><a class=\"_brlbs-btn _brlbs-icon-play-white\" href=\"#\" data-borlabs-cookie-unblock role=\"button\">Load video<\/a><\/p> <p><label><input type=\"checkbox\" name=\"unblockAll\" value=\"1\" checked> <small>Always unblock YouTube<\/small><\/label><\/p> <\/div> <\/div> <\/div><div class=\"borlabs-hide\" data-borlabs-cookie-type=\"content-blocker\" data-borlabs-cookie-id=\"youtube\"><script type=\"text\/template\">PGlmcmFtZSBsb2FkaW5nPSJsYXp5IiB3aWR0aD0iNDIxIiBoZWlnaHQ9Ijc0OCIgc3JjPSJodHRwczovL3d3dy55b3V0dWJlLW5vY29va2llLmNvbS9lbWJlZC9WRGo1SGN0bmQzND9mZWF0dXJlPW9lbWJlZCYjMDM4O3JlbD0wIiB0aXRsZT0iUGljdHVyZSBEYXkgd29ya2Zsb3ciIGZyYW1lYm9yZGVyPSIwIiBhbGxvdz0iYWNjZWxlcm9tZXRlcjsgYXV0b3BsYXk7IGNsaXBib2FyZC13cml0ZTsgZW5jcnlwdGVkLW1lZGlhOyBneXJvc2NvcGU7IHBpY3R1cmUtaW4tcGljdHVyZSIgYWxsb3dmdWxsc2NyZWVuPjwvaWZyYW1lPg==<\/script><\/div><\/div>\r\n  <\/div>\r\n <\/div>\r\n\r\n<\/section>\r\n\r\n<section class=\"landing-section section-half-height bg-light vc\">\r\n <article class=\"grid section-quarter-height bg-light vc reveal\">\r\n <\/article>\r\n <article class=\"grid section-quarter-height bg-light vc reveal\">\r\n  <h3>OPTIMIEREN SIE IHREN WORKFLOW &#8211; HOLEN SIE SICH DIE NAMENSLISTE F\u00dcR IHR ENTAGGED<\/h3>\r\n  <p>Sparen Sie wertvolle Zeit vor, w\u00e4hrend und nach Ihren Shootings \u2013 mit der Entagged Namensliste. Automatisieren Sie Ihren Schulfotografie-Workflow und eliminieren Sie alle Pain-Points. Taggen Sie Ihre Fotos auf die einfachste und bequemste Weise, die man sich vorstellen kann.<\/p>\r\n\r\n  <p class=\"buy-button\"><a href=\"https:\/\/www.fotograf.de\/entagged-app-name-list\/\">Auf fotograf.de abonnieren<\/a><\/p>\r\n\r\n  <p>Da die  Namensliste nun auf <a href=\"https:\/\/www.fotograf.de\/entagged-app-name-list\/\">fotograf.de<\/a> aboniert werden kann, ist sie ab sofort nicht mehr auf foolography.com verf\u00fcgbar. Anweisungen wie bestehende Abonnements zu fotograf.de migriert werden k\u00f6nnen, folgen in K\u00fcrze. Bestehende Abos werden weiterhin funktionieren die n\u00e4chste Erneuerung wird jedoch dann von fotograf.de in Rechnung gestellt.<\/p>\r\n <\/article>\r\n<\/section>\r\n\r\n<!--\r\n<section class=\"landing-section section-quarter-height bg-light\">\r\n\r\n  <article class=\"grid grid-third section-quarter-height bg-light hc reveal\">\r\n  <img decoding=\"async\" src=\"\/wp-content\/uploads\/entagged-subscription-icon-1m-160.svg\" alt=\"subscription-icon\" class=\"aligncenter size-full\" \/>\r\n  <h3 class=\"reveal hc\">Monatliches Abo<\/h3>\r\n  <p class=\"large\">25\u20ac (Netto) monatlich \u2013\u00a0jederzeit k\u00fcndbar<\/p>\r\n<p class=\"buy-button\"><a href=\"\/shop\/product\/entagged-name-list\/?attribute_pa_subscription=1m\">Jetzt Abonnieren<br \/> f\u00fcr [fool-price product_id=31669]\/Monat<\/a><\/p>\r\n <\/article>\r\n\r\n <article class=\"grid grid-third section-quarter-height bg-light hc reveal\">\r\n\r\n  <img decoding=\"async\" src=\"\/wp-content\/uploads\/entagged-subscription-icon-12m-160.svg\" alt=\"subscription-icon\" class=\"aligncenter size-full\" \/>\r\n  <h3 class=\"reveal hc\">Jahresabo, monatlich zahlen<\/h3>\r\n  <p class=\"large\">10\u20ac (Netto) monatlich<\/p>\r\n<p class=\"buy-button\"><a href=\"\/shop\/product\/entagged-name-list\/?attribute_pa_subscription=12m\">Jetzt abonnieren <br \/> f\u00fcr [fool-price product_id=31670]\/Monat<\/a><\/p>\r\n <\/article>\r\n\r\n <article class=\"grid grid-third section-quarter-height bg-light hc reveal\">\r\n  <img decoding=\"async\" src=\"\/wp-content\/uploads\/entagged-subscription-icon-1y-160.svg\" alt=\"subscription-icon\" class=\"aligncenter size-full\" \/>\r\n  <h3 class=\"reveal hc\">Jahresabo<\/h3>\r\n  <p class=\"large\">8\u20ac (Netto) monatlich<\/p>\r\n<p class=\"buy-button\"><a href=\"\/shop\/product\/entagged-name-list\/?attribute_pa_subscription=1y\">Jetzt Abonnieren <br \/>f\u00fcr [fool-price product_id=31671]\/Jahr<\/a><\/p>\r\n <\/article>\r\n<\/section>\r\n-->\r\n<!--\r\n<section class=\"landing-section section-quarter-height bg-light\">\r\n\r\n <article class=\"grid grid-full section-half-height bg-light vc reveal\">\r\n  <img decoding=\"async\" src=\"\/wp-content\/uploads\/free-to-try.svg\" width=\"600\" alt=\"free to try\" class=\"aligncenter size-full\" \/>\r\n <\/article>\r\n<\/section>\r\n-->","protected":false},"excerpt":{"rendered":"\u00a0 Wir freuen uns sehr, bekanntzugeben, dass das Entagged von Fotograf.de, der f\u00fchrenden End-to-End-Workflow- und E-Commerce-L\u00f6sung f\u00fcr Fotografen, \u00fcbernommen wurde. Mit dieser \u00dcbernahme beginnt ein spannendes neues Kapitel f\u00fcr uns, da wir unsere Kr\u00e4fte b\u00fcndeln, um unseren Kunden ein noch besseres Erlebnis mit neuen Funktionen und verbessertem Support zu bieten. Erfahre mehr \u00fcber die \u00dcbernahme [&hellip;]","protected":false},"author":1,"featured_media":0,"parent":11664,"menu_order":0,"comment_status":"closed","ping_status":"closed","template":"template-fullwidth.php","meta":{"footnotes":""},"yoast_head":"<!-- This site is optimized with the Yoast SEO plugin v22.8 - https:\/\/yoast.com\/wordpress\/plugins\/seo\/ -->\n<title>Namenliste &#187; foolography<\/title>\n<meta name=\"robots\" content=\"index, follow, max-snippet:-1, max-image-preview:large, max-video-preview:-1\" \/>\n<link rel=\"canonical\" href=\"https:\/\/www.foolography.com\/products\/entagged\/name-list\/\" \/>\n<meta property=\"og:locale\" content=\"de_DE\" \/>\n<meta property=\"og:type\" content=\"article\" \/>\n<meta property=\"og:title\" content=\"Namenliste &#187; foolography\" \/>\n<meta property=\"og:description\" content=\"\u00a0 Wir freuen uns sehr, bekanntzugeben, dass das Entagged von Fotograf.de, der f\u00fchrenden End-to-End-Workflow- und E-Commerce-L\u00f6sung f\u00fcr Fotografen, \u00fcbernommen wurde. Mit dieser \u00dcbernahme beginnt ein spannendes neues Kapitel f\u00fcr uns, da wir unsere Kr\u00e4fte b\u00fcndeln, um unseren Kunden ein noch besseres Erlebnis mit neuen Funktionen und verbessertem Support zu bieten. Erfahre mehr \u00fcber die \u00dcbernahme [&hellip;]\" \/>\n<meta property=\"og:url\" content=\"https:\/\/www.foolography.com\/products\/entagged\/name-list\/\" \/>\n<meta property=\"og:site_name\" content=\"foolography\" \/>\n<meta property=\"article:publisher\" content=\"https:\/\/facebook.com\/foolography\" \/>\n<meta property=\"article:modified_time\" content=\"2024-12-18T14:44:09+00:00\" \/>\n<meta name=\"twitter:card\" content=\"summary_large_image\" \/>\n<meta name=\"twitter:site\" content=\"@foolography\" \/>\n<meta name=\"twitter:label1\" content=\"Est. reading time\" \/>\n\t<meta name=\"twitter:data1\" content=\"3 Minuten\" \/>\n<!-- \/ Yoast SEO plugin. -->","yoast_head_json":{"title":"Namenliste &#187; foolography","robots":{"index":"index","follow":"follow","max-snippet":"max-snippet:-1","max-image-preview":"max-image-preview:large","max-video-preview":"max-video-preview:-1"},"canonical":"https:\/\/www.foolography.com\/products\/entagged\/name-list\/","og_locale":"de_DE","og_type":"article","og_title":"Namenliste &#187; foolography","og_description":"\u00a0 Wir freuen uns sehr, bekanntzugeben, dass das Entagged von Fotograf.de, der f\u00fchrenden End-to-End-Workflow- und E-Commerce-L\u00f6sung f\u00fcr Fotografen, \u00fcbernommen wurde. Mit dieser \u00dcbernahme beginnt ein spannendes neues Kapitel f\u00fcr uns, da wir unsere Kr\u00e4fte b\u00fcndeln, um unseren Kunden ein noch besseres Erlebnis mit neuen Funktionen und verbessertem Support zu bieten. Erfahre mehr \u00fcber die \u00dcbernahme [&hellip;]","og_url":"https:\/\/www.foolography.com\/products\/entagged\/name-list\/","og_site_name":"foolography","article_publisher":"https:\/\/facebook.com\/foolography","article_modified_time":"2024-12-18T14:44:09+00:00","twitter_card":"summary_large_image","twitter_site":"@foolography","twitter_misc":{"Est. reading time":"3 Minuten"},"schema":{"@context":"https:\/\/schema.org","@graph":[{"@type":"WebPage","@id":"https:\/\/www.foolography.com\/products\/entagged\/name-list\/","url":"https:\/\/www.foolography.com\/products\/entagged\/name-list\/","name":"Namenliste &#187; foolography","isPartOf":{"@id":"https:\/\/www.foolography.com\/#website"},"datePublished":"2024-04-30T23:46:17+00:00","dateModified":"2024-12-18T14:44:09+00:00","breadcrumb":{"@id":"https:\/\/www.foolography.com\/products\/entagged\/name-list\/#breadcrumb"},"inLanguage":"de-DE","potentialAction":[{"@type":"ReadAction","target":["https:\/\/www.foolography.com\/products\/entagged\/name-list\/"]}]},{"@type":"BreadcrumbList","@id":"https:\/\/www.foolography.com\/products\/entagged\/name-list\/#breadcrumb","itemListElement":[{"@type":"ListItem","position":1,"name":"Home","item":"https:\/\/www.foolography.com\/de\/"},{"@type":"ListItem","position":2,"name":"Produkte","item":"https:\/\/www.foolography.com\/de\/produkte\/"},{"@type":"ListItem","position":3,"name":"ENTAGGED","item":"https:\/\/www.foolography.com\/products\/entagged\/"},{"@type":"ListItem","position":4,"name":"Namenliste"}]},{"@type":"WebSite","@id":"https:\/\/www.foolography.com\/#website","url":"https:\/\/www.foolography.com\/","name":"foolography","description":"Smartes Kamerazubeh\u00f6r","publisher":{"@id":"https:\/\/www.foolography.com\/#organization"},"potentialAction":[{"@type":"SearchAction","target":{"@type":"EntryPoint","urlTemplate":"https:\/\/www.foolography.com\/?s={search_term_string}"},"query-input":"required name=search_term_string"}],"inLanguage":"de-DE"},{"@type":"Organization","@id":"https:\/\/www.foolography.com\/#organization","name":"Foolography","url":"https:\/\/www.foolography.com\/","logo":{"@type":"ImageObject","inLanguage":"de-DE","@id":"https:\/\/www.foolography.com\/#\/schema\/logo\/image\/","url":"https:\/\/www.foolography.com\/wp-content\/uploads\/favicon.png","contentUrl":"https:\/\/www.foolography.com\/wp-content\/uploads\/favicon.png","width":513,"height":512,"caption":"Foolography"},"image":{"@id":"https:\/\/www.foolography.com\/#\/schema\/logo\/image\/"},"sameAs":["https:\/\/facebook.com\/foolography","https:\/\/x.com\/foolography","https:\/\/www.instagram.com\/foolography\/","https:\/\/www.youtube.com\/user\/foolography"]}]}},"_links":{"self":[{"href":"https:\/\/www.foolography.com\/de\/wp-json\/wp\/v2\/pages\/60662"}],"collection":[{"href":"https:\/\/www.foolography.com\/de\/wp-json\/wp\/v2\/pages"}],"about":[{"href":"https:\/\/www.foolography.com\/de\/wp-json\/wp\/v2\/types\/page"}],"author":[{"embeddable":true,"href":"https:\/\/www.foolography.com\/de\/wp-json\/wp\/v2\/users\/1"}],"replies":[{"embeddable":true,"href":"https:\/\/www.foolography.com\/de\/wp-json\/wp\/v2\/comments?post=60662"}],"version-history":[{"count":7,"href":"https:\/\/www.foolography.com\/de\/wp-json\/wp\/v2\/pages\/60662\/revisions"}],"predecessor-version":[{"id":71560,"href":"https:\/\/www.foolography.com\/de\/wp-json\/wp\/v2\/pages\/60662\/revisions\/71560"}],"up":[{"embeddable":true,"href":"https:\/\/www.foolography.com\/de\/wp-json\/wp\/v2\/pages\/11664"}],"wp:attachment":[{"href":"https:\/\/www.foolography.com\/de\/wp-json\/wp\/v2\/media?parent=60662"}],"curies":[{"name":"wp","href":"https:\/\/api.w.org\/{rel}","templated":true}]}}