{"id":31782,"date":"2022-06-29T14:11:14","date_gmt":"2022-06-29T12:11:15","guid":{"rendered":"https:\/\/www.foolography.com\/?post_type=product&#038;p=31782"},"modified":"2025-11-05T10:03:35","modified_gmt":"2025-11-05T09:03:35","slug":"unleashed-22","status":"publish","type":"product","link":"https:\/\/www.foolography.com\/de\/shop\/produkt\/unleashed-22\/","title":{"rendered":"UNLEASHED &#8217;22"},"content":{"rendered":"<p>Das Unleashed gibt dir die volle Kontrolle \u00fcber deine Kamera, direkt von deinem Handy aus und verleiht ihr zahlreiche neue Funktionen \u2013 ganz einfach \u00fcber unsere intuitive App f\u00fcr iOS und Android.<\/p>\r\n\r\n<h3>Funktionen:<\/h3>\r\n<ul>\r\n \t<li>Fernausl\u00f6ser f\u00fcr Stativaufnahmen und Familienfotos<\/li>\r\n \t<li>Einstellungen per App \u00e4ndern, ohne die Kamera zu ber\u00fchren<\/li>\r\n \t<li>Direktes kamerainternes Geotagging (Belichtungsnachreglung)<\/li>\r\n \t<li>Videoaufnahmen aus der Ferne starten und stoppen<\/li>\r\n \t<li>Langzeitbelichtungen bis zu 4,6 Stunden<\/li>\r\n \t<li>Zeitraffer leicht gemacht, sogar fortgeschrittene &#8222;Holy Grail&#8220; Tag-zu-Nacht-\u00dcberg\u00e4nge<\/li>\r\n        <li>HDR- und Fokus-Bracketing<\/li>\r\n \t<li>Steuere 6 Kameras gleichzeitig<\/li>\r\n \t<li>Bildvorschau: kleine Bildvorschau in der App, nach dem Ausl\u00f6sen<\/li>\r\n \t<li>Galerie mit hochaufl\u00f6senden Fotos<\/li>\r\n \t<li>Foto-Sharing, direkt aus unserer App<\/li>\r\n\r\n\r\n<\/ul>\r\n\r\n<h3>Eigenschaften:<\/h3>\r\n<ul>\r\n \t<li>Extrem klein, unauff\u00e4llig flach und ultraleicht &#8211; kann immer an deiner Kamera bleiben.<\/li>\r\n \t<li>Verbindet sich\/koppelt in unter 10 Sekunden &#8211; verbindet sich sofort wieder, wenn du deine Kamera einschaltest oder die App \u00f6ffnest.<\/li>\r\n \t<li>Keine Batterie, kein Laden &#8211; immer einsatzbereit.<\/li>\r\n \t<li>Schnelle, zuverl\u00e4ssige Bluetooth Low Energy Verbindung mit bis zu 40m Reichweite (getestet mit iPhone 6s &#038; Unleashed N1 ohne Hindernisse)<\/li>\r\n \t<li>Kostenlose, intuitive und einfach zu bedienende App &#8211; klar und \u00fcbersichtlich, ohne Abstriche bei den Funktionen.<\/li>\r\n \t<li>Made in Germany<\/li>\r\n<\/ul>\r\n\r\n<h3>Spezifikationen:<\/h3>\r\n<ul>\r\n \t<li>Gr\u00f6\u00dfe &#038; Gewicht: <ul>\r\n\t  <li>N1\/N2: 13.7 x 16 x 5.2mm, 2g<\/li><\/ul><\/li>\r\n \t<li>Bluetooth Version: 4.2 (Low Energy) <\/li>\r\n \t<li>Belegte Buchsen: <ul>\r\n \t\t<li>M magnetischer USB-Stecker: <ul>\r\n \t\t\t<li>USB-C<\/li>\r\n \t\t\t<li>Micro-USB (passt auch in Micro USB 3.0 Anschl\u00fcsse)<\/li>\r\n \t\t\t<li>Mini-USB<\/li>\r\n \t\t<\/ul><\/li>\r\n \t\t<li>M Cable: <ul>\r\n \t\t\t<li>HDMI-A<\/li>\r\n \t\t\t<li>HDMI-C<\/li>\r\n \t\t\t<li>HDMI-D<\/li>\r\n \t\t<li>N1: Runder 10-pin Zubeh\u00f6ranschluss <\/li>\r\n \t\t<li>N2: Rechteckiger 10-pin Zubeh\u00f6ranschluss<\/li>\r\n\t\t<li>N1\/N2 Kabel: <ul>\r\n \t\t\t<li>Mini-USB<\/li>\r\n \t\t\t<li>Mikro-USB (passt auchin Micro USB 3.0 Anschl\u00fcsse)<\/li>\r\n \t\t\t<li>8P USB<\/li>\r\n \t\t\t<li>USB-C<\/li>\r\n \t\t<\/li>\r\n \t<\/ul><\/li>\r\n\r\n \t<li>Betriebstemperatur: -40\u00b0C to 85\u00b0C<\/li>\r\n \t<li>Luftfeuchtigkeit: 90% (nicht kondensierend)<\/li>\r\n \t<li>Contains FCC ID: 2AAQS-ISP1507<\/li>\r\n \t<li>Contains IC ID: 11306A-ISP1507<\/li>\r\n<\/ul>\r\n\r\n\r\n<p>\r\n<br>WELTWEITER VERSAND von Berlin! Alle Versandinformationen <a href=\"https:\/\/www.foolography.com\/de\/versand-ruecksendung-rueckerstattung\/\" rel=\"noopener\" target=\"_blank\">hier<\/a>.<p\/>","protected":false},"excerpt":{"rendered":"<p>Das Unleashed gibt dir die volle Kontrolle \u00fcber deine Kamera, direkt von deinem Handy aus und verleiht ihr zahlreiche neue Funktionen. Zeitraffer, Langzeitbelichtungen, Geotagging in der Kamera und vieles mehr \u2013 ganz einfach \u00fcber unsere intuitive App.<\/p>\r\n\r\n<p class=\"ie-display\">Such dir deine Modellvariante unten aus &#8211; hier ist die die komplette <a target=\"_blank\" href=\"\/de\/produkte\/unleashed\/kompatibilitaet\/\" rel=\"noopener noreferrer\">Kompatibilit\u00e4tsliste<\/a>.<\/p>\r\n\r\n<p><small style=\"font-weight: 500\">W\u00e4hle dein Kameramodell um das passende Unleashed inkl. Kabel und Stecker zu bekommen. Zus\u00e4tzliche Kabel k\u00f6nnen <a style=\"font-weight: 500;\" target=\"_blank\" href=\"\/de\/shop\/produkt\/usb-hdmi-kabel\/\" rel=\"noopener noreferrer\">hier<\/a> bestellt werden. Zus\u00e4tzliche magnetische USB-Stecker f\u00fcr das Unleashed M k\u00f6nnen <a target=\"_blank\" href=\"\/de\/shop\/produkt\/magnet-usb-stecker\/\" rel=\"noopener noreferrer\">hier<\/a> bestellt werden.<\/small><\/p>\r\n","protected":false},"featured_media":37324,"comment_status":"open","ping_status":"closed","template":"","meta":[],"product_cat":[678],"product_tag":[],"yoast_head":"<!-- This site is optimized with the Yoast SEO plugin v22.8 - https:\/\/yoast.com\/wordpress\/plugins\/seo\/ -->\n<title>UNLEASHED &#039;22 &#187; foolography<\/title>\n<meta name=\"description\" content=\"Das Unleashed gibt dir volle Kontrolle \u00fcber deine DSLR - vom Smartphone aus!\" \/>\n<meta name=\"robots\" content=\"index, follow, max-snippet:-1, max-image-preview:large, max-video-preview:-1\" \/>\n<link rel=\"canonical\" href=\"https:\/\/www.foolography.com\/de\/shop\/produkt\/unleashed-22\/\" \/>\n<meta property=\"og:locale\" content=\"de_DE\" \/>\n<meta property=\"og:type\" content=\"article\" \/>\n<meta property=\"og:title\" content=\"UNLEASHED &#039;22 &#187; foolography\" \/>\n<meta property=\"og:description\" content=\"Das Unleashed gibt dir volle Kontrolle \u00fcber deine DSLR - vom Smartphone aus!\" \/>\n<meta property=\"og:url\" content=\"https:\/\/www.foolography.com\/de\/shop\/produkt\/unleashed-22\/\" \/>\n<meta property=\"og:site_name\" content=\"foolography\" \/>\n<meta property=\"article:publisher\" content=\"https:\/\/facebook.com\/foolography\" \/>\n<meta property=\"article:modified_time\" content=\"2025-11-05T09:03:35+00:00\" \/>\n<meta property=\"og:image\" content=\"https:\/\/www.foolography.com\/wp-content\/uploads\/unleashed-M-rotation-67_5.jpg\" \/>\n\t<meta property=\"og:image:width\" content=\"1600\" \/>\n\t<meta property=\"og:image:height\" content=\"1600\" \/>\n\t<meta property=\"og:image:type\" content=\"image\/jpeg\" \/>\n<meta name=\"twitter:card\" content=\"summary_large_image\" \/>\n<meta name=\"twitter:site\" content=\"@foolography\" \/>\n<meta name=\"twitter:label1\" content=\"Est. reading time\" \/>\n\t<meta name=\"twitter:data1\" content=\"2 Minuten\" \/>\n<!-- \/ Yoast SEO plugin. -->","yoast_head_json":{"title":"UNLEASHED '22 &#187; foolography","description":"Das Unleashed gibt dir volle Kontrolle \u00fcber deine DSLR - vom Smartphone aus!","robots":{"index":"index","follow":"follow","max-snippet":"max-snippet:-1","max-image-preview":"max-image-preview:large","max-video-preview":"max-video-preview:-1"},"canonical":"https:\/\/www.foolography.com\/de\/shop\/produkt\/unleashed-22\/","og_locale":"de_DE","og_type":"article","og_title":"UNLEASHED '22 &#187; foolography","og_description":"Das Unleashed gibt dir volle Kontrolle \u00fcber deine DSLR - vom Smartphone aus!","og_url":"https:\/\/www.foolography.com\/de\/shop\/produkt\/unleashed-22\/","og_site_name":"foolography","article_publisher":"https:\/\/facebook.com\/foolography","article_modified_time":"2025-11-05T09:03:35+00:00","og_image":[{"width":1600,"height":1600,"url":"https:\/\/www.foolography.com\/wp-content\/uploads\/unleashed-M-rotation-67_5.jpg","type":"image\/jpeg"}],"twitter_card":"summary_large_image","twitter_site":"@foolography","twitter_misc":{"Est. reading time":"2 Minuten"},"schema":{"@context":"https:\/\/schema.org","@graph":[{"@type":"WebPage","@id":"https:\/\/www.foolography.com\/de\/shop\/produkt\/unleashed-22\/","url":"https:\/\/www.foolography.com\/de\/shop\/produkt\/unleashed-22\/","name":"UNLEASHED '22 &#187; foolography","isPartOf":{"@id":"https:\/\/www.foolography.com\/#website"},"primaryImageOfPage":{"@id":"https:\/\/www.foolography.com\/de\/shop\/produkt\/unleashed-22\/#primaryimage"},"image":{"@id":"https:\/\/www.foolography.com\/de\/shop\/produkt\/unleashed-22\/#primaryimage"},"thumbnailUrl":"https:\/\/www.foolography.com\/wp-content\/uploads\/unleashed-M-rotation-67_5.jpg","datePublished":"2022-06-29T12:11:15+00:00","dateModified":"2025-11-05T09:03:35+00:00","description":"Das Unleashed gibt dir volle Kontrolle \u00fcber deine DSLR - vom Smartphone aus!","breadcrumb":{"@id":"https:\/\/www.foolography.com\/de\/shop\/produkt\/unleashed-22\/#breadcrumb"},"inLanguage":"de-DE","potentialAction":[{"@type":"ReadAction","target":["https:\/\/www.foolography.com\/de\/shop\/produkt\/unleashed-22\/"]}]},{"@type":"ImageObject","inLanguage":"de-DE","@id":"https:\/\/www.foolography.com\/de\/shop\/produkt\/unleashed-22\/#primaryimage","url":"https:\/\/www.foolography.com\/wp-content\/uploads\/unleashed-M-rotation-67_5.jpg","contentUrl":"https:\/\/www.foolography.com\/wp-content\/uploads\/unleashed-M-rotation-67_5.jpg","width":1600,"height":1600},{"@type":"BreadcrumbList","@id":"https:\/\/www.foolography.com\/de\/shop\/produkt\/unleashed-22\/#breadcrumb","itemListElement":[{"@type":"ListItem","position":1,"name":"Home","item":"https:\/\/www.foolography.com\/de\/"},{"@type":"ListItem","position":2,"name":"Shop","item":"https:\/\/www.foolography.com\/de\/shop\/"},{"@type":"ListItem","position":3,"name":"UNLEASHED &#8217;22"}]},{"@type":"WebSite","@id":"https:\/\/www.foolography.com\/#website","url":"https:\/\/www.foolography.com\/","name":"foolography","description":"Smartes Kamerazubeh\u00f6r","publisher":{"@id":"https:\/\/www.foolography.com\/#organization"},"potentialAction":[{"@type":"SearchAction","target":{"@type":"EntryPoint","urlTemplate":"https:\/\/www.foolography.com\/?s={search_term_string}"},"query-input":"required name=search_term_string"}],"inLanguage":"de-DE"},{"@type":"Organization","@id":"https:\/\/www.foolography.com\/#organization","name":"Foolography","url":"https:\/\/www.foolography.com\/","logo":{"@type":"ImageObject","inLanguage":"de-DE","@id":"https:\/\/www.foolography.com\/#\/schema\/logo\/image\/","url":"https:\/\/www.foolography.com\/wp-content\/uploads\/favicon.png","contentUrl":"https:\/\/www.foolography.com\/wp-content\/uploads\/favicon.png","width":513,"height":512,"caption":"Foolography"},"image":{"@id":"https:\/\/www.foolography.com\/#\/schema\/logo\/image\/"},"sameAs":["https:\/\/facebook.com\/foolography","https:\/\/x.com\/foolography","https:\/\/www.instagram.com\/foolography\/","https:\/\/www.youtube.com\/user\/foolography"]}]}},"_links":{"self":[{"href":"https:\/\/www.foolography.com\/de\/wp-json\/wp\/v2\/product\/31782"}],"collection":[{"href":"https:\/\/www.foolography.com\/de\/wp-json\/wp\/v2\/product"}],"about":[{"href":"https:\/\/www.foolography.com\/de\/wp-json\/wp\/v2\/types\/product"}],"replies":[{"embeddable":true,"href":"https:\/\/www.foolography.com\/de\/wp-json\/wp\/v2\/comments?post=31782"}],"wp:featuredmedia":[{"embeddable":true,"href":"https:\/\/www.foolography.com\/de\/wp-json\/wp\/v2\/media\/37324"}],"wp:attachment":[{"href":"https:\/\/www.foolography.com\/de\/wp-json\/wp\/v2\/media?parent=31782"}],"wp:term":[{"taxonomy":"product_cat","embeddable":true,"href":"https:\/\/www.foolography.com\/de\/wp-json\/wp\/v2\/product_cat?post=31782"},{"taxonomy":"product_tag","embeddable":true,"href":"https:\/\/www.foolography.com\/de\/wp-json\/wp\/v2\/product_tag?post=31782"}],"curies":[{"name":"wp","href":"https:\/\/api.w.org\/{rel}","templated":true}]}}