{"id":34703,"date":"2023-03-21T11:37:15","date_gmt":"2023-03-21T10:37:17","guid":{"rendered":"https:\/\/www.foolography.com\/?post_type=product&#038;p=34703"},"modified":"2024-08-23T15:35:37","modified_gmt":"2024-08-23T13:35:37","slug":"magnet-usb-stecker","status":"publish","type":"product","link":"https:\/\/www.foolography.com\/de\/shop\/produkt\/magnet-usb-stecker\/","title":{"rendered":"Unleashed Magnetischer USB Stecker"},"content":{"rendered":"<p>Jedes Unleashed\/Entagged wird mit dem passenden Stecker f\u00fcr dein gew\u00e4hltes Kameramodell geliefert. Nutze dein Unleashed M oder Entagged M an mehreren Kameras, indem du die entsprechenden magnetischen Stecker und\/oder <a href=\"\/shop\/produkt\/usb-hdmi-kabel\/\" rel=\"noopener\" target=\"_blank\">HDMI-Kabel<\/a> mit Hilfe des Kamera-Selektors zu deiner Bestellung hinzuf\u00fcgst.<\/p>\r\n\r\n<p>Der Magnetstecker bietet viele Vorteile:<\/p>\r\n<ul>\r\n<li><strong>Mehr Vielseitigkeit<\/strong>: ein Unleashed kann an mehreren, verschiedenen Kameras verwendet werden. Wenn diese unterschiedliche USB-Anschl\u00fcsse haben, brauchst du nur mehrere magnetische Stecker, nicht unbedingt verschiedene Unleasheds.<\/li>\r\n<li><strong>Zukunftssicher<\/strong>: Wenn du zu einer neueren Kamera wechselst, kannst du einfach einen neuen Stecker und\/oder ein neues Kabel bestellen.<\/li>\r\n<li><strong>Sch\u00fctzt den USB-Anschluss deiner Kamera<\/strong>: Sollte deine Kamera herunterfallen oder gegen eine Wand oder einen Tisch sto\u00dfen, l\u00f6st sich das Unleashed einfach ab, w\u00e4hrend der magnetische Stecker in der Kamera bleibt. Keine Sorge, du wirst das Unleashed dann nicht verlieren, denn es bleibt mit dem Kabel verbunden, das in den HDMI Anschluss eingesteckt wird.\r\n<\/li>\r\n<li><strong>Verbesserte Langlebigkeit des Unleasheds\/Entagged<\/strong>: Genau wie der Anschluss Ihrer Kamera, ist auch der Stecker des Unleashed vor Verbiegen oder gar Abbrechen gesch\u00fctzt. Jede Kraft, die stark oder anhaltend genug f\u00fcr so etwas w\u00e4re, w\u00fcrde den Magneten einfach abl\u00f6sen.<\/li>\r\n<\/ul>\r\n<p>Wichtig f\u00fcr Nikon Nutzer: Die meisten Nikon Kameras nutzen entweder das Unleashed N1 oder N2, die <strong>nicht<\/strong> mit magnetischen USB-Steckern funktionieren. Au\u00dfnahmen sind die Z30, Z50, Z fc, D340 and D3500 \u2013 diese nutzen das Unleashed\/Entagged M. <\/p>\r\n<p>Achtung: Verwende keine Magnetstecker, die nicht von Foolography stammen! Diese k\u00f6nnen deine Kamera besch\u00e4digen, auch wenn sie genau so aussehen wie unsere. Es gibt keinen Standard, und die verschiedenen Hersteller verwenden unterschiedliche Pinbelegungen, die den USB-Anschluss Ihrer Kamera elektrisch besch\u00e4digen k\u00f6nnen.<\/p>","protected":false},"excerpt":{"rendered":"<p>Magnetischer USB-Stecker \u2013 als Ersatz oder zur Nutzung deines <a href=\"https:\/\/www.foolography.com\/shop\/product\/unleashed-22\/\" rel=\"noopener\" target=\"_blank\">Unleasheds<\/a> oder <a href=\"https:\/\/www.foolography.com\/shop\/product\/usb-hdmi-cable\/\" rel=\"noopener\" target=\"_blank\">Entaggeds<\/a> mit verschiedenen Kameras. <\/p>\r\n","protected":false},"featured_media":37641,"comment_status":"closed","ping_status":"closed","template":"","meta":[],"product_cat":[681,682,678,684],"product_tag":[],"yoast_head":"<!-- This site is optimized with the Yoast SEO plugin v22.8 - https:\/\/yoast.com\/wordpress\/plugins\/seo\/ -->\n<title>Unleashed Magnetischer USB Stecker &#187; foolography<\/title>\n<meta name=\"robots\" content=\"index, follow, max-snippet:-1, max-image-preview:large, max-video-preview:-1\" \/>\n<link rel=\"canonical\" href=\"https:\/\/www.foolography.com\/de\/shop\/produkt\/magnet-usb-stecker\/\" \/>\n<meta property=\"og:locale\" content=\"de_DE\" \/>\n<meta property=\"og:type\" content=\"article\" \/>\n<meta property=\"og:title\" content=\"Unleashed Magnetischer USB Stecker &#187; foolography\" \/>\n<meta property=\"og:description\" content=\"Magnetischer USB-Stecker \u2013 als Ersatz oder zur Nutzung deines Unleasheds oder Entaggeds mit verschiedenen Kameras.\" \/>\n<meta property=\"og:url\" content=\"https:\/\/www.foolography.com\/de\/shop\/produkt\/magnet-usb-stecker\/\" \/>\n<meta property=\"og:site_name\" content=\"foolography\" \/>\n<meta property=\"article:publisher\" content=\"https:\/\/facebook.com\/foolography\" \/>\n<meta property=\"article:modified_time\" content=\"2024-08-23T13:35:37+00:00\" \/>\n<meta property=\"og:image\" content=\"https:\/\/www.foolography.com\/wp-content\/uploads\/Mag_USB_C_34.jpg\" \/>\n\t<meta property=\"og:image:width\" content=\"1600\" \/>\n\t<meta property=\"og:image:height\" content=\"1600\" \/>\n\t<meta property=\"og:image:type\" content=\"image\/jpeg\" \/>\n<meta name=\"twitter:card\" content=\"summary_large_image\" \/>\n<meta name=\"twitter:site\" content=\"@foolography\" \/>\n<meta name=\"twitter:label1\" content=\"Est. reading time\" \/>\n\t<meta name=\"twitter:data1\" content=\"2 Minuten\" \/>\n<!-- \/ Yoast SEO plugin. -->","yoast_head_json":{"title":"Unleashed Magnetischer USB Stecker &#187; foolography","robots":{"index":"index","follow":"follow","max-snippet":"max-snippet:-1","max-image-preview":"max-image-preview:large","max-video-preview":"max-video-preview:-1"},"canonical":"https:\/\/www.foolography.com\/de\/shop\/produkt\/magnet-usb-stecker\/","og_locale":"de_DE","og_type":"article","og_title":"Unleashed Magnetischer USB Stecker &#187; foolography","og_description":"Magnetischer USB-Stecker \u2013 als Ersatz oder zur Nutzung deines Unleasheds oder Entaggeds mit verschiedenen Kameras.","og_url":"https:\/\/www.foolography.com\/de\/shop\/produkt\/magnet-usb-stecker\/","og_site_name":"foolography","article_publisher":"https:\/\/facebook.com\/foolography","article_modified_time":"2024-08-23T13:35:37+00:00","og_image":[{"width":1600,"height":1600,"url":"https:\/\/www.foolography.com\/wp-content\/uploads\/Mag_USB_C_34.jpg","type":"image\/jpeg"}],"twitter_card":"summary_large_image","twitter_site":"@foolography","twitter_misc":{"Est. reading time":"2 Minuten"},"schema":{"@context":"https:\/\/schema.org","@graph":[{"@type":"WebPage","@id":"https:\/\/www.foolography.com\/de\/shop\/produkt\/magnet-usb-stecker\/","url":"https:\/\/www.foolography.com\/de\/shop\/produkt\/magnet-usb-stecker\/","name":"Unleashed Magnetischer USB Stecker &#187; foolography","isPartOf":{"@id":"https:\/\/www.foolography.com\/#website"},"primaryImageOfPage":{"@id":"https:\/\/www.foolography.com\/de\/shop\/produkt\/magnet-usb-stecker\/#primaryimage"},"image":{"@id":"https:\/\/www.foolography.com\/de\/shop\/produkt\/magnet-usb-stecker\/#primaryimage"},"thumbnailUrl":"https:\/\/www.foolography.com\/wp-content\/uploads\/Mag_USB_C_34.jpg","datePublished":"2023-03-21T10:37:17+00:00","dateModified":"2024-08-23T13:35:37+00:00","breadcrumb":{"@id":"https:\/\/www.foolography.com\/de\/shop\/produkt\/magnet-usb-stecker\/#breadcrumb"},"inLanguage":"de-DE","potentialAction":[{"@type":"ReadAction","target":["https:\/\/www.foolography.com\/de\/shop\/produkt\/magnet-usb-stecker\/"]}]},{"@type":"ImageObject","inLanguage":"de-DE","@id":"https:\/\/www.foolography.com\/de\/shop\/produkt\/magnet-usb-stecker\/#primaryimage","url":"https:\/\/www.foolography.com\/wp-content\/uploads\/Mag_USB_C_34.jpg","contentUrl":"https:\/\/www.foolography.com\/wp-content\/uploads\/Mag_USB_C_34.jpg","width":1600,"height":1600},{"@type":"BreadcrumbList","@id":"https:\/\/www.foolography.com\/de\/shop\/produkt\/magnet-usb-stecker\/#breadcrumb","itemListElement":[{"@type":"ListItem","position":1,"name":"Home","item":"https:\/\/www.foolography.com\/de\/"},{"@type":"ListItem","position":2,"name":"Shop","item":"https:\/\/www.foolography.com\/de\/shop\/"},{"@type":"ListItem","position":3,"name":"Unleashed Magnetischer USB Stecker"}]},{"@type":"WebSite","@id":"https:\/\/www.foolography.com\/#website","url":"https:\/\/www.foolography.com\/","name":"foolography","description":"Smartes Kamerazubeh\u00f6r","publisher":{"@id":"https:\/\/www.foolography.com\/#organization"},"potentialAction":[{"@type":"SearchAction","target":{"@type":"EntryPoint","urlTemplate":"https:\/\/www.foolography.com\/?s={search_term_string}"},"query-input":"required name=search_term_string"}],"inLanguage":"de-DE"},{"@type":"Organization","@id":"https:\/\/www.foolography.com\/#organization","name":"Foolography","url":"https:\/\/www.foolography.com\/","logo":{"@type":"ImageObject","inLanguage":"de-DE","@id":"https:\/\/www.foolography.com\/#\/schema\/logo\/image\/","url":"https:\/\/www.foolography.com\/wp-content\/uploads\/favicon.png","contentUrl":"https:\/\/www.foolography.com\/wp-content\/uploads\/favicon.png","width":513,"height":512,"caption":"Foolography"},"image":{"@id":"https:\/\/www.foolography.com\/#\/schema\/logo\/image\/"},"sameAs":["https:\/\/facebook.com\/foolography","https:\/\/x.com\/foolography","https:\/\/www.instagram.com\/foolography\/","https:\/\/www.youtube.com\/user\/foolography"]}]}},"_links":{"self":[{"href":"https:\/\/www.foolography.com\/de\/wp-json\/wp\/v2\/product\/34703"}],"collection":[{"href":"https:\/\/www.foolography.com\/de\/wp-json\/wp\/v2\/product"}],"about":[{"href":"https:\/\/www.foolography.com\/de\/wp-json\/wp\/v2\/types\/product"}],"replies":[{"embeddable":true,"href":"https:\/\/www.foolography.com\/de\/wp-json\/wp\/v2\/comments?post=34703"}],"wp:featuredmedia":[{"embeddable":true,"href":"https:\/\/www.foolography.com\/de\/wp-json\/wp\/v2\/media\/37641"}],"wp:attachment":[{"href":"https:\/\/www.foolography.com\/de\/wp-json\/wp\/v2\/media?parent=34703"}],"wp:term":[{"taxonomy":"product_cat","embeddable":true,"href":"https:\/\/www.foolography.com\/de\/wp-json\/wp\/v2\/product_cat?post=34703"},{"taxonomy":"product_tag","embeddable":true,"href":"https:\/\/www.foolography.com\/de\/wp-json\/wp\/v2\/product_tag?post=34703"}],"curies":[{"name":"wp","href":"https:\/\/api.w.org\/{rel}","templated":true}]}}